{"id":7839,"date":"2023-03-06T15:19:52","date_gmt":"2023-03-06T14:19:52","guid":{"rendered":"https:\/\/www.paguswinetours.com\/?post_type=product&#038;p=7839"},"modified":"2024-11-02T14:30:26","modified_gmt":"2024-11-02T13:30:26","slug":"wine-club-cellarius","status":"publish","type":"product","link":"https:\/\/www.paguswinetours.com\/it\/shop\/wine-club-cellarius\/","title":{"rendered":"Wine Club \u201cCellarius\u201d"},"content":{"rendered":"<p>Nel nostro ufficio nel cuore di Verona abbiamo realizzato il primo Wine Club della citt\u00e0, che racchiude le offerte di una precisa selezione di produttori, protagonisti dei principali territori del vino. Eventi di degustazione in compagnia di esperti nella cornice di un\u2019antica sala; bottiglie e annate esclusive da ricevere a casa; incontri con i produttori; un calendario di visite alle cantine storiche, ma anche ai nuovi giovani protagonisti del settore. Pagus Wine Club \u00e8 un luogo dove il vino e i territori si raccontano, interamente dedicato ai wine lovers e a chi vuole avvicinarsi a un mondo pieno di fascino, che affonda le proprie radici nella storia millenaria di Verona.<\/p>\n","protected":false},"excerpt":{"rendered":"<ul>\n<li>Newsletter dedicata.<\/li>\n<li>Prezzo esclusivo per i soci del Wine Club per serate\/eventi.<\/li>\n<li>Due spedizioni direttamente a casa di una selezione di 6 bottiglie ciascuna (totale 12 bottiglie) dei vini bianchi e rossi pi\u00f9 rappresentativi delle zone DOC veronesi e venete e altri prodotti locali (olio, caff\u00e8, confetture). La prima spedizione avverr\u00e0 contestulamente alla sottoscrizione al Wine Club, la seconda nel mese di settembre.<\/li>\n<li>Codice sconto del 10% su un tour di gruppo a scelta tra quelli proposti da Pagus Wine Tours\u00ae.<\/li>\n<li>Prezzo esclusivo per i soci del Wine Club per i vini e i prodotti dello Shop on line e del negozio di Corso Castelvecchio a Verona.<\/li>\n<\/ul>\n","protected":false},"featured_media":7703,"template":"","meta":{"_acf_changed":false},"product_brand":[],"product_cat":[103],"product_tag":[],"class_list":{"0":"post-7839","1":"product","2":"type-product","3":"status-publish","4":"has-post-thumbnail","6":"product_cat-pagus-wine-club-it","8":"first","9":"instock","10":"virtual","11":"sold-individually","12":"taxable","13":"purchasable","14":"product-type-simple"},"acf":[],"yoast_head":"<!-- This site is optimized with the Yoast SEO plugin v26.7 - https:\/\/yoast.com\/wordpress\/plugins\/seo\/ -->\n<title>Wine Club \u201cCellarius\u201d - Pagus Wine Tours<\/title>\n<meta name=\"description\" content=\"Pagus Wine Club \u00e8 uno spazio dove il vino e i territori si raccontano, dedicato agli amanti del vino e a chi vuole avvicinarsi a un mondo ricco di fascino.\" \/>\n<meta name=\"robots\" content=\"index, follow, max-snippet:-1, max-image-preview:large, max-video-preview:-1\" \/>\n<link rel=\"canonical\" href=\"https:\/\/www.paguswinetours.com\/it\/shop\/wine-club-cellarius\/\" \/>\n<meta property=\"og:locale\" content=\"it_IT\" \/>\n<meta property=\"og:type\" content=\"article\" \/>\n<meta property=\"og:title\" content=\"Wine Club \u201cCellarius\u201d\" \/>\n<meta property=\"og:description\" content=\"Pagus Wine Club \u00e8 uno spazio dove il vino e i territori si raccontano, dedicato agli amanti del vino e a chi vuole avvicinarsi a un mondo ricco di fascino.\" \/>\n<meta property=\"og:url\" content=\"https:\/\/www.paguswinetours.com\/it\/shop\/wine-club-cellarius\/\" \/>\n<meta property=\"og:site_name\" content=\"Pagus Wine Tours\" \/>\n<meta property=\"article:publisher\" content=\"https:\/\/www.facebook.com\/paguswinetours\/\" \/>\n<meta property=\"article:modified_time\" content=\"2024-11-02T13:30:26+00:00\" \/>\n<meta property=\"og:image\" content=\"https:\/\/www.paguswinetours.com\/wp-content\/uploads\/pagus-wine-club-degustazione.jpg\" \/>\n\t<meta property=\"og:image:width\" content=\"1024\" \/>\n\t<meta property=\"og:image:height\" content=\"683\" \/>\n\t<meta property=\"og:image:type\" content=\"image\/jpeg\" \/>\n<meta name=\"twitter:card\" content=\"summary_large_image\" \/>\n<meta name=\"twitter:label1\" content=\"Tempo di lettura stimato\" \/>\n\t<meta name=\"twitter:data1\" content=\"1 minuto\" \/>\n<script type=\"application\/ld+json\" class=\"yoast-schema-graph\">{\"@context\":\"https:\/\/schema.org\",\"@graph\":[{\"@type\":\"WebPage\",\"@id\":\"https:\/\/www.paguswinetours.com\/it\/shop\/wine-club-cellarius\/\",\"url\":\"https:\/\/www.paguswinetours.com\/it\/shop\/wine-club-cellarius\/\",\"name\":\"Wine Club \u201cCellarius\u201d - Pagus Wine Tours\",\"isPartOf\":{\"@id\":\"https:\/\/www.paguswinetours.com\/it\/#website\"},\"primaryImageOfPage\":{\"@id\":\"https:\/\/www.paguswinetours.com\/it\/shop\/wine-club-cellarius\/#primaryimage\"},\"image\":{\"@id\":\"https:\/\/www.paguswinetours.com\/it\/shop\/wine-club-cellarius\/#primaryimage\"},\"thumbnailUrl\":\"https:\/\/www.paguswinetours.com\/wp-content\/uploads\/pagus-wine-club-degustazione.jpg\",\"datePublished\":\"2023-03-06T14:19:52+00:00\",\"dateModified\":\"2024-11-02T13:30:26+00:00\",\"description\":\"Pagus Wine Club \u00e8 uno spazio dove il vino e i territori si raccontano, dedicato agli amanti del vino e a chi vuole avvicinarsi a un mondo ricco di fascino.\",\"breadcrumb\":{\"@id\":\"https:\/\/www.paguswinetours.com\/it\/shop\/wine-club-cellarius\/#breadcrumb\"},\"inLanguage\":\"it-IT\",\"potentialAction\":[{\"@type\":\"ReadAction\",\"target\":[\"https:\/\/www.paguswinetours.com\/it\/shop\/wine-club-cellarius\/\"]}]},{\"@type\":\"ImageObject\",\"inLanguage\":\"it-IT\",\"@id\":\"https:\/\/www.paguswinetours.com\/it\/shop\/wine-club-cellarius\/#primaryimage\",\"url\":\"https:\/\/www.paguswinetours.com\/wp-content\/uploads\/pagus-wine-club-degustazione.jpg\",\"contentUrl\":\"https:\/\/www.paguswinetours.com\/wp-content\/uploads\/pagus-wine-club-degustazione.jpg\",\"width\":1024,\"height\":683,\"caption\":\"Pagus Wine Club\"},{\"@type\":\"BreadcrumbList\",\"@id\":\"https:\/\/www.paguswinetours.com\/it\/shop\/wine-club-cellarius\/#breadcrumb\",\"itemListElement\":[{\"@type\":\"ListItem\",\"position\":1,\"name\":\"Home\",\"item\":\"https:\/\/www.paguswinetours.com\/it\/\"},{\"@type\":\"ListItem\",\"position\":2,\"name\":\"Prodotti\",\"item\":\"https:\/\/www.paguswinetours.com\/it\/shop\/\"},{\"@type\":\"ListItem\",\"position\":3,\"name\":\"Wine Club \u201cCellarius\u201d\"}]},{\"@type\":\"WebSite\",\"@id\":\"https:\/\/www.paguswinetours.com\/it\/#website\",\"url\":\"https:\/\/www.paguswinetours.com\/it\/\",\"name\":\"Pagus Wine Tours\",\"description\":\"\",\"publisher\":{\"@id\":\"https:\/\/www.paguswinetours.com\/it\/#organization\"},\"potentialAction\":[{\"@type\":\"SearchAction\",\"target\":{\"@type\":\"EntryPoint\",\"urlTemplate\":\"https:\/\/www.paguswinetours.com\/it\/?s={search_term_string}\"},\"query-input\":{\"@type\":\"PropertyValueSpecification\",\"valueRequired\":true,\"valueName\":\"search_term_string\"}}],\"inLanguage\":\"it-IT\"},{\"@type\":\"Organization\",\"@id\":\"https:\/\/www.paguswinetours.com\/it\/#organization\",\"name\":\"Pagus Wine Tours\",\"url\":\"https:\/\/www.paguswinetours.com\/it\/\",\"logo\":{\"@type\":\"ImageObject\",\"inLanguage\":\"it-IT\",\"@id\":\"https:\/\/www.paguswinetours.com\/it\/#\/schema\/logo\/image\/\",\"url\":\"https:\/\/www.paguswinetours.com\/wp-content\/uploads\/logo-2-1.png\",\"contentUrl\":\"https:\/\/www.paguswinetours.com\/wp-content\/uploads\/logo-2-1.png\",\"width\":1172,\"height\":364,\"caption\":\"Pagus Wine Tours\"},\"image\":{\"@id\":\"https:\/\/www.paguswinetours.com\/it\/#\/schema\/logo\/image\/\"},\"sameAs\":[\"https:\/\/www.facebook.com\/paguswinetours\/\",\"https:\/\/www.instagram.com\/paguswinetours\/\",\"https:\/\/www.youtube.com\/channel\/UCMuOOU3pfYQT2zysLFm2u8g\"]}]}<\/script>\n<!-- \/ Yoast SEO plugin. -->","yoast_head_json":{"title":"Wine Club \u201cCellarius\u201d - Pagus Wine Tours","description":"Pagus Wine Club \u00e8 uno spazio dove il vino e i territori si raccontano, dedicato agli amanti del vino e a chi vuole avvicinarsi a un mondo ricco di fascino.","robots":{"index":"index","follow":"follow","max-snippet":"max-snippet:-1","max-image-preview":"max-image-preview:large","max-video-preview":"max-video-preview:-1"},"canonical":"https:\/\/www.paguswinetours.com\/it\/shop\/wine-club-cellarius\/","og_locale":"it_IT","og_type":"article","og_title":"Wine Club \u201cCellarius\u201d","og_description":"Pagus Wine Club \u00e8 uno spazio dove il vino e i territori si raccontano, dedicato agli amanti del vino e a chi vuole avvicinarsi a un mondo ricco di fascino.","og_url":"https:\/\/www.paguswinetours.com\/it\/shop\/wine-club-cellarius\/","og_site_name":"Pagus Wine Tours","article_publisher":"https:\/\/www.facebook.com\/paguswinetours\/","article_modified_time":"2024-11-02T13:30:26+00:00","og_image":[{"width":1024,"height":683,"url":"https:\/\/www.paguswinetours.com\/wp-content\/uploads\/pagus-wine-club-degustazione.jpg","type":"image\/jpeg"}],"twitter_card":"summary_large_image","twitter_misc":{"Tempo di lettura stimato":"1 minuto"},"schema":{"@context":"https:\/\/schema.org","@graph":[{"@type":"WebPage","@id":"https:\/\/www.paguswinetours.com\/it\/shop\/wine-club-cellarius\/","url":"https:\/\/www.paguswinetours.com\/it\/shop\/wine-club-cellarius\/","name":"Wine Club \u201cCellarius\u201d - Pagus Wine Tours","isPartOf":{"@id":"https:\/\/www.paguswinetours.com\/it\/#website"},"primaryImageOfPage":{"@id":"https:\/\/www.paguswinetours.com\/it\/shop\/wine-club-cellarius\/#primaryimage"},"image":{"@id":"https:\/\/www.paguswinetours.com\/it\/shop\/wine-club-cellarius\/#primaryimage"},"thumbnailUrl":"https:\/\/www.paguswinetours.com\/wp-content\/uploads\/pagus-wine-club-degustazione.jpg","datePublished":"2023-03-06T14:19:52+00:00","dateModified":"2024-11-02T13:30:26+00:00","description":"Pagus Wine Club \u00e8 uno spazio dove il vino e i territori si raccontano, dedicato agli amanti del vino e a chi vuole avvicinarsi a un mondo ricco di fascino.","breadcrumb":{"@id":"https:\/\/www.paguswinetours.com\/it\/shop\/wine-club-cellarius\/#breadcrumb"},"inLanguage":"it-IT","potentialAction":[{"@type":"ReadAction","target":["https:\/\/www.paguswinetours.com\/it\/shop\/wine-club-cellarius\/"]}]},{"@type":"ImageObject","inLanguage":"it-IT","@id":"https:\/\/www.paguswinetours.com\/it\/shop\/wine-club-cellarius\/#primaryimage","url":"https:\/\/www.paguswinetours.com\/wp-content\/uploads\/pagus-wine-club-degustazione.jpg","contentUrl":"https:\/\/www.paguswinetours.com\/wp-content\/uploads\/pagus-wine-club-degustazione.jpg","width":1024,"height":683,"caption":"Pagus Wine Club"},{"@type":"BreadcrumbList","@id":"https:\/\/www.paguswinetours.com\/it\/shop\/wine-club-cellarius\/#breadcrumb","itemListElement":[{"@type":"ListItem","position":1,"name":"Home","item":"https:\/\/www.paguswinetours.com\/it\/"},{"@type":"ListItem","position":2,"name":"Prodotti","item":"https:\/\/www.paguswinetours.com\/it\/shop\/"},{"@type":"ListItem","position":3,"name":"Wine Club \u201cCellarius\u201d"}]},{"@type":"WebSite","@id":"https:\/\/www.paguswinetours.com\/it\/#website","url":"https:\/\/www.paguswinetours.com\/it\/","name":"Pagus Wine Tours","description":"","publisher":{"@id":"https:\/\/www.paguswinetours.com\/it\/#organization"},"potentialAction":[{"@type":"SearchAction","target":{"@type":"EntryPoint","urlTemplate":"https:\/\/www.paguswinetours.com\/it\/?s={search_term_string}"},"query-input":{"@type":"PropertyValueSpecification","valueRequired":true,"valueName":"search_term_string"}}],"inLanguage":"it-IT"},{"@type":"Organization","@id":"https:\/\/www.paguswinetours.com\/it\/#organization","name":"Pagus Wine Tours","url":"https:\/\/www.paguswinetours.com\/it\/","logo":{"@type":"ImageObject","inLanguage":"it-IT","@id":"https:\/\/www.paguswinetours.com\/it\/#\/schema\/logo\/image\/","url":"https:\/\/www.paguswinetours.com\/wp-content\/uploads\/logo-2-1.png","contentUrl":"https:\/\/www.paguswinetours.com\/wp-content\/uploads\/logo-2-1.png","width":1172,"height":364,"caption":"Pagus Wine Tours"},"image":{"@id":"https:\/\/www.paguswinetours.com\/it\/#\/schema\/logo\/image\/"},"sameAs":["https:\/\/www.facebook.com\/paguswinetours\/","https:\/\/www.instagram.com\/paguswinetours\/","https:\/\/www.youtube.com\/channel\/UCMuOOU3pfYQT2zysLFm2u8g"]}]}},"_links":{"self":[{"href":"https:\/\/www.paguswinetours.com\/it\/wp-json\/wp\/v2\/product\/7839","targetHints":{"allow":["GET"]}}],"collection":[{"href":"https:\/\/www.paguswinetours.com\/it\/wp-json\/wp\/v2\/product"}],"about":[{"href":"https:\/\/www.paguswinetours.com\/it\/wp-json\/wp\/v2\/types\/product"}],"wp:featuredmedia":[{"embeddable":true,"href":"https:\/\/www.paguswinetours.com\/it\/wp-json\/wp\/v2\/media\/7703"}],"wp:attachment":[{"href":"https:\/\/www.paguswinetours.com\/it\/wp-json\/wp\/v2\/media?parent=7839"}],"wp:term":[{"taxonomy":"product_brand","embeddable":true,"href":"https:\/\/www.paguswinetours.com\/it\/wp-json\/wp\/v2\/product_brand?post=7839"},{"taxonomy":"product_cat","embeddable":true,"href":"https:\/\/www.paguswinetours.com\/it\/wp-json\/wp\/v2\/product_cat?post=7839"},{"taxonomy":"product_tag","embeddable":true,"href":"https:\/\/www.paguswinetours.com\/it\/wp-json\/wp\/v2\/product_tag?post=7839"}],"curies":[{"name":"wp","href":"https:\/\/api.w.org\/{rel}","templated":true}]}}