{"id":15596,"date":"2026-02-23T15:54:20","date_gmt":"2026-02-23T14:54:20","guid":{"rendered":"https:\/\/www.paguswinetours.com\/?post_type=product&#038;p=15596"},"modified":"2026-02-26T11:49:05","modified_gmt":"2026-02-26T10:49:05","slug":"recioto-di-soave-classico-docg-bio-2016-col-foscarin-gini-copia","status":"publish","type":"product","link":"https:\/\/www.paguswinetours.com\/it\/shop\/recioto-di-soave-classico-docg-bio-2016-col-foscarin-gini-copia\/","title":{"rendered":"Recioto di Soave Classico DOCG BIO 2016 &#8220;Renoblis&#8221; Gini"},"content":{"rendered":"<div class=\"product-info\">\n<h3 class=\"italic\">Note di degustazione<\/h3>\n<p>\u201cRe\u201d (Recioto) e \u201cnobilis\u201d per indicare il \u201cnobile\u201d fungo Botrytis Cinerea che si ritrova su alcuni grappoli. Dalla meticolosa selezione delle singole uve colpite da questa muffa, solo in annate speciali, si pu\u00f2 produrre questo prezioso nettare dorato.<\/p>\n<\/div>\n<div class=\"product-info\">\n<p><strong>Aspetto<br \/>\n<\/strong>Oro antico<\/p>\n<p><strong>Naso<\/strong><br \/>\nMolto intenso con sentori ricchi e complessi di uva sultanina e frutta fresca arricchiti da una nota speziata.<\/p>\n<p><strong>Palato<br \/>\n<\/strong>In bocca molto aromatico, denso e persistente.<\/p>\n<\/div>\n<div class=\"product-info\">\n<h3 class=\"italic\">Abbinamenti<\/h3>\n<p>Formaggi erborinati. Vino da meditazione.<\/p>\n<\/div>\n","protected":false},"excerpt":{"rendered":"<h3 class=\"italic\">Caratteristiche<\/h3>\n<p><strong>Denominazione<\/strong>: Recioto di Soave DOCG<\/p>\n<p><strong>Vitigni<\/strong>: Garganega<\/p>\n<p><strong>Alcol<\/strong>: 13%<\/p>\n<p><strong>Formato<\/strong>: 75 cl<\/p>\n<p><strong>Vinificazione<\/strong>: questo particolarissimo vino, proviene da una selezione di acini colpiti dalla pregiata muffa nobile durante il periodo di appassimento tradizionale. Dalla spremitura si ottiene pochissimo mosto, a causa della notevole concentrazione e della forte viscosit\u00e0. Il prezioso nettare<br \/>\nottenuto, dopo qualche giorno di decantazione naturale, \u00e8 posto in pieces da 228 L. La fermentazione alcolica \u00e8 lentissima e dura parecchi mesi. Seguono alcuni travasi per la fermentazione nel giusto punto di equilibrio tra alcool e zuccheri residui.<\/p>\n<p><strong>Affinamento:<\/strong> per diversi lunghi anni il Renobilis \u00e8 mantenuto in affinamento sempre nelle medesime pieces in modo da raggiungere quella piacevole armonia che lo contraddistingue.<\/p>\n<p><strong>Temperatura di servizio<\/strong>: 12-14 \u00b0C.<\/p>\n","protected":false},"featured_media":15598,"template":"","meta":{"_acf_changed":false},"product_brand":[],"product_cat":[251,90],"product_tag":[],"class_list":{"0":"post-15596","1":"product","2":"type-product","3":"status-publish","4":"has-post-thumbnail","6":"product_cat-gini","7":"product_cat-vino","9":"first","10":"instock","11":"taxable","12":"shipping-taxable","13":"purchasable","14":"product-type-simple"},"acf":[],"yoast_head":"<!-- This site is optimized with the Yoast SEO plugin v26.7 - https:\/\/yoast.com\/wordpress\/plugins\/seo\/ -->\n<title>Recioto di Soave Classico DOCG BIO 2016 &quot;Renoblis&quot; Gini - Pagus Wine Tours<\/title>\n<meta name=\"robots\" content=\"index, follow, max-snippet:-1, max-image-preview:large, max-video-preview:-1\" \/>\n<link rel=\"canonical\" href=\"https:\/\/www.paguswinetours.com\/it\/shop\/recioto-di-soave-classico-docg-bio-2016-col-foscarin-gini-copia\/\" \/>\n<meta property=\"og:locale\" content=\"it_IT\" \/>\n<meta property=\"og:type\" content=\"article\" \/>\n<meta property=\"og:title\" content=\"Recioto di Soave Classico DOCG BIO 2016 &quot;Renoblis&quot; Gini - Pagus Wine Tours\" \/>\n<meta property=\"og:description\" content=\"Caratteristiche Denominazione: Recioto di Soave DOCG  Vitigni: Garganega  Alcol: 13%  Formato: 75 cl  Vinificazione: questo particolarissimo vino, proviene da una selezione di acini colpiti dalla pregiata muffa nobile durante il periodo di appassimento tradizionale. Dalla spremitura si ottiene pochissimo mosto, a causa della notevole concentrazione e della forte viscosit\u00e0. Il prezioso nettare ottenuto, dopo qualche giorno di decantazione naturale, \u00e8 posto in pieces da 228 L. La fermentazione alcolica \u00e8 lentissima e dura parecchi mesi. Seguono alcuni travasi per la fermentazione nel giusto punto di equilibrio tra alcool e zuccheri residui.  Affinamento: per diversi lunghi anni il Renobilis \u00e8 mantenuto in affinamento sempre nelle medesime pieces in modo da raggiungere quella piacevole armonia che lo contraddistingue.  Temperatura di servizio: 12-14 \u00b0C.\" \/>\n<meta property=\"og:url\" content=\"https:\/\/www.paguswinetours.com\/it\/shop\/recioto-di-soave-classico-docg-bio-2016-col-foscarin-gini-copia\/\" \/>\n<meta property=\"og:site_name\" content=\"Pagus Wine Tours\" \/>\n<meta property=\"article:publisher\" content=\"https:\/\/www.facebook.com\/paguswinetours\/\" \/>\n<meta property=\"article:modified_time\" content=\"2026-02-26T10:49:05+00:00\" \/>\n<meta property=\"og:image\" content=\"https:\/\/www.paguswinetours.com\/wp-content\/uploads\/renobilis.webp\" \/>\n\t<meta property=\"og:image:width\" content=\"750\" \/>\n\t<meta property=\"og:image:height\" content=\"750\" \/>\n\t<meta property=\"og:image:type\" content=\"image\/webp\" \/>\n<meta name=\"twitter:card\" content=\"summary_large_image\" \/>\n<meta name=\"twitter:label1\" content=\"Tempo di lettura stimato\" \/>\n\t<meta name=\"twitter:data1\" content=\"1 minuto\" \/>\n<script type=\"application\/ld+json\" class=\"yoast-schema-graph\">{\"@context\":\"https:\/\/schema.org\",\"@graph\":[{\"@type\":\"WebPage\",\"@id\":\"https:\/\/www.paguswinetours.com\/it\/shop\/recioto-di-soave-classico-docg-bio-2016-col-foscarin-gini-copia\/\",\"url\":\"https:\/\/www.paguswinetours.com\/it\/shop\/recioto-di-soave-classico-docg-bio-2016-col-foscarin-gini-copia\/\",\"name\":\"Recioto di Soave Classico DOCG BIO 2016 \\\"Renoblis\\\" Gini - Pagus Wine Tours\",\"isPartOf\":{\"@id\":\"https:\/\/www.paguswinetours.com\/it\/#website\"},\"primaryImageOfPage\":{\"@id\":\"https:\/\/www.paguswinetours.com\/it\/shop\/recioto-di-soave-classico-docg-bio-2016-col-foscarin-gini-copia\/#primaryimage\"},\"image\":{\"@id\":\"https:\/\/www.paguswinetours.com\/it\/shop\/recioto-di-soave-classico-docg-bio-2016-col-foscarin-gini-copia\/#primaryimage\"},\"thumbnailUrl\":\"https:\/\/www.paguswinetours.com\/wp-content\/uploads\/renobilis.webp\",\"datePublished\":\"2026-02-23T14:54:20+00:00\",\"dateModified\":\"2026-02-26T10:49:05+00:00\",\"breadcrumb\":{\"@id\":\"https:\/\/www.paguswinetours.com\/it\/shop\/recioto-di-soave-classico-docg-bio-2016-col-foscarin-gini-copia\/#breadcrumb\"},\"inLanguage\":\"it-IT\",\"potentialAction\":[{\"@type\":\"ReadAction\",\"target\":[\"https:\/\/www.paguswinetours.com\/it\/shop\/recioto-di-soave-classico-docg-bio-2016-col-foscarin-gini-copia\/\"]}]},{\"@type\":\"ImageObject\",\"inLanguage\":\"it-IT\",\"@id\":\"https:\/\/www.paguswinetours.com\/it\/shop\/recioto-di-soave-classico-docg-bio-2016-col-foscarin-gini-copia\/#primaryimage\",\"url\":\"https:\/\/www.paguswinetours.com\/wp-content\/uploads\/renobilis.webp\",\"contentUrl\":\"https:\/\/www.paguswinetours.com\/wp-content\/uploads\/renobilis.webp\",\"width\":750,\"height\":750},{\"@type\":\"BreadcrumbList\",\"@id\":\"https:\/\/www.paguswinetours.com\/it\/shop\/recioto-di-soave-classico-docg-bio-2016-col-foscarin-gini-copia\/#breadcrumb\",\"itemListElement\":[{\"@type\":\"ListItem\",\"position\":1,\"name\":\"Home\",\"item\":\"https:\/\/www.paguswinetours.com\/it\/\"},{\"@type\":\"ListItem\",\"position\":2,\"name\":\"Prodotti\",\"item\":\"https:\/\/www.paguswinetours.com\/it\/shop\/\"},{\"@type\":\"ListItem\",\"position\":3,\"name\":\"Recioto di Soave Classico DOCG BIO 2016 &#8220;Renoblis&#8221; Gini\"}]},{\"@type\":\"WebSite\",\"@id\":\"https:\/\/www.paguswinetours.com\/it\/#website\",\"url\":\"https:\/\/www.paguswinetours.com\/it\/\",\"name\":\"Pagus Wine Tours\",\"description\":\"\",\"publisher\":{\"@id\":\"https:\/\/www.paguswinetours.com\/it\/#organization\"},\"potentialAction\":[{\"@type\":\"SearchAction\",\"target\":{\"@type\":\"EntryPoint\",\"urlTemplate\":\"https:\/\/www.paguswinetours.com\/it\/?s={search_term_string}\"},\"query-input\":{\"@type\":\"PropertyValueSpecification\",\"valueRequired\":true,\"valueName\":\"search_term_string\"}}],\"inLanguage\":\"it-IT\"},{\"@type\":\"Organization\",\"@id\":\"https:\/\/www.paguswinetours.com\/it\/#organization\",\"name\":\"Pagus Wine Tours\",\"url\":\"https:\/\/www.paguswinetours.com\/it\/\",\"logo\":{\"@type\":\"ImageObject\",\"inLanguage\":\"it-IT\",\"@id\":\"https:\/\/www.paguswinetours.com\/it\/#\/schema\/logo\/image\/\",\"url\":\"https:\/\/www.paguswinetours.com\/wp-content\/uploads\/logo-2-1.png\",\"contentUrl\":\"https:\/\/www.paguswinetours.com\/wp-content\/uploads\/logo-2-1.png\",\"width\":1172,\"height\":364,\"caption\":\"Pagus Wine Tours\"},\"image\":{\"@id\":\"https:\/\/www.paguswinetours.com\/it\/#\/schema\/logo\/image\/\"},\"sameAs\":[\"https:\/\/www.facebook.com\/paguswinetours\/\",\"https:\/\/www.instagram.com\/paguswinetours\/\",\"https:\/\/www.youtube.com\/channel\/UCMuOOU3pfYQT2zysLFm2u8g\"]}]}<\/script>\n<!-- \/ Yoast SEO plugin. -->","yoast_head_json":{"title":"Recioto di Soave Classico DOCG BIO 2016 \"Renoblis\" Gini - Pagus Wine Tours","robots":{"index":"index","follow":"follow","max-snippet":"max-snippet:-1","max-image-preview":"max-image-preview:large","max-video-preview":"max-video-preview:-1"},"canonical":"https:\/\/www.paguswinetours.com\/it\/shop\/recioto-di-soave-classico-docg-bio-2016-col-foscarin-gini-copia\/","og_locale":"it_IT","og_type":"article","og_title":"Recioto di Soave Classico DOCG BIO 2016 \"Renoblis\" Gini - Pagus Wine Tours","og_description":"Caratteristiche Denominazione: Recioto di Soave DOCG  Vitigni: Garganega  Alcol: 13%  Formato: 75 cl  Vinificazione: questo particolarissimo vino, proviene da una selezione di acini colpiti dalla pregiata muffa nobile durante il periodo di appassimento tradizionale. Dalla spremitura si ottiene pochissimo mosto, a causa della notevole concentrazione e della forte viscosit\u00e0. Il prezioso nettare ottenuto, dopo qualche giorno di decantazione naturale, \u00e8 posto in pieces da 228 L. La fermentazione alcolica \u00e8 lentissima e dura parecchi mesi. Seguono alcuni travasi per la fermentazione nel giusto punto di equilibrio tra alcool e zuccheri residui.  Affinamento: per diversi lunghi anni il Renobilis \u00e8 mantenuto in affinamento sempre nelle medesime pieces in modo da raggiungere quella piacevole armonia che lo contraddistingue.  Temperatura di servizio: 12-14 \u00b0C.","og_url":"https:\/\/www.paguswinetours.com\/it\/shop\/recioto-di-soave-classico-docg-bio-2016-col-foscarin-gini-copia\/","og_site_name":"Pagus Wine Tours","article_publisher":"https:\/\/www.facebook.com\/paguswinetours\/","article_modified_time":"2026-02-26T10:49:05+00:00","og_image":[{"width":750,"height":750,"url":"https:\/\/www.paguswinetours.com\/wp-content\/uploads\/renobilis.webp","type":"image\/webp"}],"twitter_card":"summary_large_image","twitter_misc":{"Tempo di lettura stimato":"1 minuto"},"schema":{"@context":"https:\/\/schema.org","@graph":[{"@type":"WebPage","@id":"https:\/\/www.paguswinetours.com\/it\/shop\/recioto-di-soave-classico-docg-bio-2016-col-foscarin-gini-copia\/","url":"https:\/\/www.paguswinetours.com\/it\/shop\/recioto-di-soave-classico-docg-bio-2016-col-foscarin-gini-copia\/","name":"Recioto di Soave Classico DOCG BIO 2016 \"Renoblis\" Gini - Pagus Wine Tours","isPartOf":{"@id":"https:\/\/www.paguswinetours.com\/it\/#website"},"primaryImageOfPage":{"@id":"https:\/\/www.paguswinetours.com\/it\/shop\/recioto-di-soave-classico-docg-bio-2016-col-foscarin-gini-copia\/#primaryimage"},"image":{"@id":"https:\/\/www.paguswinetours.com\/it\/shop\/recioto-di-soave-classico-docg-bio-2016-col-foscarin-gini-copia\/#primaryimage"},"thumbnailUrl":"https:\/\/www.paguswinetours.com\/wp-content\/uploads\/renobilis.webp","datePublished":"2026-02-23T14:54:20+00:00","dateModified":"2026-02-26T10:49:05+00:00","breadcrumb":{"@id":"https:\/\/www.paguswinetours.com\/it\/shop\/recioto-di-soave-classico-docg-bio-2016-col-foscarin-gini-copia\/#breadcrumb"},"inLanguage":"it-IT","potentialAction":[{"@type":"ReadAction","target":["https:\/\/www.paguswinetours.com\/it\/shop\/recioto-di-soave-classico-docg-bio-2016-col-foscarin-gini-copia\/"]}]},{"@type":"ImageObject","inLanguage":"it-IT","@id":"https:\/\/www.paguswinetours.com\/it\/shop\/recioto-di-soave-classico-docg-bio-2016-col-foscarin-gini-copia\/#primaryimage","url":"https:\/\/www.paguswinetours.com\/wp-content\/uploads\/renobilis.webp","contentUrl":"https:\/\/www.paguswinetours.com\/wp-content\/uploads\/renobilis.webp","width":750,"height":750},{"@type":"BreadcrumbList","@id":"https:\/\/www.paguswinetours.com\/it\/shop\/recioto-di-soave-classico-docg-bio-2016-col-foscarin-gini-copia\/#breadcrumb","itemListElement":[{"@type":"ListItem","position":1,"name":"Home","item":"https:\/\/www.paguswinetours.com\/it\/"},{"@type":"ListItem","position":2,"name":"Prodotti","item":"https:\/\/www.paguswinetours.com\/it\/shop\/"},{"@type":"ListItem","position":3,"name":"Recioto di Soave Classico DOCG BIO 2016 &#8220;Renoblis&#8221; Gini"}]},{"@type":"WebSite","@id":"https:\/\/www.paguswinetours.com\/it\/#website","url":"https:\/\/www.paguswinetours.com\/it\/","name":"Pagus Wine Tours","description":"","publisher":{"@id":"https:\/\/www.paguswinetours.com\/it\/#organization"},"potentialAction":[{"@type":"SearchAction","target":{"@type":"EntryPoint","urlTemplate":"https:\/\/www.paguswinetours.com\/it\/?s={search_term_string}"},"query-input":{"@type":"PropertyValueSpecification","valueRequired":true,"valueName":"search_term_string"}}],"inLanguage":"it-IT"},{"@type":"Organization","@id":"https:\/\/www.paguswinetours.com\/it\/#organization","name":"Pagus Wine Tours","url":"https:\/\/www.paguswinetours.com\/it\/","logo":{"@type":"ImageObject","inLanguage":"it-IT","@id":"https:\/\/www.paguswinetours.com\/it\/#\/schema\/logo\/image\/","url":"https:\/\/www.paguswinetours.com\/wp-content\/uploads\/logo-2-1.png","contentUrl":"https:\/\/www.paguswinetours.com\/wp-content\/uploads\/logo-2-1.png","width":1172,"height":364,"caption":"Pagus Wine Tours"},"image":{"@id":"https:\/\/www.paguswinetours.com\/it\/#\/schema\/logo\/image\/"},"sameAs":["https:\/\/www.facebook.com\/paguswinetours\/","https:\/\/www.instagram.com\/paguswinetours\/","https:\/\/www.youtube.com\/channel\/UCMuOOU3pfYQT2zysLFm2u8g"]}]}},"_links":{"self":[{"href":"https:\/\/www.paguswinetours.com\/it\/wp-json\/wp\/v2\/product\/15596","targetHints":{"allow":["GET"]}}],"collection":[{"href":"https:\/\/www.paguswinetours.com\/it\/wp-json\/wp\/v2\/product"}],"about":[{"href":"https:\/\/www.paguswinetours.com\/it\/wp-json\/wp\/v2\/types\/product"}],"wp:featuredmedia":[{"embeddable":true,"href":"https:\/\/www.paguswinetours.com\/it\/wp-json\/wp\/v2\/media\/15598"}],"wp:attachment":[{"href":"https:\/\/www.paguswinetours.com\/it\/wp-json\/wp\/v2\/media?parent=15596"}],"wp:term":[{"taxonomy":"product_brand","embeddable":true,"href":"https:\/\/www.paguswinetours.com\/it\/wp-json\/wp\/v2\/product_brand?post=15596"},{"taxonomy":"product_cat","embeddable":true,"href":"https:\/\/www.paguswinetours.com\/it\/wp-json\/wp\/v2\/product_cat?post=15596"},{"taxonomy":"product_tag","embeddable":true,"href":"https:\/\/www.paguswinetours.com\/it\/wp-json\/wp\/v2\/product_tag?post=15596"}],"curies":[{"name":"wp","href":"https:\/\/api.w.org\/{rel}","templated":true}]}}