{"id":15580,"date":"2026-02-23T14:37:33","date_gmt":"2026-02-23T13:37:33","guid":{"rendered":"https:\/\/www.paguswinetours.com\/?post_type=product&#038;p=15580"},"modified":"2026-02-26T11:56:44","modified_gmt":"2026-02-26T10:56:44","slug":"veneto-sauvignon-igt-bio-2023-maciete-fume-gini-copia","status":"publish","type":"product","link":"https:\/\/www.paguswinetours.com\/it\/shop\/veneto-sauvignon-igt-bio-2023-maciete-fume-gini-copia\/","title":{"rendered":"Bianco Verona IGT BIO 2020 &#8220;Sorai&#8221; Gini"},"content":{"rendered":"<div class=\"product-info\">\n<h3 class=\"italic\">Note di degustazione<\/h3>\n<p>Il Sorai \u00e8 un vino d\u2019altitudine. \u201cSora\u201d (sopra) i 500 metri dal livello del mare, dove l\u2019aria \u00e8 pi\u00f9 fine e la luce pi\u00f9 nitida, i vigneti mettono radici nella roccia bianca creando un vino \u201cd\u2019alta classe\u201d.<\/p>\n<\/div>\n<div class=\"product-info\">\n<p><strong>Aspetto<br \/>\n<\/strong>Oro-verde brillante.<\/p>\n<p><strong>Naso<\/strong><br \/>\nDeciso con aromi di fiori di campo, frutta matura (pesca gialla) e nocciola tostata.<\/p>\n<p><strong>Palato<br \/>\n<\/strong>Equilibrato e persistente di grande morbidezza e spiccata sapidit\u00e0.<\/p>\n<\/div>\n<div class=\"product-info\">\n<h3 class=\"italic\">Abbinamenti<\/h3>\n<p>Pesce, carni bianche da animali da cortile e formaggi.<\/p>\n<\/div>\n","protected":false},"excerpt":{"rendered":"<h3 class=\"italic\">Caratteristiche<\/h3>\n<p><strong>Denominazione<\/strong>: Bianco Veneto IGT<\/p>\n<p><strong>Vitigni<\/strong>: Riesling renano, Pinot bianco, Chardonnay, Sauvignon, Garganega<\/p>\n<p><strong>Alcol<\/strong>: 13,5%<\/p>\n<p><strong>Formato<\/strong>: 75 cl<\/p>\n<p><strong>Vinificazione<\/strong>: le uve sono raccolte a mano, poste in casse e pigiate in giornata. Il mosto viene subito raffreddato per favorire un naturale illimpidimento. La fermentazione si svolge lentamente in pieces da 228 L, poste nella cantina scavata nella roccia. Il tutto senza aggiunta di solfiti.<\/p>\n<p><strong>Affinamento:<\/strong> dopo la fermentazione alcolica si lascia il vino a contatto dei lieviti, procedendo periodicamente con qualche batonages. Ad estate inoltrata si mette in bottiglia dove riposa diversi mesi prima di essere posto in vendita<\/p>\n<p><strong>Temperatura di servizio<\/strong>:10-12 \u00b0C.<\/p>\n","protected":false},"featured_media":15582,"template":"","meta":{"_acf_changed":false},"product_brand":[],"product_cat":[251,90],"product_tag":[],"class_list":{"0":"post-15580","1":"product","2":"type-product","3":"status-publish","4":"has-post-thumbnail","6":"product_cat-gini","7":"product_cat-vino","9":"first","10":"instock","11":"taxable","12":"shipping-taxable","13":"purchasable","14":"product-type-simple"},"acf":[],"yoast_head":"<!-- This site is optimized with the Yoast SEO plugin v26.7 - https:\/\/yoast.com\/wordpress\/plugins\/seo\/ -->\n<title>Bianco Verona IGT BIO 2020 &quot;Sorai&quot; Gini - Pagus Wine Tours<\/title>\n<meta name=\"robots\" content=\"index, follow, max-snippet:-1, max-image-preview:large, max-video-preview:-1\" \/>\n<link rel=\"canonical\" href=\"https:\/\/www.paguswinetours.com\/it\/shop\/veneto-sauvignon-igt-bio-2023-maciete-fume-gini-copia\/\" \/>\n<meta property=\"og:locale\" content=\"it_IT\" \/>\n<meta property=\"og:type\" content=\"article\" \/>\n<meta property=\"og:title\" content=\"Bianco Verona IGT BIO 2020 &quot;Sorai&quot; Gini - Pagus Wine Tours\" \/>\n<meta property=\"og:description\" content=\"Caratteristiche Denominazione: Bianco Veneto IGT  Vitigni: Riesling renano, Pinot bianco, Chardonnay, Sauvignon, Garganega  Alcol: 13,5%  Formato: 75 cl  Vinificazione: le uve sono raccolte a mano, poste in casse e pigiate in giornata. Il mosto viene subito raffreddato per favorire un naturale illimpidimento. La fermentazione si svolge lentamente in pieces da 228 L, poste nella cantina scavata nella roccia. Il tutto senza aggiunta di solfiti.  Affinamento: dopo la fermentazione alcolica si lascia il vino a contatto dei lieviti, procedendo periodicamente con qualche batonages. Ad estate inoltrata si mette in bottiglia dove riposa diversi mesi prima di essere posto in vendita  Temperatura di servizio:10-12 \u00b0C.\" \/>\n<meta property=\"og:url\" content=\"https:\/\/www.paguswinetours.com\/it\/shop\/veneto-sauvignon-igt-bio-2023-maciete-fume-gini-copia\/\" \/>\n<meta property=\"og:site_name\" content=\"Pagus Wine Tours\" \/>\n<meta property=\"article:publisher\" content=\"https:\/\/www.facebook.com\/paguswinetours\/\" \/>\n<meta property=\"article:modified_time\" content=\"2026-02-26T10:56:44+00:00\" \/>\n<meta property=\"og:image\" content=\"https:\/\/www.paguswinetours.com\/wp-content\/uploads\/sorai-gini-bianco.webp\" \/>\n\t<meta property=\"og:image:width\" content=\"700\" \/>\n\t<meta property=\"og:image:height\" content=\"700\" \/>\n\t<meta property=\"og:image:type\" content=\"image\/webp\" \/>\n<meta name=\"twitter:card\" content=\"summary_large_image\" \/>\n<meta name=\"twitter:label1\" content=\"Tempo di lettura stimato\" \/>\n\t<meta name=\"twitter:data1\" content=\"1 minuto\" \/>\n<script type=\"application\/ld+json\" class=\"yoast-schema-graph\">{\"@context\":\"https:\/\/schema.org\",\"@graph\":[{\"@type\":\"WebPage\",\"@id\":\"https:\/\/www.paguswinetours.com\/it\/shop\/veneto-sauvignon-igt-bio-2023-maciete-fume-gini-copia\/\",\"url\":\"https:\/\/www.paguswinetours.com\/it\/shop\/veneto-sauvignon-igt-bio-2023-maciete-fume-gini-copia\/\",\"name\":\"Bianco Verona IGT BIO 2020 \\\"Sorai\\\" Gini - Pagus Wine Tours\",\"isPartOf\":{\"@id\":\"https:\/\/www.paguswinetours.com\/it\/#website\"},\"primaryImageOfPage\":{\"@id\":\"https:\/\/www.paguswinetours.com\/it\/shop\/veneto-sauvignon-igt-bio-2023-maciete-fume-gini-copia\/#primaryimage\"},\"image\":{\"@id\":\"https:\/\/www.paguswinetours.com\/it\/shop\/veneto-sauvignon-igt-bio-2023-maciete-fume-gini-copia\/#primaryimage\"},\"thumbnailUrl\":\"https:\/\/www.paguswinetours.com\/wp-content\/uploads\/sorai-gini-bianco.webp\",\"datePublished\":\"2026-02-23T13:37:33+00:00\",\"dateModified\":\"2026-02-26T10:56:44+00:00\",\"breadcrumb\":{\"@id\":\"https:\/\/www.paguswinetours.com\/it\/shop\/veneto-sauvignon-igt-bio-2023-maciete-fume-gini-copia\/#breadcrumb\"},\"inLanguage\":\"it-IT\",\"potentialAction\":[{\"@type\":\"ReadAction\",\"target\":[\"https:\/\/www.paguswinetours.com\/it\/shop\/veneto-sauvignon-igt-bio-2023-maciete-fume-gini-copia\/\"]}]},{\"@type\":\"ImageObject\",\"inLanguage\":\"it-IT\",\"@id\":\"https:\/\/www.paguswinetours.com\/it\/shop\/veneto-sauvignon-igt-bio-2023-maciete-fume-gini-copia\/#primaryimage\",\"url\":\"https:\/\/www.paguswinetours.com\/wp-content\/uploads\/sorai-gini-bianco.webp\",\"contentUrl\":\"https:\/\/www.paguswinetours.com\/wp-content\/uploads\/sorai-gini-bianco.webp\",\"width\":700,\"height\":700},{\"@type\":\"BreadcrumbList\",\"@id\":\"https:\/\/www.paguswinetours.com\/it\/shop\/veneto-sauvignon-igt-bio-2023-maciete-fume-gini-copia\/#breadcrumb\",\"itemListElement\":[{\"@type\":\"ListItem\",\"position\":1,\"name\":\"Home\",\"item\":\"https:\/\/www.paguswinetours.com\/it\/\"},{\"@type\":\"ListItem\",\"position\":2,\"name\":\"Prodotti\",\"item\":\"https:\/\/www.paguswinetours.com\/it\/shop\/\"},{\"@type\":\"ListItem\",\"position\":3,\"name\":\"Bianco Verona IGT BIO 2020 &#8220;Sorai&#8221; Gini\"}]},{\"@type\":\"WebSite\",\"@id\":\"https:\/\/www.paguswinetours.com\/it\/#website\",\"url\":\"https:\/\/www.paguswinetours.com\/it\/\",\"name\":\"Pagus Wine Tours\",\"description\":\"\",\"publisher\":{\"@id\":\"https:\/\/www.paguswinetours.com\/it\/#organization\"},\"potentialAction\":[{\"@type\":\"SearchAction\",\"target\":{\"@type\":\"EntryPoint\",\"urlTemplate\":\"https:\/\/www.paguswinetours.com\/it\/?s={search_term_string}\"},\"query-input\":{\"@type\":\"PropertyValueSpecification\",\"valueRequired\":true,\"valueName\":\"search_term_string\"}}],\"inLanguage\":\"it-IT\"},{\"@type\":\"Organization\",\"@id\":\"https:\/\/www.paguswinetours.com\/it\/#organization\",\"name\":\"Pagus Wine Tours\",\"url\":\"https:\/\/www.paguswinetours.com\/it\/\",\"logo\":{\"@type\":\"ImageObject\",\"inLanguage\":\"it-IT\",\"@id\":\"https:\/\/www.paguswinetours.com\/it\/#\/schema\/logo\/image\/\",\"url\":\"https:\/\/www.paguswinetours.com\/wp-content\/uploads\/logo-2-1.png\",\"contentUrl\":\"https:\/\/www.paguswinetours.com\/wp-content\/uploads\/logo-2-1.png\",\"width\":1172,\"height\":364,\"caption\":\"Pagus Wine Tours\"},\"image\":{\"@id\":\"https:\/\/www.paguswinetours.com\/it\/#\/schema\/logo\/image\/\"},\"sameAs\":[\"https:\/\/www.facebook.com\/paguswinetours\/\",\"https:\/\/www.instagram.com\/paguswinetours\/\",\"https:\/\/www.youtube.com\/channel\/UCMuOOU3pfYQT2zysLFm2u8g\"]}]}<\/script>\n<!-- \/ Yoast SEO plugin. -->","yoast_head_json":{"title":"Bianco Verona IGT BIO 2020 \"Sorai\" Gini - Pagus Wine Tours","robots":{"index":"index","follow":"follow","max-snippet":"max-snippet:-1","max-image-preview":"max-image-preview:large","max-video-preview":"max-video-preview:-1"},"canonical":"https:\/\/www.paguswinetours.com\/it\/shop\/veneto-sauvignon-igt-bio-2023-maciete-fume-gini-copia\/","og_locale":"it_IT","og_type":"article","og_title":"Bianco Verona IGT BIO 2020 \"Sorai\" Gini - Pagus Wine Tours","og_description":"Caratteristiche Denominazione: Bianco Veneto IGT  Vitigni: Riesling renano, Pinot bianco, Chardonnay, Sauvignon, Garganega  Alcol: 13,5%  Formato: 75 cl  Vinificazione: le uve sono raccolte a mano, poste in casse e pigiate in giornata. Il mosto viene subito raffreddato per favorire un naturale illimpidimento. La fermentazione si svolge lentamente in pieces da 228 L, poste nella cantina scavata nella roccia. Il tutto senza aggiunta di solfiti.  Affinamento: dopo la fermentazione alcolica si lascia il vino a contatto dei lieviti, procedendo periodicamente con qualche batonages. Ad estate inoltrata si mette in bottiglia dove riposa diversi mesi prima di essere posto in vendita  Temperatura di servizio:10-12 \u00b0C.","og_url":"https:\/\/www.paguswinetours.com\/it\/shop\/veneto-sauvignon-igt-bio-2023-maciete-fume-gini-copia\/","og_site_name":"Pagus Wine Tours","article_publisher":"https:\/\/www.facebook.com\/paguswinetours\/","article_modified_time":"2026-02-26T10:56:44+00:00","og_image":[{"width":700,"height":700,"url":"https:\/\/www.paguswinetours.com\/wp-content\/uploads\/sorai-gini-bianco.webp","type":"image\/webp"}],"twitter_card":"summary_large_image","twitter_misc":{"Tempo di lettura stimato":"1 minuto"},"schema":{"@context":"https:\/\/schema.org","@graph":[{"@type":"WebPage","@id":"https:\/\/www.paguswinetours.com\/it\/shop\/veneto-sauvignon-igt-bio-2023-maciete-fume-gini-copia\/","url":"https:\/\/www.paguswinetours.com\/it\/shop\/veneto-sauvignon-igt-bio-2023-maciete-fume-gini-copia\/","name":"Bianco Verona IGT BIO 2020 \"Sorai\" Gini - Pagus Wine Tours","isPartOf":{"@id":"https:\/\/www.paguswinetours.com\/it\/#website"},"primaryImageOfPage":{"@id":"https:\/\/www.paguswinetours.com\/it\/shop\/veneto-sauvignon-igt-bio-2023-maciete-fume-gini-copia\/#primaryimage"},"image":{"@id":"https:\/\/www.paguswinetours.com\/it\/shop\/veneto-sauvignon-igt-bio-2023-maciete-fume-gini-copia\/#primaryimage"},"thumbnailUrl":"https:\/\/www.paguswinetours.com\/wp-content\/uploads\/sorai-gini-bianco.webp","datePublished":"2026-02-23T13:37:33+00:00","dateModified":"2026-02-26T10:56:44+00:00","breadcrumb":{"@id":"https:\/\/www.paguswinetours.com\/it\/shop\/veneto-sauvignon-igt-bio-2023-maciete-fume-gini-copia\/#breadcrumb"},"inLanguage":"it-IT","potentialAction":[{"@type":"ReadAction","target":["https:\/\/www.paguswinetours.com\/it\/shop\/veneto-sauvignon-igt-bio-2023-maciete-fume-gini-copia\/"]}]},{"@type":"ImageObject","inLanguage":"it-IT","@id":"https:\/\/www.paguswinetours.com\/it\/shop\/veneto-sauvignon-igt-bio-2023-maciete-fume-gini-copia\/#primaryimage","url":"https:\/\/www.paguswinetours.com\/wp-content\/uploads\/sorai-gini-bianco.webp","contentUrl":"https:\/\/www.paguswinetours.com\/wp-content\/uploads\/sorai-gini-bianco.webp","width":700,"height":700},{"@type":"BreadcrumbList","@id":"https:\/\/www.paguswinetours.com\/it\/shop\/veneto-sauvignon-igt-bio-2023-maciete-fume-gini-copia\/#breadcrumb","itemListElement":[{"@type":"ListItem","position":1,"name":"Home","item":"https:\/\/www.paguswinetours.com\/it\/"},{"@type":"ListItem","position":2,"name":"Prodotti","item":"https:\/\/www.paguswinetours.com\/it\/shop\/"},{"@type":"ListItem","position":3,"name":"Bianco Verona IGT BIO 2020 &#8220;Sorai&#8221; Gini"}]},{"@type":"WebSite","@id":"https:\/\/www.paguswinetours.com\/it\/#website","url":"https:\/\/www.paguswinetours.com\/it\/","name":"Pagus Wine Tours","description":"","publisher":{"@id":"https:\/\/www.paguswinetours.com\/it\/#organization"},"potentialAction":[{"@type":"SearchAction","target":{"@type":"EntryPoint","urlTemplate":"https:\/\/www.paguswinetours.com\/it\/?s={search_term_string}"},"query-input":{"@type":"PropertyValueSpecification","valueRequired":true,"valueName":"search_term_string"}}],"inLanguage":"it-IT"},{"@type":"Organization","@id":"https:\/\/www.paguswinetours.com\/it\/#organization","name":"Pagus Wine Tours","url":"https:\/\/www.paguswinetours.com\/it\/","logo":{"@type":"ImageObject","inLanguage":"it-IT","@id":"https:\/\/www.paguswinetours.com\/it\/#\/schema\/logo\/image\/","url":"https:\/\/www.paguswinetours.com\/wp-content\/uploads\/logo-2-1.png","contentUrl":"https:\/\/www.paguswinetours.com\/wp-content\/uploads\/logo-2-1.png","width":1172,"height":364,"caption":"Pagus Wine Tours"},"image":{"@id":"https:\/\/www.paguswinetours.com\/it\/#\/schema\/logo\/image\/"},"sameAs":["https:\/\/www.facebook.com\/paguswinetours\/","https:\/\/www.instagram.com\/paguswinetours\/","https:\/\/www.youtube.com\/channel\/UCMuOOU3pfYQT2zysLFm2u8g"]}]}},"_links":{"self":[{"href":"https:\/\/www.paguswinetours.com\/it\/wp-json\/wp\/v2\/product\/15580","targetHints":{"allow":["GET"]}}],"collection":[{"href":"https:\/\/www.paguswinetours.com\/it\/wp-json\/wp\/v2\/product"}],"about":[{"href":"https:\/\/www.paguswinetours.com\/it\/wp-json\/wp\/v2\/types\/product"}],"wp:featuredmedia":[{"embeddable":true,"href":"https:\/\/www.paguswinetours.com\/it\/wp-json\/wp\/v2\/media\/15582"}],"wp:attachment":[{"href":"https:\/\/www.paguswinetours.com\/it\/wp-json\/wp\/v2\/media?parent=15580"}],"wp:term":[{"taxonomy":"product_brand","embeddable":true,"href":"https:\/\/www.paguswinetours.com\/it\/wp-json\/wp\/v2\/product_brand?post=15580"},{"taxonomy":"product_cat","embeddable":true,"href":"https:\/\/www.paguswinetours.com\/it\/wp-json\/wp\/v2\/product_cat?post=15580"},{"taxonomy":"product_tag","embeddable":true,"href":"https:\/\/www.paguswinetours.com\/it\/wp-json\/wp\/v2\/product_tag?post=15580"}],"curies":[{"name":"wp","href":"https:\/\/api.w.org\/{rel}","templated":true}]}}