{"id":14369,"date":"2025-08-26T12:14:46","date_gmt":"2025-08-26T10:14:46","guid":{"rendered":"https:\/\/www.paguswinetours.com\/?post_type=product&#038;p=14369"},"modified":"2025-08-26T12:22:13","modified_gmt":"2025-08-26T10:22:13","slug":"amarone-della-valpolicella-classico-riserva-docg-2016-copia","status":"publish","type":"product","link":"https:\/\/www.paguswinetours.com\/it\/shop\/amarone-della-valpolicella-classico-riserva-docg-2016-copia\/","title":{"rendered":"Recioto della Valpolicella Classico DOCG 2017"},"content":{"rendered":"<div class=\"product-info\">\n<h3 class=\"italic\">Note di degustazione<\/h3>\n<p>Il\u00a0Recioto della Valpolicella, si presenta con un colore rosso rubino carico e con riflessi viola. Al naso spiccano i classici sentori dei vini della Valpolicella e quindi l\u2019amarena e la ciliegia sotto spirito fino ad arrivare alla mandorla amara. In bocca il vino \u00e8 pieno e robusto ma estremamente delicato e piacevole grazie alla avvolgente dolcezza. La chiusura ben equilibrata lascia la bocca pulita pronta ad un nuovo assaggio.<\/p>\n<\/div>\n","protected":false},"excerpt":{"rendered":"<h3 class=\"italic\">Caratteristiche<\/h3>\n<p><strong>Denominazione<\/strong>: Recioto della Valpolicella Classico DOCG<\/p>\n<p><strong>Vitigni<\/strong>: 50% di uva Corvina, 25% di Corvinone, 15% Rondinella e al 10% da altre variet\u00e0 di uve<\/p>\n<p><strong>Alcol<\/strong>: 14% Vol<\/p>\n<p><strong>Formato<\/strong>: 50 cl<\/p>\n<p><strong>Zona di produzione:<\/strong> \u00a0tutte le variet\u00e0 sono vitigni autoctoni coltivati tutti nella localit\u00e0 di Villa di Negrar, ad un altitudine compresa tra i 260 e i 280 m s.l.m.<br \/>\nLa zona collinare su cui sorgono i vitigni DolceVera assicura un esposizione al sole ottimale per la maturazione delle uve e una produzione equilibrata e pi\u00f9 ricca di alcole.<\/p>\n<p><strong>Vinificazione<\/strong>:<\/p>\n<p>Il\u00a0Recioto della Valpolicella, \u00e8 il pi\u00f9 antico dei vini prodotti in questa zona. Citato fin dai tempi dei Retici e del Re Teodorico, \u00e8 stato per secoli la vera espressione di questa terra. Viene prodotto con la stessa tecnica per l\u2019Amarone, con una vendemmia tardiva ed una cernita accurata si raccolgono le uve in cassette da 6 kg l\u2019una e vengono messe ad appassire in fruttai per 3 mesi circa. In seguito dopo la pigiatura e diraspatura, sempre a temperatura controllata, si esegue la macerazione sulle bucce per 30 giorni. Al contrario dell\u2019Amarone per\u00f2, si blocca la fermentazione, affinch\u00e9 non tutti gli zuccheri vengano trasformati in alcool ma bens\u00ec rimanga un vino dolce e profumato.<\/p>\n<p><strong>Invecchiamento e Affinamento<\/strong>:<\/p>\n<p>Affina per 12 mesi in vasche di acciaio inox e poi per un breve periodo in botti di legno. Seguono altri 6 mesi di affinamento in bottiglia.<\/p>\n<p><strong>Temperatura di servizio<\/strong>: 14\u00b0-16\u00b0C<\/p>\n","protected":false},"featured_media":14366,"template":"","meta":{"_acf_changed":false},"product_brand":[],"product_cat":[231,90],"product_tag":[],"class_list":{"0":"post-14369","1":"product","2":"type-product","3":"status-publish","4":"has-post-thumbnail","6":"product_cat-dolcevera-it","7":"product_cat-vino","9":"first","10":"instock","11":"taxable","12":"shipping-taxable","13":"purchasable","14":"product-type-simple"},"acf":[],"yoast_head":"<!-- This site is optimized with the Yoast SEO plugin v26.7 - https:\/\/yoast.com\/wordpress\/plugins\/seo\/ -->\n<title>Recioto della Valpolicella Classico DOCG 2017 - Pagus Wine Tours<\/title>\n<meta name=\"robots\" content=\"index, follow, max-snippet:-1, max-image-preview:large, max-video-preview:-1\" \/>\n<link rel=\"canonical\" href=\"https:\/\/www.paguswinetours.com\/it\/shop\/amarone-della-valpolicella-classico-riserva-docg-2016-copia\/\" \/>\n<meta property=\"og:locale\" content=\"it_IT\" \/>\n<meta property=\"og:type\" content=\"article\" \/>\n<meta property=\"og:title\" content=\"Recioto della Valpolicella Classico DOCG 2017 - Pagus Wine Tours\" \/>\n<meta property=\"og:description\" content=\"Caratteristiche Denominazione: Recioto della Valpolicella Classico DOCG  Vitigni: 50% di uva Corvina, 25% di Corvinone, 15% Rondinella e al 10% da altre variet\u00e0 di uve  Alcol: 14% Vol  Formato: 50 cl  Zona di produzione: \u00a0tutte le variet\u00e0 sono vitigni autoctoni coltivati tutti nella localit\u00e0 di Villa di Negrar, ad un altitudine compresa tra i 260 e i 280 m s.l.m. La zona collinare su cui sorgono i vitigni DolceVera assicura un esposizione al sole ottimale per la maturazione delle uve e una produzione equilibrata e pi\u00f9 ricca di alcole.  Vinificazione:  Il\u00a0Recioto della Valpolicella, \u00e8 il pi\u00f9 antico dei vini prodotti in questa zona. Citato fin dai tempi dei Retici e del Re Teodorico, \u00e8 stato per secoli la vera espressione di questa terra. Viene prodotto con la stessa tecnica per l\u2019Amarone, con una vendemmia tardiva ed una cernita accurata si raccolgono le uve in cassette da 6 kg l\u2019una e vengono messe ad appassire in fruttai per 3 mesi circa. In seguito dopo la pigiatura e diraspatura, sempre a temperatura controllata, si esegue la macerazione sulle bucce per 30 giorni. Al contrario dell\u2019Amarone per\u00f2, si blocca la fermentazione, affinch\u00e9 non tutti gli zuccheri vengano trasformati in alcool ma bens\u00ec rimanga un vino dolce e profumato.  Invecchiamento e Affinamento:  Affina per 12 mesi in vasche di acciaio inox e poi per un breve periodo in botti di legno. Seguono altri 6 mesi di affinamento in bottiglia.  Temperatura di servizio: 14\u00b0-16\u00b0C\" \/>\n<meta property=\"og:url\" content=\"https:\/\/www.paguswinetours.com\/it\/shop\/amarone-della-valpolicella-classico-riserva-docg-2016-copia\/\" \/>\n<meta property=\"og:site_name\" content=\"Pagus Wine Tours\" \/>\n<meta property=\"article:publisher\" content=\"https:\/\/www.facebook.com\/paguswinetours\/\" \/>\n<meta property=\"article:modified_time\" content=\"2025-08-26T10:22:13+00:00\" \/>\n<meta property=\"og:image\" content=\"https:\/\/www.paguswinetours.com\/wp-content\/uploads\/Recioto-Dolcevera-Ridimensionato.png\" \/>\n\t<meta property=\"og:image:width\" content=\"1080\" \/>\n\t<meta property=\"og:image:height\" content=\"1080\" \/>\n\t<meta property=\"og:image:type\" content=\"image\/png\" \/>\n<meta name=\"twitter:card\" content=\"summary_large_image\" \/>\n<meta name=\"twitter:label1\" content=\"Tempo di lettura stimato\" \/>\n\t<meta name=\"twitter:data1\" content=\"1 minuto\" \/>\n<script type=\"application\/ld+json\" class=\"yoast-schema-graph\">{\"@context\":\"https:\/\/schema.org\",\"@graph\":[{\"@type\":\"WebPage\",\"@id\":\"https:\/\/www.paguswinetours.com\/it\/shop\/amarone-della-valpolicella-classico-riserva-docg-2016-copia\/\",\"url\":\"https:\/\/www.paguswinetours.com\/it\/shop\/amarone-della-valpolicella-classico-riserva-docg-2016-copia\/\",\"name\":\"Recioto della Valpolicella Classico DOCG 2017 - Pagus Wine Tours\",\"isPartOf\":{\"@id\":\"https:\/\/www.paguswinetours.com\/it\/#website\"},\"primaryImageOfPage\":{\"@id\":\"https:\/\/www.paguswinetours.com\/it\/shop\/amarone-della-valpolicella-classico-riserva-docg-2016-copia\/#primaryimage\"},\"image\":{\"@id\":\"https:\/\/www.paguswinetours.com\/it\/shop\/amarone-della-valpolicella-classico-riserva-docg-2016-copia\/#primaryimage\"},\"thumbnailUrl\":\"https:\/\/www.paguswinetours.com\/wp-content\/uploads\/Recioto-Dolcevera-Ridimensionato.png\",\"datePublished\":\"2025-08-26T10:14:46+00:00\",\"dateModified\":\"2025-08-26T10:22:13+00:00\",\"breadcrumb\":{\"@id\":\"https:\/\/www.paguswinetours.com\/it\/shop\/amarone-della-valpolicella-classico-riserva-docg-2016-copia\/#breadcrumb\"},\"inLanguage\":\"it-IT\",\"potentialAction\":[{\"@type\":\"ReadAction\",\"target\":[\"https:\/\/www.paguswinetours.com\/it\/shop\/amarone-della-valpolicella-classico-riserva-docg-2016-copia\/\"]}]},{\"@type\":\"ImageObject\",\"inLanguage\":\"it-IT\",\"@id\":\"https:\/\/www.paguswinetours.com\/it\/shop\/amarone-della-valpolicella-classico-riserva-docg-2016-copia\/#primaryimage\",\"url\":\"https:\/\/www.paguswinetours.com\/wp-content\/uploads\/Recioto-Dolcevera-Ridimensionato.png\",\"contentUrl\":\"https:\/\/www.paguswinetours.com\/wp-content\/uploads\/Recioto-Dolcevera-Ridimensionato.png\",\"width\":1080,\"height\":1080},{\"@type\":\"BreadcrumbList\",\"@id\":\"https:\/\/www.paguswinetours.com\/it\/shop\/amarone-della-valpolicella-classico-riserva-docg-2016-copia\/#breadcrumb\",\"itemListElement\":[{\"@type\":\"ListItem\",\"position\":1,\"name\":\"Home\",\"item\":\"https:\/\/www.paguswinetours.com\/it\/\"},{\"@type\":\"ListItem\",\"position\":2,\"name\":\"Prodotti\",\"item\":\"https:\/\/www.paguswinetours.com\/it\/shop\/\"},{\"@type\":\"ListItem\",\"position\":3,\"name\":\"Recioto della Valpolicella Classico DOCG 2017\"}]},{\"@type\":\"WebSite\",\"@id\":\"https:\/\/www.paguswinetours.com\/it\/#website\",\"url\":\"https:\/\/www.paguswinetours.com\/it\/\",\"name\":\"Pagus Wine Tours\",\"description\":\"\",\"publisher\":{\"@id\":\"https:\/\/www.paguswinetours.com\/it\/#organization\"},\"potentialAction\":[{\"@type\":\"SearchAction\",\"target\":{\"@type\":\"EntryPoint\",\"urlTemplate\":\"https:\/\/www.paguswinetours.com\/it\/?s={search_term_string}\"},\"query-input\":{\"@type\":\"PropertyValueSpecification\",\"valueRequired\":true,\"valueName\":\"search_term_string\"}}],\"inLanguage\":\"it-IT\"},{\"@type\":\"Organization\",\"@id\":\"https:\/\/www.paguswinetours.com\/it\/#organization\",\"name\":\"Pagus Wine Tours\",\"url\":\"https:\/\/www.paguswinetours.com\/it\/\",\"logo\":{\"@type\":\"ImageObject\",\"inLanguage\":\"it-IT\",\"@id\":\"https:\/\/www.paguswinetours.com\/it\/#\/schema\/logo\/image\/\",\"url\":\"https:\/\/www.paguswinetours.com\/wp-content\/uploads\/logo-2-1.png\",\"contentUrl\":\"https:\/\/www.paguswinetours.com\/wp-content\/uploads\/logo-2-1.png\",\"width\":1172,\"height\":364,\"caption\":\"Pagus Wine Tours\"},\"image\":{\"@id\":\"https:\/\/www.paguswinetours.com\/it\/#\/schema\/logo\/image\/\"},\"sameAs\":[\"https:\/\/www.facebook.com\/paguswinetours\/\",\"https:\/\/www.instagram.com\/paguswinetours\/\",\"https:\/\/www.youtube.com\/channel\/UCMuOOU3pfYQT2zysLFm2u8g\"]}]}<\/script>\n<!-- \/ Yoast SEO plugin. -->","yoast_head_json":{"title":"Recioto della Valpolicella Classico DOCG 2017 - Pagus Wine Tours","robots":{"index":"index","follow":"follow","max-snippet":"max-snippet:-1","max-image-preview":"max-image-preview:large","max-video-preview":"max-video-preview:-1"},"canonical":"https:\/\/www.paguswinetours.com\/it\/shop\/amarone-della-valpolicella-classico-riserva-docg-2016-copia\/","og_locale":"it_IT","og_type":"article","og_title":"Recioto della Valpolicella Classico DOCG 2017 - Pagus Wine Tours","og_description":"Caratteristiche Denominazione: Recioto della Valpolicella Classico DOCG  Vitigni: 50% di uva Corvina, 25% di Corvinone, 15% Rondinella e al 10% da altre variet\u00e0 di uve  Alcol: 14% Vol  Formato: 50 cl  Zona di produzione: \u00a0tutte le variet\u00e0 sono vitigni autoctoni coltivati tutti nella localit\u00e0 di Villa di Negrar, ad un altitudine compresa tra i 260 e i 280 m s.l.m. La zona collinare su cui sorgono i vitigni DolceVera assicura un esposizione al sole ottimale per la maturazione delle uve e una produzione equilibrata e pi\u00f9 ricca di alcole.  Vinificazione:  Il\u00a0Recioto della Valpolicella, \u00e8 il pi\u00f9 antico dei vini prodotti in questa zona. Citato fin dai tempi dei Retici e del Re Teodorico, \u00e8 stato per secoli la vera espressione di questa terra. Viene prodotto con la stessa tecnica per l\u2019Amarone, con una vendemmia tardiva ed una cernita accurata si raccolgono le uve in cassette da 6 kg l\u2019una e vengono messe ad appassire in fruttai per 3 mesi circa. In seguito dopo la pigiatura e diraspatura, sempre a temperatura controllata, si esegue la macerazione sulle bucce per 30 giorni. Al contrario dell\u2019Amarone per\u00f2, si blocca la fermentazione, affinch\u00e9 non tutti gli zuccheri vengano trasformati in alcool ma bens\u00ec rimanga un vino dolce e profumato.  Invecchiamento e Affinamento:  Affina per 12 mesi in vasche di acciaio inox e poi per un breve periodo in botti di legno. Seguono altri 6 mesi di affinamento in bottiglia.  Temperatura di servizio: 14\u00b0-16\u00b0C","og_url":"https:\/\/www.paguswinetours.com\/it\/shop\/amarone-della-valpolicella-classico-riserva-docg-2016-copia\/","og_site_name":"Pagus Wine Tours","article_publisher":"https:\/\/www.facebook.com\/paguswinetours\/","article_modified_time":"2025-08-26T10:22:13+00:00","og_image":[{"width":1080,"height":1080,"url":"https:\/\/www.paguswinetours.com\/wp-content\/uploads\/Recioto-Dolcevera-Ridimensionato.png","type":"image\/png"}],"twitter_card":"summary_large_image","twitter_misc":{"Tempo di lettura stimato":"1 minuto"},"schema":{"@context":"https:\/\/schema.org","@graph":[{"@type":"WebPage","@id":"https:\/\/www.paguswinetours.com\/it\/shop\/amarone-della-valpolicella-classico-riserva-docg-2016-copia\/","url":"https:\/\/www.paguswinetours.com\/it\/shop\/amarone-della-valpolicella-classico-riserva-docg-2016-copia\/","name":"Recioto della Valpolicella Classico DOCG 2017 - Pagus Wine Tours","isPartOf":{"@id":"https:\/\/www.paguswinetours.com\/it\/#website"},"primaryImageOfPage":{"@id":"https:\/\/www.paguswinetours.com\/it\/shop\/amarone-della-valpolicella-classico-riserva-docg-2016-copia\/#primaryimage"},"image":{"@id":"https:\/\/www.paguswinetours.com\/it\/shop\/amarone-della-valpolicella-classico-riserva-docg-2016-copia\/#primaryimage"},"thumbnailUrl":"https:\/\/www.paguswinetours.com\/wp-content\/uploads\/Recioto-Dolcevera-Ridimensionato.png","datePublished":"2025-08-26T10:14:46+00:00","dateModified":"2025-08-26T10:22:13+00:00","breadcrumb":{"@id":"https:\/\/www.paguswinetours.com\/it\/shop\/amarone-della-valpolicella-classico-riserva-docg-2016-copia\/#breadcrumb"},"inLanguage":"it-IT","potentialAction":[{"@type":"ReadAction","target":["https:\/\/www.paguswinetours.com\/it\/shop\/amarone-della-valpolicella-classico-riserva-docg-2016-copia\/"]}]},{"@type":"ImageObject","inLanguage":"it-IT","@id":"https:\/\/www.paguswinetours.com\/it\/shop\/amarone-della-valpolicella-classico-riserva-docg-2016-copia\/#primaryimage","url":"https:\/\/www.paguswinetours.com\/wp-content\/uploads\/Recioto-Dolcevera-Ridimensionato.png","contentUrl":"https:\/\/www.paguswinetours.com\/wp-content\/uploads\/Recioto-Dolcevera-Ridimensionato.png","width":1080,"height":1080},{"@type":"BreadcrumbList","@id":"https:\/\/www.paguswinetours.com\/it\/shop\/amarone-della-valpolicella-classico-riserva-docg-2016-copia\/#breadcrumb","itemListElement":[{"@type":"ListItem","position":1,"name":"Home","item":"https:\/\/www.paguswinetours.com\/it\/"},{"@type":"ListItem","position":2,"name":"Prodotti","item":"https:\/\/www.paguswinetours.com\/it\/shop\/"},{"@type":"ListItem","position":3,"name":"Recioto della Valpolicella Classico DOCG 2017"}]},{"@type":"WebSite","@id":"https:\/\/www.paguswinetours.com\/it\/#website","url":"https:\/\/www.paguswinetours.com\/it\/","name":"Pagus Wine Tours","description":"","publisher":{"@id":"https:\/\/www.paguswinetours.com\/it\/#organization"},"potentialAction":[{"@type":"SearchAction","target":{"@type":"EntryPoint","urlTemplate":"https:\/\/www.paguswinetours.com\/it\/?s={search_term_string}"},"query-input":{"@type":"PropertyValueSpecification","valueRequired":true,"valueName":"search_term_string"}}],"inLanguage":"it-IT"},{"@type":"Organization","@id":"https:\/\/www.paguswinetours.com\/it\/#organization","name":"Pagus Wine Tours","url":"https:\/\/www.paguswinetours.com\/it\/","logo":{"@type":"ImageObject","inLanguage":"it-IT","@id":"https:\/\/www.paguswinetours.com\/it\/#\/schema\/logo\/image\/","url":"https:\/\/www.paguswinetours.com\/wp-content\/uploads\/logo-2-1.png","contentUrl":"https:\/\/www.paguswinetours.com\/wp-content\/uploads\/logo-2-1.png","width":1172,"height":364,"caption":"Pagus Wine Tours"},"image":{"@id":"https:\/\/www.paguswinetours.com\/it\/#\/schema\/logo\/image\/"},"sameAs":["https:\/\/www.facebook.com\/paguswinetours\/","https:\/\/www.instagram.com\/paguswinetours\/","https:\/\/www.youtube.com\/channel\/UCMuOOU3pfYQT2zysLFm2u8g"]}]}},"_links":{"self":[{"href":"https:\/\/www.paguswinetours.com\/it\/wp-json\/wp\/v2\/product\/14369","targetHints":{"allow":["GET"]}}],"collection":[{"href":"https:\/\/www.paguswinetours.com\/it\/wp-json\/wp\/v2\/product"}],"about":[{"href":"https:\/\/www.paguswinetours.com\/it\/wp-json\/wp\/v2\/types\/product"}],"wp:featuredmedia":[{"embeddable":true,"href":"https:\/\/www.paguswinetours.com\/it\/wp-json\/wp\/v2\/media\/14366"}],"wp:attachment":[{"href":"https:\/\/www.paguswinetours.com\/it\/wp-json\/wp\/v2\/media?parent=14369"}],"wp:term":[{"taxonomy":"product_brand","embeddable":true,"href":"https:\/\/www.paguswinetours.com\/it\/wp-json\/wp\/v2\/product_brand?post=14369"},{"taxonomy":"product_cat","embeddable":true,"href":"https:\/\/www.paguswinetours.com\/it\/wp-json\/wp\/v2\/product_cat?post=14369"},{"taxonomy":"product_tag","embeddable":true,"href":"https:\/\/www.paguswinetours.com\/it\/wp-json\/wp\/v2\/product_tag?post=14369"}],"curies":[{"name":"wp","href":"https:\/\/api.w.org\/{rel}","templated":true}]}}