{"id":14362,"date":"2025-08-26T11:07:00","date_gmt":"2025-08-26T09:07:00","guid":{"rendered":"https:\/\/www.paguswinetours.com\/?post_type=product&#038;p=14362"},"modified":"2025-08-26T12:11:54","modified_gmt":"2025-08-26T10:11:54","slug":"amarone-della-valpolicella-classico-docg-2018-dolcevera-copia","status":"publish","type":"product","link":"https:\/\/www.paguswinetours.com\/it\/shop\/amarone-della-valpolicella-classico-docg-2018-dolcevera-copia\/","title":{"rendered":"Amarone della Valpolicella Classico Riserva DOCG 2016"},"content":{"rendered":"<div class=\"product-info\">\n<h3 class=\"italic\">Note di degustazione<\/h3>\n<p>Si presenta con un colore rosso rubino, con riflessi granati. Al naso esprime un bouquet molto intenso, complesso e maestoso. Si percepiscono i sentori tipici di frutta rossa sotto spirito come marasca e ciliegia. Completa con sentori terziari di cioccolato caff\u00e8 e vaniglia. Al gusto, il vino si presenta morbido e setoso con una lunga persistenza. La forza di questo vino sta nella chiusura elegante e pulita che dona finezza ad un vino di grande evoluzione e capacit\u00e0 di invecchiamento.<\/p>\n<\/div>\n","protected":false},"excerpt":{"rendered":"<h3 class=\"italic\">Caratteristiche<\/h3>\n<p><strong>Denominazione<\/strong>: Amarone della Valpolicella Classico Riserva DOC<\/p>\n<p><strong>Vitigni<\/strong>: 50% di uva Corvina, 25% di Corvinone e dal 15% di Rondinella, e al 10% da altre variet\u00e0 di uve<\/p>\n<p><strong>Alcol<\/strong>: 16% Vol<\/p>\n<p><strong>Formato<\/strong>: 75 cl<\/p>\n<p><strong>Zona di produzione:<\/strong> \u00a0tutte le variet\u00e0 sono vitigni autoctoni coltivati nell\u2019appezzamento \u201cMolino di Villa\u201d, ad un altitudine compresa tra i 280 e i 300 m s.l.m. In particolare vengono selezionate le uve dalle viti pi\u00f9 vecchie che arrivano anche a 40-50 anni. La zona collinare dove \u00e8 situato questo appezzamento assicura un esposizione verso Sud- Ovest e permette una ottima maturazione delle uve.<\/p>\n<p><strong>Vinificazione<\/strong>:<\/p>\n<p>L\u2019Amarone della Valpolicella\u00a0Classico Riserva\u00a0DolceVera<strong>,<\/strong>\u00a0\u00e8 prodotto solamente nelle migliori annate ed \u00e8 ottenuto dalle migliori uve che provengo dalle viti pi\u00f9 vecchie. Raccolte verso la fine di settembre e inizio ottobre. Dopo essere state selezione con una cernita estremamente accurata, vengono messe in cassette da 6 kg l\u2019una e successivamente ad appassire in fruttai per 3 mesi circa. Dopo un calo del peso del 40%, si procede con la pigiatura e diraspatura, la fermentazione avviene in vasche di acciaio a temperatura controllata 20 \u00b0C e la macerazione sulle bucce dura all\u2019incirca 30 giorni. Quello che si ottiene \u00e8 un vino sontuoso ed importante con gradazioni alcoliche notevoli ed una struttura altrettanto imponente.e dura all\u2019incirca 30 giorni. Quello che si ottiene \u00e8 un vino sontuoso ed importante con gradazioni alcoliche notevoli ed una struttura altrettanto imponente.<\/p>\n<p><strong>Invecchiamento e Affinamento<\/strong>:<\/p>\n<p>L&#8217;Amarone\u00a0affina per 60 mesi in botticelle da 7,5 hl sia di rovere francese che di rovere di Slavonia. Entrambi i legni donano note differenti al vino che ne amplifica la complessit\u00e0. Seguono minimo altri 2 anni di affinamento in bottiglia prima della messa in commercio.<\/p>\n<p><strong>Temperatura di servizio<\/strong>: 14\u00b0-16\u00b0C<\/p>\n","protected":false},"featured_media":14364,"template":"","meta":{"_acf_changed":false},"product_brand":[],"product_cat":[231,90],"product_tag":[],"class_list":{"0":"post-14362","1":"product","2":"type-product","3":"status-publish","4":"has-post-thumbnail","6":"product_cat-dolcevera-it","7":"product_cat-vino","9":"first","10":"instock","11":"taxable","12":"shipping-taxable","13":"purchasable","14":"product-type-simple"},"acf":[],"yoast_head":"<!-- This site is optimized with the Yoast SEO plugin v26.7 - https:\/\/yoast.com\/wordpress\/plugins\/seo\/ -->\n<title>Amarone della Valpolicella Classico Riserva DOCG 2016 - Pagus Wine Tours<\/title>\n<meta name=\"robots\" content=\"index, follow, max-snippet:-1, max-image-preview:large, max-video-preview:-1\" \/>\n<link rel=\"canonical\" href=\"https:\/\/www.paguswinetours.com\/it\/shop\/amarone-della-valpolicella-classico-docg-2018-dolcevera-copia\/\" \/>\n<meta property=\"og:locale\" content=\"it_IT\" \/>\n<meta property=\"og:type\" content=\"article\" \/>\n<meta property=\"og:title\" content=\"Amarone della Valpolicella Classico Riserva DOCG 2016 - Pagus Wine Tours\" \/>\n<meta property=\"og:description\" content=\"Caratteristiche Denominazione: Amarone della Valpolicella Classico Riserva DOC  Vitigni: 50% di uva Corvina, 25% di Corvinone e dal 15% di Rondinella, e al 10% da altre variet\u00e0 di uve  Alcol: 16% Vol  Formato: 75 cl  Zona di produzione: \u00a0tutte le variet\u00e0 sono vitigni autoctoni coltivati nell\u2019appezzamento \u201cMolino di Villa\u201d, ad un altitudine compresa tra i 280 e i 300 m s.l.m. In particolare vengono selezionate le uve dalle viti pi\u00f9 vecchie che arrivano anche a 40-50 anni. La zona collinare dove \u00e8 situato questo appezzamento assicura un esposizione verso Sud- Ovest e permette una ottima maturazione delle uve.  Vinificazione:  L\u2019Amarone della Valpolicella\u00a0Classico Riserva\u00a0DolceVera,\u00a0\u00e8 prodotto solamente nelle migliori annate ed \u00e8 ottenuto dalle migliori uve che provengo dalle viti pi\u00f9 vecchie. Raccolte verso la fine di settembre e inizio ottobre. Dopo essere state selezione con una cernita estremamente accurata, vengono messe in cassette da 6 kg l\u2019una e successivamente ad appassire in fruttai per 3 mesi circa. Dopo un calo del peso del 40%, si procede con la pigiatura e diraspatura, la fermentazione avviene in vasche di acciaio a temperatura controllata 20 \u00b0C e la macerazione sulle bucce dura all\u2019incirca 30 giorni. Quello che si ottiene \u00e8 un vino sontuoso ed importante con gradazioni alcoliche notevoli ed una struttura altrettanto imponente.e dura all\u2019incirca 30 giorni. Quello che si ottiene \u00e8 un vino sontuoso ed importante con gradazioni alcoliche notevoli ed una struttura altrettanto imponente.  Invecchiamento e Affinamento:  L&#039;Amarone\u00a0affina per 60 mesi in botticelle da 7,5 hl sia di rovere francese che di rovere di Slavonia. Entrambi i legni donano note differenti al vino che ne amplifica la complessit\u00e0. Seguono minimo altri 2 anni di affinamento in bottiglia prima della messa in commercio.  Temperatura di servizio: 14\u00b0-16\u00b0C\" \/>\n<meta property=\"og:url\" content=\"https:\/\/www.paguswinetours.com\/it\/shop\/amarone-della-valpolicella-classico-docg-2018-dolcevera-copia\/\" \/>\n<meta property=\"og:site_name\" content=\"Pagus Wine Tours\" \/>\n<meta property=\"article:publisher\" content=\"https:\/\/www.facebook.com\/paguswinetours\/\" \/>\n<meta property=\"article:modified_time\" content=\"2025-08-26T10:11:54+00:00\" \/>\n<meta property=\"og:image\" content=\"https:\/\/www.paguswinetours.com\/wp-content\/uploads\/Amarone-Dolcevera-Ridimensionato.png\" \/>\n\t<meta property=\"og:image:width\" content=\"1080\" \/>\n\t<meta property=\"og:image:height\" content=\"1080\" \/>\n\t<meta property=\"og:image:type\" content=\"image\/png\" \/>\n<meta name=\"twitter:card\" content=\"summary_large_image\" \/>\n<meta name=\"twitter:label1\" content=\"Tempo di lettura stimato\" \/>\n\t<meta name=\"twitter:data1\" content=\"1 minuto\" \/>\n<script type=\"application\/ld+json\" class=\"yoast-schema-graph\">{\"@context\":\"https:\/\/schema.org\",\"@graph\":[{\"@type\":\"WebPage\",\"@id\":\"https:\/\/www.paguswinetours.com\/it\/shop\/amarone-della-valpolicella-classico-docg-2018-dolcevera-copia\/\",\"url\":\"https:\/\/www.paguswinetours.com\/it\/shop\/amarone-della-valpolicella-classico-docg-2018-dolcevera-copia\/\",\"name\":\"Amarone della Valpolicella Classico Riserva DOCG 2016 - Pagus Wine Tours\",\"isPartOf\":{\"@id\":\"https:\/\/www.paguswinetours.com\/it\/#website\"},\"primaryImageOfPage\":{\"@id\":\"https:\/\/www.paguswinetours.com\/it\/shop\/amarone-della-valpolicella-classico-docg-2018-dolcevera-copia\/#primaryimage\"},\"image\":{\"@id\":\"https:\/\/www.paguswinetours.com\/it\/shop\/amarone-della-valpolicella-classico-docg-2018-dolcevera-copia\/#primaryimage\"},\"thumbnailUrl\":\"https:\/\/www.paguswinetours.com\/wp-content\/uploads\/Amarone-Dolcevera-Ridimensionato.png\",\"datePublished\":\"2025-08-26T09:07:00+00:00\",\"dateModified\":\"2025-08-26T10:11:54+00:00\",\"breadcrumb\":{\"@id\":\"https:\/\/www.paguswinetours.com\/it\/shop\/amarone-della-valpolicella-classico-docg-2018-dolcevera-copia\/#breadcrumb\"},\"inLanguage\":\"it-IT\",\"potentialAction\":[{\"@type\":\"ReadAction\",\"target\":[\"https:\/\/www.paguswinetours.com\/it\/shop\/amarone-della-valpolicella-classico-docg-2018-dolcevera-copia\/\"]}]},{\"@type\":\"ImageObject\",\"inLanguage\":\"it-IT\",\"@id\":\"https:\/\/www.paguswinetours.com\/it\/shop\/amarone-della-valpolicella-classico-docg-2018-dolcevera-copia\/#primaryimage\",\"url\":\"https:\/\/www.paguswinetours.com\/wp-content\/uploads\/Amarone-Dolcevera-Ridimensionato.png\",\"contentUrl\":\"https:\/\/www.paguswinetours.com\/wp-content\/uploads\/Amarone-Dolcevera-Ridimensionato.png\",\"width\":1080,\"height\":1080},{\"@type\":\"BreadcrumbList\",\"@id\":\"https:\/\/www.paguswinetours.com\/it\/shop\/amarone-della-valpolicella-classico-docg-2018-dolcevera-copia\/#breadcrumb\",\"itemListElement\":[{\"@type\":\"ListItem\",\"position\":1,\"name\":\"Home\",\"item\":\"https:\/\/www.paguswinetours.com\/it\/\"},{\"@type\":\"ListItem\",\"position\":2,\"name\":\"Prodotti\",\"item\":\"https:\/\/www.paguswinetours.com\/it\/shop\/\"},{\"@type\":\"ListItem\",\"position\":3,\"name\":\"Amarone della Valpolicella Classico Riserva DOCG 2016\"}]},{\"@type\":\"WebSite\",\"@id\":\"https:\/\/www.paguswinetours.com\/it\/#website\",\"url\":\"https:\/\/www.paguswinetours.com\/it\/\",\"name\":\"Pagus Wine Tours\",\"description\":\"\",\"publisher\":{\"@id\":\"https:\/\/www.paguswinetours.com\/it\/#organization\"},\"potentialAction\":[{\"@type\":\"SearchAction\",\"target\":{\"@type\":\"EntryPoint\",\"urlTemplate\":\"https:\/\/www.paguswinetours.com\/it\/?s={search_term_string}\"},\"query-input\":{\"@type\":\"PropertyValueSpecification\",\"valueRequired\":true,\"valueName\":\"search_term_string\"}}],\"inLanguage\":\"it-IT\"},{\"@type\":\"Organization\",\"@id\":\"https:\/\/www.paguswinetours.com\/it\/#organization\",\"name\":\"Pagus Wine Tours\",\"url\":\"https:\/\/www.paguswinetours.com\/it\/\",\"logo\":{\"@type\":\"ImageObject\",\"inLanguage\":\"it-IT\",\"@id\":\"https:\/\/www.paguswinetours.com\/it\/#\/schema\/logo\/image\/\",\"url\":\"https:\/\/www.paguswinetours.com\/wp-content\/uploads\/logo-2-1.png\",\"contentUrl\":\"https:\/\/www.paguswinetours.com\/wp-content\/uploads\/logo-2-1.png\",\"width\":1172,\"height\":364,\"caption\":\"Pagus Wine Tours\"},\"image\":{\"@id\":\"https:\/\/www.paguswinetours.com\/it\/#\/schema\/logo\/image\/\"},\"sameAs\":[\"https:\/\/www.facebook.com\/paguswinetours\/\",\"https:\/\/www.instagram.com\/paguswinetours\/\",\"https:\/\/www.youtube.com\/channel\/UCMuOOU3pfYQT2zysLFm2u8g\"]}]}<\/script>\n<!-- \/ Yoast SEO plugin. -->","yoast_head_json":{"title":"Amarone della Valpolicella Classico Riserva DOCG 2016 - Pagus Wine Tours","robots":{"index":"index","follow":"follow","max-snippet":"max-snippet:-1","max-image-preview":"max-image-preview:large","max-video-preview":"max-video-preview:-1"},"canonical":"https:\/\/www.paguswinetours.com\/it\/shop\/amarone-della-valpolicella-classico-docg-2018-dolcevera-copia\/","og_locale":"it_IT","og_type":"article","og_title":"Amarone della Valpolicella Classico Riserva DOCG 2016 - Pagus Wine Tours","og_description":"Caratteristiche Denominazione: Amarone della Valpolicella Classico Riserva DOC  Vitigni: 50% di uva Corvina, 25% di Corvinone e dal 15% di Rondinella, e al 10% da altre variet\u00e0 di uve  Alcol: 16% Vol  Formato: 75 cl  Zona di produzione: \u00a0tutte le variet\u00e0 sono vitigni autoctoni coltivati nell\u2019appezzamento \u201cMolino di Villa\u201d, ad un altitudine compresa tra i 280 e i 300 m s.l.m. In particolare vengono selezionate le uve dalle viti pi\u00f9 vecchie che arrivano anche a 40-50 anni. La zona collinare dove \u00e8 situato questo appezzamento assicura un esposizione verso Sud- Ovest e permette una ottima maturazione delle uve.  Vinificazione:  L\u2019Amarone della Valpolicella\u00a0Classico Riserva\u00a0DolceVera,\u00a0\u00e8 prodotto solamente nelle migliori annate ed \u00e8 ottenuto dalle migliori uve che provengo dalle viti pi\u00f9 vecchie. Raccolte verso la fine di settembre e inizio ottobre. Dopo essere state selezione con una cernita estremamente accurata, vengono messe in cassette da 6 kg l\u2019una e successivamente ad appassire in fruttai per 3 mesi circa. Dopo un calo del peso del 40%, si procede con la pigiatura e diraspatura, la fermentazione avviene in vasche di acciaio a temperatura controllata 20 \u00b0C e la macerazione sulle bucce dura all\u2019incirca 30 giorni. Quello che si ottiene \u00e8 un vino sontuoso ed importante con gradazioni alcoliche notevoli ed una struttura altrettanto imponente.e dura all\u2019incirca 30 giorni. Quello che si ottiene \u00e8 un vino sontuoso ed importante con gradazioni alcoliche notevoli ed una struttura altrettanto imponente.  Invecchiamento e Affinamento:  L'Amarone\u00a0affina per 60 mesi in botticelle da 7,5 hl sia di rovere francese che di rovere di Slavonia. Entrambi i legni donano note differenti al vino che ne amplifica la complessit\u00e0. Seguono minimo altri 2 anni di affinamento in bottiglia prima della messa in commercio.  Temperatura di servizio: 14\u00b0-16\u00b0C","og_url":"https:\/\/www.paguswinetours.com\/it\/shop\/amarone-della-valpolicella-classico-docg-2018-dolcevera-copia\/","og_site_name":"Pagus Wine Tours","article_publisher":"https:\/\/www.facebook.com\/paguswinetours\/","article_modified_time":"2025-08-26T10:11:54+00:00","og_image":[{"width":1080,"height":1080,"url":"https:\/\/www.paguswinetours.com\/wp-content\/uploads\/Amarone-Dolcevera-Ridimensionato.png","type":"image\/png"}],"twitter_card":"summary_large_image","twitter_misc":{"Tempo di lettura stimato":"1 minuto"},"schema":{"@context":"https:\/\/schema.org","@graph":[{"@type":"WebPage","@id":"https:\/\/www.paguswinetours.com\/it\/shop\/amarone-della-valpolicella-classico-docg-2018-dolcevera-copia\/","url":"https:\/\/www.paguswinetours.com\/it\/shop\/amarone-della-valpolicella-classico-docg-2018-dolcevera-copia\/","name":"Amarone della Valpolicella Classico Riserva DOCG 2016 - Pagus Wine Tours","isPartOf":{"@id":"https:\/\/www.paguswinetours.com\/it\/#website"},"primaryImageOfPage":{"@id":"https:\/\/www.paguswinetours.com\/it\/shop\/amarone-della-valpolicella-classico-docg-2018-dolcevera-copia\/#primaryimage"},"image":{"@id":"https:\/\/www.paguswinetours.com\/it\/shop\/amarone-della-valpolicella-classico-docg-2018-dolcevera-copia\/#primaryimage"},"thumbnailUrl":"https:\/\/www.paguswinetours.com\/wp-content\/uploads\/Amarone-Dolcevera-Ridimensionato.png","datePublished":"2025-08-26T09:07:00+00:00","dateModified":"2025-08-26T10:11:54+00:00","breadcrumb":{"@id":"https:\/\/www.paguswinetours.com\/it\/shop\/amarone-della-valpolicella-classico-docg-2018-dolcevera-copia\/#breadcrumb"},"inLanguage":"it-IT","potentialAction":[{"@type":"ReadAction","target":["https:\/\/www.paguswinetours.com\/it\/shop\/amarone-della-valpolicella-classico-docg-2018-dolcevera-copia\/"]}]},{"@type":"ImageObject","inLanguage":"it-IT","@id":"https:\/\/www.paguswinetours.com\/it\/shop\/amarone-della-valpolicella-classico-docg-2018-dolcevera-copia\/#primaryimage","url":"https:\/\/www.paguswinetours.com\/wp-content\/uploads\/Amarone-Dolcevera-Ridimensionato.png","contentUrl":"https:\/\/www.paguswinetours.com\/wp-content\/uploads\/Amarone-Dolcevera-Ridimensionato.png","width":1080,"height":1080},{"@type":"BreadcrumbList","@id":"https:\/\/www.paguswinetours.com\/it\/shop\/amarone-della-valpolicella-classico-docg-2018-dolcevera-copia\/#breadcrumb","itemListElement":[{"@type":"ListItem","position":1,"name":"Home","item":"https:\/\/www.paguswinetours.com\/it\/"},{"@type":"ListItem","position":2,"name":"Prodotti","item":"https:\/\/www.paguswinetours.com\/it\/shop\/"},{"@type":"ListItem","position":3,"name":"Amarone della Valpolicella Classico Riserva DOCG 2016"}]},{"@type":"WebSite","@id":"https:\/\/www.paguswinetours.com\/it\/#website","url":"https:\/\/www.paguswinetours.com\/it\/","name":"Pagus Wine Tours","description":"","publisher":{"@id":"https:\/\/www.paguswinetours.com\/it\/#organization"},"potentialAction":[{"@type":"SearchAction","target":{"@type":"EntryPoint","urlTemplate":"https:\/\/www.paguswinetours.com\/it\/?s={search_term_string}"},"query-input":{"@type":"PropertyValueSpecification","valueRequired":true,"valueName":"search_term_string"}}],"inLanguage":"it-IT"},{"@type":"Organization","@id":"https:\/\/www.paguswinetours.com\/it\/#organization","name":"Pagus Wine Tours","url":"https:\/\/www.paguswinetours.com\/it\/","logo":{"@type":"ImageObject","inLanguage":"it-IT","@id":"https:\/\/www.paguswinetours.com\/it\/#\/schema\/logo\/image\/","url":"https:\/\/www.paguswinetours.com\/wp-content\/uploads\/logo-2-1.png","contentUrl":"https:\/\/www.paguswinetours.com\/wp-content\/uploads\/logo-2-1.png","width":1172,"height":364,"caption":"Pagus Wine Tours"},"image":{"@id":"https:\/\/www.paguswinetours.com\/it\/#\/schema\/logo\/image\/"},"sameAs":["https:\/\/www.facebook.com\/paguswinetours\/","https:\/\/www.instagram.com\/paguswinetours\/","https:\/\/www.youtube.com\/channel\/UCMuOOU3pfYQT2zysLFm2u8g"]}]}},"_links":{"self":[{"href":"https:\/\/www.paguswinetours.com\/it\/wp-json\/wp\/v2\/product\/14362","targetHints":{"allow":["GET"]}}],"collection":[{"href":"https:\/\/www.paguswinetours.com\/it\/wp-json\/wp\/v2\/product"}],"about":[{"href":"https:\/\/www.paguswinetours.com\/it\/wp-json\/wp\/v2\/types\/product"}],"wp:featuredmedia":[{"embeddable":true,"href":"https:\/\/www.paguswinetours.com\/it\/wp-json\/wp\/v2\/media\/14364"}],"wp:attachment":[{"href":"https:\/\/www.paguswinetours.com\/it\/wp-json\/wp\/v2\/media?parent=14362"}],"wp:term":[{"taxonomy":"product_brand","embeddable":true,"href":"https:\/\/www.paguswinetours.com\/it\/wp-json\/wp\/v2\/product_brand?post=14362"},{"taxonomy":"product_cat","embeddable":true,"href":"https:\/\/www.paguswinetours.com\/it\/wp-json\/wp\/v2\/product_cat?post=14362"},{"taxonomy":"product_tag","embeddable":true,"href":"https:\/\/www.paguswinetours.com\/it\/wp-json\/wp\/v2\/product_tag?post=14362"}],"curies":[{"name":"wp","href":"https:\/\/api.w.org\/{rel}","templated":true}]}}