{"id":14355,"date":"2025-08-22T15:04:35","date_gmt":"2025-08-22T13:04:35","guid":{"rendered":"https:\/\/www.paguswinetours.com\/?post_type=product&#038;p=14355"},"modified":"2025-12-20T09:06:23","modified_gmt":"2025-12-20T08:06:23","slug":"valpolicella-classico-superiore-doc-2020-dolcevera-copia","status":"publish","type":"product","link":"https:\/\/www.paguswinetours.com\/it\/shop\/valpolicella-classico-superiore-doc-2020-dolcevera-copia\/","title":{"rendered":"Valpolicella Ripasso Classico Superiore DOC 2022 DolceVera"},"content":{"rendered":"<div class=\"product-info\">\n<h3 class=\"italic\">Note di degustazione<\/h3>\n<p>Si presenta con un rosso rubino intenso, limpido e consistente. Al naso esprime un buona complessit\u00e0, data da sentori di confettura di frutti rossi (ciliegia e amarena), e da note speziate come vaniglia e pepe nero. In bocca \u00e8 caldo, intenso e persistente. Una buona freschezza, bilancia molto bene la presenza del tannino. Le note retro olfattiva richiamano ancora il frutto in tutta la sua evoluzione.<\/p>\n<\/div>\n","protected":false},"excerpt":{"rendered":"<h3 class=\"italic\">Caratteristiche<\/h3>\n<p><strong>Denominazione<\/strong>: Valpolicella Ripasso Classico Superiore DOC<\/p>\n<p><strong>Vitigni<\/strong>: 50% di uva Corvina, 25% di Corvinone e dal 25% di Rondinella<\/p>\n<p><strong>Alcol<\/strong>: 14% Vol<\/p>\n<p><strong>Formato<\/strong>: 75 cl<\/p>\n<p><strong>Zona di produzione:<\/strong> \u00a0vitigni autoctoni coltivati tutti nella localit\u00e0 di Villa di Negrar, ad un altitudine compresa tra i 260 e i 280 m s.l.m.<br \/>\nLa zona collinare su cui sorgono i vitigni DolceVera assicura un esposizione al sole ottimale per la maturazione delle uve e una produzione equilibrata e pi\u00f9 ricca di alcole.<\/p>\n<p><strong>Vinificazione<\/strong>:<\/p>\n<p>Il\u00a0Valpolicella Classico Superiore Ripasso, viene prodotto con la tradizionale tecnica del \u201cRipasso\u201d,<br \/>\nla quale consiste appunto nel far ripassare parte del Valpolicella Classico sulle vinacce dell\u2019Amarone e Recioto. Cos\u00ec facendo, si innesca una seconda fermentazione e il risultato ottenuto \u00e8 un vino con maggior corpo e struttura. Per ottenere ci\u00f2 si praticano rimontaggi e macerazioni che durano all\u2019incirca 20 giorni il tutto sempre a temperatura controllata, 24 C\u00b0.<\/p>\n<p><strong>Invecchiamento e Affinamento<\/strong>:<\/p>\n<p>Il\u00a0Ripasso, affina in botti di rovere da 7,5 ht. per un minimo di 12 mesi e per un minimo di 6 mesi in bottiglia. Qui il vino completa la sua maturazione e si affina lentamente per poter esprimere tutto il suo bouquet. Per l\u2019affinamento dei nostri vini, usiamo sia rovere francese che rovere di slavonia, per poter dare maggiore complessit\u00e0 e per esaltare al meglio le caratteristiche del vino.<\/p>\n<p><strong>Temperatura di servizio<\/strong>: 14\u00b0-16\u00b0C<\/p>\n","protected":false},"featured_media":14324,"template":"","meta":{"_acf_changed":false},"product_brand":[],"product_cat":[231,90],"product_tag":[],"class_list":{"0":"post-14355","1":"product","2":"type-product","3":"status-publish","4":"has-post-thumbnail","6":"product_cat-dolcevera-it","7":"product_cat-vino","9":"first","10":"instock","11":"taxable","12":"shipping-taxable","13":"purchasable","14":"product-type-simple"},"acf":[],"yoast_head":"<!-- This site is optimized with the Yoast SEO plugin v26.7 - https:\/\/yoast.com\/wordpress\/plugins\/seo\/ -->\n<title>Valpolicella Ripasso Classico Superiore DOC 2022 DolceVera - Pagus Wine Tours<\/title>\n<meta name=\"robots\" content=\"index, follow, max-snippet:-1, max-image-preview:large, max-video-preview:-1\" \/>\n<link rel=\"canonical\" href=\"https:\/\/www.paguswinetours.com\/it\/shop\/valpolicella-classico-superiore-doc-2020-dolcevera-copia\/\" \/>\n<meta property=\"og:locale\" content=\"it_IT\" \/>\n<meta property=\"og:type\" content=\"article\" \/>\n<meta property=\"og:title\" content=\"Valpolicella Ripasso Classico Superiore DOC 2022 DolceVera - Pagus Wine Tours\" \/>\n<meta property=\"og:description\" content=\"Caratteristiche Denominazione: Valpolicella Ripasso Classico Superiore DOC  Vitigni: 50% di uva Corvina, 25% di Corvinone e dal 25% di Rondinella  Alcol: 14% Vol  Formato: 75 cl  Zona di produzione: \u00a0vitigni autoctoni coltivati tutti nella localit\u00e0 di Villa di Negrar, ad un altitudine compresa tra i 260 e i 280 m s.l.m. La zona collinare su cui sorgono i vitigni DolceVera assicura un esposizione al sole ottimale per la maturazione delle uve e una produzione equilibrata e pi\u00f9 ricca di alcole.  Vinificazione:  Il\u00a0Valpolicella Classico Superiore Ripasso, viene prodotto con la tradizionale tecnica del \u201cRipasso\u201d, la quale consiste appunto nel far ripassare parte del Valpolicella Classico sulle vinacce dell\u2019Amarone e Recioto. Cos\u00ec facendo, si innesca una seconda fermentazione e il risultato ottenuto \u00e8 un vino con maggior corpo e struttura. Per ottenere ci\u00f2 si praticano rimontaggi e macerazioni che durano all\u2019incirca 20 giorni il tutto sempre a temperatura controllata, 24 C\u00b0.  Invecchiamento e Affinamento:  Il\u00a0Ripasso, affina in botti di rovere da 7,5 ht. per un minimo di 12 mesi e per un minimo di 6 mesi in bottiglia. Qui il vino completa la sua maturazione e si affina lentamente per poter esprimere tutto il suo bouquet. Per l\u2019affinamento dei nostri vini, usiamo sia rovere francese che rovere di slavonia, per poter dare maggiore complessit\u00e0 e per esaltare al meglio le caratteristiche del vino.  Temperatura di servizio: 14\u00b0-16\u00b0C\" \/>\n<meta property=\"og:url\" content=\"https:\/\/www.paguswinetours.com\/it\/shop\/valpolicella-classico-superiore-doc-2020-dolcevera-copia\/\" \/>\n<meta property=\"og:site_name\" content=\"Pagus Wine Tours\" \/>\n<meta property=\"article:publisher\" content=\"https:\/\/www.facebook.com\/paguswinetours\/\" \/>\n<meta property=\"article:modified_time\" content=\"2025-12-20T08:06:23+00:00\" \/>\n<meta property=\"og:image\" content=\"https:\/\/www.paguswinetours.com\/wp-content\/uploads\/dolcevera-valpolicella-ripasso-classico-superiore.png\" \/>\n\t<meta property=\"og:image:width\" content=\"770\" \/>\n\t<meta property=\"og:image:height\" content=\"770\" \/>\n\t<meta property=\"og:image:type\" content=\"image\/png\" \/>\n<meta name=\"twitter:card\" content=\"summary_large_image\" \/>\n<meta name=\"twitter:label1\" content=\"Tempo di lettura stimato\" \/>\n\t<meta name=\"twitter:data1\" content=\"1 minuto\" \/>\n<script type=\"application\/ld+json\" class=\"yoast-schema-graph\">{\"@context\":\"https:\/\/schema.org\",\"@graph\":[{\"@type\":\"WebPage\",\"@id\":\"https:\/\/www.paguswinetours.com\/it\/shop\/valpolicella-classico-superiore-doc-2020-dolcevera-copia\/\",\"url\":\"https:\/\/www.paguswinetours.com\/it\/shop\/valpolicella-classico-superiore-doc-2020-dolcevera-copia\/\",\"name\":\"Valpolicella Ripasso Classico Superiore DOC 2022 DolceVera - Pagus Wine Tours\",\"isPartOf\":{\"@id\":\"https:\/\/www.paguswinetours.com\/it\/#website\"},\"primaryImageOfPage\":{\"@id\":\"https:\/\/www.paguswinetours.com\/it\/shop\/valpolicella-classico-superiore-doc-2020-dolcevera-copia\/#primaryimage\"},\"image\":{\"@id\":\"https:\/\/www.paguswinetours.com\/it\/shop\/valpolicella-classico-superiore-doc-2020-dolcevera-copia\/#primaryimage\"},\"thumbnailUrl\":\"https:\/\/www.paguswinetours.com\/wp-content\/uploads\/dolcevera-valpolicella-ripasso-classico-superiore.png\",\"datePublished\":\"2025-08-22T13:04:35+00:00\",\"dateModified\":\"2025-12-20T08:06:23+00:00\",\"breadcrumb\":{\"@id\":\"https:\/\/www.paguswinetours.com\/it\/shop\/valpolicella-classico-superiore-doc-2020-dolcevera-copia\/#breadcrumb\"},\"inLanguage\":\"it-IT\",\"potentialAction\":[{\"@type\":\"ReadAction\",\"target\":[\"https:\/\/www.paguswinetours.com\/it\/shop\/valpolicella-classico-superiore-doc-2020-dolcevera-copia\/\"]}]},{\"@type\":\"ImageObject\",\"inLanguage\":\"it-IT\",\"@id\":\"https:\/\/www.paguswinetours.com\/it\/shop\/valpolicella-classico-superiore-doc-2020-dolcevera-copia\/#primaryimage\",\"url\":\"https:\/\/www.paguswinetours.com\/wp-content\/uploads\/dolcevera-valpolicella-ripasso-classico-superiore.png\",\"contentUrl\":\"https:\/\/www.paguswinetours.com\/wp-content\/uploads\/dolcevera-valpolicella-ripasso-classico-superiore.png\",\"width\":770,\"height\":770},{\"@type\":\"BreadcrumbList\",\"@id\":\"https:\/\/www.paguswinetours.com\/it\/shop\/valpolicella-classico-superiore-doc-2020-dolcevera-copia\/#breadcrumb\",\"itemListElement\":[{\"@type\":\"ListItem\",\"position\":1,\"name\":\"Home\",\"item\":\"https:\/\/www.paguswinetours.com\/it\/\"},{\"@type\":\"ListItem\",\"position\":2,\"name\":\"Prodotti\",\"item\":\"https:\/\/www.paguswinetours.com\/it\/shop\/\"},{\"@type\":\"ListItem\",\"position\":3,\"name\":\"Valpolicella Ripasso Classico Superiore DOC 2022 DolceVera\"}]},{\"@type\":\"WebSite\",\"@id\":\"https:\/\/www.paguswinetours.com\/it\/#website\",\"url\":\"https:\/\/www.paguswinetours.com\/it\/\",\"name\":\"Pagus Wine Tours\",\"description\":\"\",\"publisher\":{\"@id\":\"https:\/\/www.paguswinetours.com\/it\/#organization\"},\"potentialAction\":[{\"@type\":\"SearchAction\",\"target\":{\"@type\":\"EntryPoint\",\"urlTemplate\":\"https:\/\/www.paguswinetours.com\/it\/?s={search_term_string}\"},\"query-input\":{\"@type\":\"PropertyValueSpecification\",\"valueRequired\":true,\"valueName\":\"search_term_string\"}}],\"inLanguage\":\"it-IT\"},{\"@type\":\"Organization\",\"@id\":\"https:\/\/www.paguswinetours.com\/it\/#organization\",\"name\":\"Pagus Wine Tours\",\"url\":\"https:\/\/www.paguswinetours.com\/it\/\",\"logo\":{\"@type\":\"ImageObject\",\"inLanguage\":\"it-IT\",\"@id\":\"https:\/\/www.paguswinetours.com\/it\/#\/schema\/logo\/image\/\",\"url\":\"https:\/\/www.paguswinetours.com\/wp-content\/uploads\/logo-2-1.png\",\"contentUrl\":\"https:\/\/www.paguswinetours.com\/wp-content\/uploads\/logo-2-1.png\",\"width\":1172,\"height\":364,\"caption\":\"Pagus Wine Tours\"},\"image\":{\"@id\":\"https:\/\/www.paguswinetours.com\/it\/#\/schema\/logo\/image\/\"},\"sameAs\":[\"https:\/\/www.facebook.com\/paguswinetours\/\",\"https:\/\/www.instagram.com\/paguswinetours\/\",\"https:\/\/www.youtube.com\/channel\/UCMuOOU3pfYQT2zysLFm2u8g\"]}]}<\/script>\n<!-- \/ Yoast SEO plugin. -->","yoast_head_json":{"title":"Valpolicella Ripasso Classico Superiore DOC 2022 DolceVera - Pagus Wine Tours","robots":{"index":"index","follow":"follow","max-snippet":"max-snippet:-1","max-image-preview":"max-image-preview:large","max-video-preview":"max-video-preview:-1"},"canonical":"https:\/\/www.paguswinetours.com\/it\/shop\/valpolicella-classico-superiore-doc-2020-dolcevera-copia\/","og_locale":"it_IT","og_type":"article","og_title":"Valpolicella Ripasso Classico Superiore DOC 2022 DolceVera - Pagus Wine Tours","og_description":"Caratteristiche Denominazione: Valpolicella Ripasso Classico Superiore DOC  Vitigni: 50% di uva Corvina, 25% di Corvinone e dal 25% di Rondinella  Alcol: 14% Vol  Formato: 75 cl  Zona di produzione: \u00a0vitigni autoctoni coltivati tutti nella localit\u00e0 di Villa di Negrar, ad un altitudine compresa tra i 260 e i 280 m s.l.m. La zona collinare su cui sorgono i vitigni DolceVera assicura un esposizione al sole ottimale per la maturazione delle uve e una produzione equilibrata e pi\u00f9 ricca di alcole.  Vinificazione:  Il\u00a0Valpolicella Classico Superiore Ripasso, viene prodotto con la tradizionale tecnica del \u201cRipasso\u201d, la quale consiste appunto nel far ripassare parte del Valpolicella Classico sulle vinacce dell\u2019Amarone e Recioto. Cos\u00ec facendo, si innesca una seconda fermentazione e il risultato ottenuto \u00e8 un vino con maggior corpo e struttura. Per ottenere ci\u00f2 si praticano rimontaggi e macerazioni che durano all\u2019incirca 20 giorni il tutto sempre a temperatura controllata, 24 C\u00b0.  Invecchiamento e Affinamento:  Il\u00a0Ripasso, affina in botti di rovere da 7,5 ht. per un minimo di 12 mesi e per un minimo di 6 mesi in bottiglia. Qui il vino completa la sua maturazione e si affina lentamente per poter esprimere tutto il suo bouquet. Per l\u2019affinamento dei nostri vini, usiamo sia rovere francese che rovere di slavonia, per poter dare maggiore complessit\u00e0 e per esaltare al meglio le caratteristiche del vino.  Temperatura di servizio: 14\u00b0-16\u00b0C","og_url":"https:\/\/www.paguswinetours.com\/it\/shop\/valpolicella-classico-superiore-doc-2020-dolcevera-copia\/","og_site_name":"Pagus Wine Tours","article_publisher":"https:\/\/www.facebook.com\/paguswinetours\/","article_modified_time":"2025-12-20T08:06:23+00:00","og_image":[{"width":770,"height":770,"url":"https:\/\/www.paguswinetours.com\/wp-content\/uploads\/dolcevera-valpolicella-ripasso-classico-superiore.png","type":"image\/png"}],"twitter_card":"summary_large_image","twitter_misc":{"Tempo di lettura stimato":"1 minuto"},"schema":{"@context":"https:\/\/schema.org","@graph":[{"@type":"WebPage","@id":"https:\/\/www.paguswinetours.com\/it\/shop\/valpolicella-classico-superiore-doc-2020-dolcevera-copia\/","url":"https:\/\/www.paguswinetours.com\/it\/shop\/valpolicella-classico-superiore-doc-2020-dolcevera-copia\/","name":"Valpolicella Ripasso Classico Superiore DOC 2022 DolceVera - Pagus Wine Tours","isPartOf":{"@id":"https:\/\/www.paguswinetours.com\/it\/#website"},"primaryImageOfPage":{"@id":"https:\/\/www.paguswinetours.com\/it\/shop\/valpolicella-classico-superiore-doc-2020-dolcevera-copia\/#primaryimage"},"image":{"@id":"https:\/\/www.paguswinetours.com\/it\/shop\/valpolicella-classico-superiore-doc-2020-dolcevera-copia\/#primaryimage"},"thumbnailUrl":"https:\/\/www.paguswinetours.com\/wp-content\/uploads\/dolcevera-valpolicella-ripasso-classico-superiore.png","datePublished":"2025-08-22T13:04:35+00:00","dateModified":"2025-12-20T08:06:23+00:00","breadcrumb":{"@id":"https:\/\/www.paguswinetours.com\/it\/shop\/valpolicella-classico-superiore-doc-2020-dolcevera-copia\/#breadcrumb"},"inLanguage":"it-IT","potentialAction":[{"@type":"ReadAction","target":["https:\/\/www.paguswinetours.com\/it\/shop\/valpolicella-classico-superiore-doc-2020-dolcevera-copia\/"]}]},{"@type":"ImageObject","inLanguage":"it-IT","@id":"https:\/\/www.paguswinetours.com\/it\/shop\/valpolicella-classico-superiore-doc-2020-dolcevera-copia\/#primaryimage","url":"https:\/\/www.paguswinetours.com\/wp-content\/uploads\/dolcevera-valpolicella-ripasso-classico-superiore.png","contentUrl":"https:\/\/www.paguswinetours.com\/wp-content\/uploads\/dolcevera-valpolicella-ripasso-classico-superiore.png","width":770,"height":770},{"@type":"BreadcrumbList","@id":"https:\/\/www.paguswinetours.com\/it\/shop\/valpolicella-classico-superiore-doc-2020-dolcevera-copia\/#breadcrumb","itemListElement":[{"@type":"ListItem","position":1,"name":"Home","item":"https:\/\/www.paguswinetours.com\/it\/"},{"@type":"ListItem","position":2,"name":"Prodotti","item":"https:\/\/www.paguswinetours.com\/it\/shop\/"},{"@type":"ListItem","position":3,"name":"Valpolicella Ripasso Classico Superiore DOC 2022 DolceVera"}]},{"@type":"WebSite","@id":"https:\/\/www.paguswinetours.com\/it\/#website","url":"https:\/\/www.paguswinetours.com\/it\/","name":"Pagus Wine Tours","description":"","publisher":{"@id":"https:\/\/www.paguswinetours.com\/it\/#organization"},"potentialAction":[{"@type":"SearchAction","target":{"@type":"EntryPoint","urlTemplate":"https:\/\/www.paguswinetours.com\/it\/?s={search_term_string}"},"query-input":{"@type":"PropertyValueSpecification","valueRequired":true,"valueName":"search_term_string"}}],"inLanguage":"it-IT"},{"@type":"Organization","@id":"https:\/\/www.paguswinetours.com\/it\/#organization","name":"Pagus Wine Tours","url":"https:\/\/www.paguswinetours.com\/it\/","logo":{"@type":"ImageObject","inLanguage":"it-IT","@id":"https:\/\/www.paguswinetours.com\/it\/#\/schema\/logo\/image\/","url":"https:\/\/www.paguswinetours.com\/wp-content\/uploads\/logo-2-1.png","contentUrl":"https:\/\/www.paguswinetours.com\/wp-content\/uploads\/logo-2-1.png","width":1172,"height":364,"caption":"Pagus Wine Tours"},"image":{"@id":"https:\/\/www.paguswinetours.com\/it\/#\/schema\/logo\/image\/"},"sameAs":["https:\/\/www.facebook.com\/paguswinetours\/","https:\/\/www.instagram.com\/paguswinetours\/","https:\/\/www.youtube.com\/channel\/UCMuOOU3pfYQT2zysLFm2u8g"]}]}},"_links":{"self":[{"href":"https:\/\/www.paguswinetours.com\/it\/wp-json\/wp\/v2\/product\/14355","targetHints":{"allow":["GET"]}}],"collection":[{"href":"https:\/\/www.paguswinetours.com\/it\/wp-json\/wp\/v2\/product"}],"about":[{"href":"https:\/\/www.paguswinetours.com\/it\/wp-json\/wp\/v2\/types\/product"}],"wp:featuredmedia":[{"embeddable":true,"href":"https:\/\/www.paguswinetours.com\/it\/wp-json\/wp\/v2\/media\/14324"}],"wp:attachment":[{"href":"https:\/\/www.paguswinetours.com\/it\/wp-json\/wp\/v2\/media?parent=14355"}],"wp:term":[{"taxonomy":"product_brand","embeddable":true,"href":"https:\/\/www.paguswinetours.com\/it\/wp-json\/wp\/v2\/product_brand?post=14355"},{"taxonomy":"product_cat","embeddable":true,"href":"https:\/\/www.paguswinetours.com\/it\/wp-json\/wp\/v2\/product_cat?post=14355"},{"taxonomy":"product_tag","embeddable":true,"href":"https:\/\/www.paguswinetours.com\/it\/wp-json\/wp\/v2\/product_tag?post=14355"}],"curies":[{"name":"wp","href":"https:\/\/api.w.org\/{rel}","templated":true}]}}