{"id":14179,"date":"2025-08-07T09:42:23","date_gmt":"2025-08-07T07:42:23","guid":{"rendered":"https:\/\/www.paguswinetours.com\/?post_type=product&#038;p=14179"},"modified":"2025-08-07T10:53:51","modified_gmt":"2025-08-07T08:53:51","slug":"recioto-classico-della-valpolicella-docg-2020-siridia","status":"publish","type":"product","link":"https:\/\/www.paguswinetours.com\/it\/shop\/recioto-classico-della-valpolicella-docg-2020-siridia\/","title":{"rendered":"Recioto Classico della Valpolicella DOCG 2020 Siridia"},"content":{"rendered":"<div class=\"product-info\">\n<h3 class=\"italic\">I vini del &#8220;Ciclo di Siridio&#8221;<\/h3>\n<p>Un viaggio attraverso i vini della Valpolicella<strong>, un racconto che prende vita tra i vigneti<\/strong> e si imprime sulle etichette.<\/p>\n<p><strong>Ogni bottiglia \u00e8 una tappa nel cammino di Siridio<\/strong>: dall<strong>\u2019Ispirazione<\/strong>, il momento in cui nasce il desiderio di partire, all\u2019<strong>Azione<\/strong>, il passo coraggioso verso l\u2019ignoto. Segue la <strong>Realizzazione<\/strong>, l\u2019incontro tra determinazione e destino, fino al <strong>Ritorno a casa<\/strong>, carico di esperienza e consapevolezza.<\/p>\n<p>Un percorso che riflette la nostra visione: vini che incarnano la tradizione della Valpolicella con un\u2019anima contemporanea, guidati dalla <strong>ricerca di equilibrio<\/strong>, <strong>espressione<\/strong> e<strong> autenticit\u00e0<\/strong>.<\/p>\n<h3 class=\"italic\">L&#8217;idea dietro il vino<\/h3>\n<p>Il\u00a0<strong>Recioto<\/strong>\u00a0\u00e8 il vino dedicato alla convivialit\u00e0, alle feste con amici e parenti. \u00c8 il compagno che chiude la serata raccontandoti una storia.<\/p>\n<p>Ed \u00e8 qui che subentra la storia di\u00a0<strong>Siridio<\/strong>\u00a0e della sua volont\u00e0 di raggiungere la stella.<\/p>\n<p>L\u2019etichetta \u00e8 un connubio di colori e tonalit\u00e0 differenti che trasmettono impressioni diverse:<\/p>\n<ul>\n<li>Le tonalit\u00e0 pi\u00f9 scure indicano il tramonto che avanza. Siridio torna finalmente a casa dopo un lungo viaggio che lo ha portato a una maggiore conoscenza di s\u00e9.<\/li>\n<li>Le tonalit\u00e0 pi\u00f9 chiare, invece, suggeriscono che il sole sta sorgendo e che il viaggio non \u00e8 concluso, ma appena iniziato.<\/li>\n<\/ul>\n<p>Sullo sfondo si scorge un panorama della\u00a0<strong>Valpolicella<\/strong>\u00a0con viti e olivi, e una finestra con una luce accesa, sempre pronta ad accoglierci.<\/p>\n<p>Che sia la fine o l\u2019inizio, ogni viaggio parte da casa.<\/p>\n<h3 class=\"italic\">Note di degustazione<\/h3>\n<p><strong>Aspetto<\/strong><\/p>\n<p>Carattere avvolgente, intenso e una dolcezza elegante e ben bilanciata.<\/p>\n<p><strong>Palato<\/strong><\/p>\n<\/div>\n<p>Richiami di confettura di more e ciliegia, spezie dolci come vaniglia e cannella, cioccolato e un leggero cenno balsamico.<\/p>\n<div class=\"product-info\">\n<h3 class=\"italic\">Abbinamenti<\/h3>\n<ul>\n<li>Perfetto con dolci secchi, crostate di frutti rossi freschi e sfogliatine al burro di Villafranca.<\/li>\n<li>Interessante con formaggi di media e lunga stagionatura ed erborinati.<\/li>\n<li>Ottimo come vino da compagnia da condividere a fine pasto.<\/li>\n<\/ul>\n<p><strong>IL CONSIGLIO DI SIRIDIO<\/strong><br \/>\nProvalo abbinato ad una torta tenerina al cioccolato o ad una crostata con frolla al cacao e frutti rossi freschi.<\/p>\n<\/div>\n","protected":false},"excerpt":{"rendered":"<h3 class=\"italic\">Caratteristiche<\/h3>\n<p><strong>Denominazione<\/strong>: Recioto Classico della Valpolicella DOCG<\/p>\n<p><strong>Vitigni<\/strong>: Corvina, Corvinone e Rondinella<\/p>\n<p><strong>Alcol<\/strong>: 13% Vol<\/p>\n<p><strong>Formato<\/strong>: 50 cl<\/p>\n<p><strong>Vinificazione<\/strong>:<\/p>\n<p>L\u2019uva \u00e8 selezionata e raccolta a mano in cassette da 4-5 kg.<\/p>\n<p>Segue un lungo periodo di appassimento naturale da settembre a gennaio. Alla pigiatura soffice segue la vinificazione in rosso con macerazione sulle bucce.<\/p>\n<p><strong>Invecchiamento e Affinamento<\/strong>:<\/p>\n<p>L\u2019affinamento avviene in vasche d\u2019acciaio per 24 mesi ed in bottiglia per ulteriori 12 mesi prima della commercializzazione.<\/p>\n<p><strong>Temperatura di servizio<\/strong>: 14\u00b0-16\u00b0C<\/p>\n","protected":false},"featured_media":14127,"template":"","meta":{"_acf_changed":false},"product_brand":[],"product_cat":[229,90],"product_tag":[],"class_list":{"0":"post-14179","1":"product","2":"type-product","3":"status-publish","4":"has-post-thumbnail","6":"product_cat-siridia-it","7":"product_cat-vino","9":"first","10":"instock","11":"taxable","12":"shipping-taxable","13":"purchasable","14":"product-type-simple"},"acf":[],"yoast_head":"<!-- This site is optimized with the Yoast SEO plugin v26.7 - https:\/\/yoast.com\/wordpress\/plugins\/seo\/ -->\n<title>Recioto Classico della Valpolicella DOCG 2020 Siridia - Pagus Wine Tours<\/title>\n<meta name=\"robots\" content=\"index, follow, max-snippet:-1, max-image-preview:large, max-video-preview:-1\" \/>\n<link rel=\"canonical\" href=\"https:\/\/www.paguswinetours.com\/it\/shop\/recioto-classico-della-valpolicella-docg-2020-siridia\/\" \/>\n<meta property=\"og:locale\" content=\"it_IT\" \/>\n<meta property=\"og:type\" content=\"article\" \/>\n<meta property=\"og:title\" content=\"Recioto Classico della Valpolicella DOCG 2020 Siridia - Pagus Wine Tours\" \/>\n<meta property=\"og:description\" content=\"Caratteristiche Denominazione: Recioto Classico della Valpolicella DOCG  Vitigni: Corvina, Corvinone e Rondinella  Alcol: 13% Vol  Formato: 50 cl  Vinificazione:  L\u2019uva \u00e8 selezionata e raccolta a mano in cassette da 4-5 kg.  Segue un lungo periodo di appassimento naturale da settembre a gennaio. Alla pigiatura soffice segue la vinificazione in rosso con macerazione sulle bucce.  Invecchiamento e Affinamento:  L\u2019affinamento avviene in vasche d\u2019acciaio per 24 mesi ed in bottiglia per ulteriori 12 mesi prima della commercializzazione.  Temperatura di servizio: 14\u00b0-16\u00b0C\" \/>\n<meta property=\"og:url\" content=\"https:\/\/www.paguswinetours.com\/it\/shop\/recioto-classico-della-valpolicella-docg-2020-siridia\/\" \/>\n<meta property=\"og:site_name\" content=\"Pagus Wine Tours\" \/>\n<meta property=\"article:publisher\" content=\"https:\/\/www.facebook.com\/paguswinetours\/\" \/>\n<meta property=\"article:modified_time\" content=\"2025-08-07T08:53:51+00:00\" \/>\n<meta property=\"og:image\" content=\"https:\/\/www.paguswinetours.com\/wp-content\/uploads\/RECIOTO-min-scaled-1.jpg\" \/>\n\t<meta property=\"og:image:width\" content=\"1707\" \/>\n\t<meta property=\"og:image:height\" content=\"2560\" \/>\n\t<meta property=\"og:image:type\" content=\"image\/jpeg\" \/>\n<meta name=\"twitter:card\" content=\"summary_large_image\" \/>\n<meta name=\"twitter:label1\" content=\"Tempo di lettura stimato\" \/>\n\t<meta name=\"twitter:data1\" content=\"2 minuti\" \/>\n<script type=\"application\/ld+json\" class=\"yoast-schema-graph\">{\"@context\":\"https:\/\/schema.org\",\"@graph\":[{\"@type\":\"WebPage\",\"@id\":\"https:\/\/www.paguswinetours.com\/it\/shop\/recioto-classico-della-valpolicella-docg-2020-siridia\/\",\"url\":\"https:\/\/www.paguswinetours.com\/it\/shop\/recioto-classico-della-valpolicella-docg-2020-siridia\/\",\"name\":\"Recioto Classico della Valpolicella DOCG 2020 Siridia - Pagus Wine Tours\",\"isPartOf\":{\"@id\":\"https:\/\/www.paguswinetours.com\/it\/#website\"},\"primaryImageOfPage\":{\"@id\":\"https:\/\/www.paguswinetours.com\/it\/shop\/recioto-classico-della-valpolicella-docg-2020-siridia\/#primaryimage\"},\"image\":{\"@id\":\"https:\/\/www.paguswinetours.com\/it\/shop\/recioto-classico-della-valpolicella-docg-2020-siridia\/#primaryimage\"},\"thumbnailUrl\":\"https:\/\/www.paguswinetours.com\/wp-content\/uploads\/RECIOTO-min-scaled-1.jpg\",\"datePublished\":\"2025-08-07T07:42:23+00:00\",\"dateModified\":\"2025-08-07T08:53:51+00:00\",\"breadcrumb\":{\"@id\":\"https:\/\/www.paguswinetours.com\/it\/shop\/recioto-classico-della-valpolicella-docg-2020-siridia\/#breadcrumb\"},\"inLanguage\":\"it-IT\",\"potentialAction\":[{\"@type\":\"ReadAction\",\"target\":[\"https:\/\/www.paguswinetours.com\/it\/shop\/recioto-classico-della-valpolicella-docg-2020-siridia\/\"]}]},{\"@type\":\"ImageObject\",\"inLanguage\":\"it-IT\",\"@id\":\"https:\/\/www.paguswinetours.com\/it\/shop\/recioto-classico-della-valpolicella-docg-2020-siridia\/#primaryimage\",\"url\":\"https:\/\/www.paguswinetours.com\/wp-content\/uploads\/RECIOTO-min-scaled-1.jpg\",\"contentUrl\":\"https:\/\/www.paguswinetours.com\/wp-content\/uploads\/RECIOTO-min-scaled-1.jpg\",\"width\":1707,\"height\":2560},{\"@type\":\"BreadcrumbList\",\"@id\":\"https:\/\/www.paguswinetours.com\/it\/shop\/recioto-classico-della-valpolicella-docg-2020-siridia\/#breadcrumb\",\"itemListElement\":[{\"@type\":\"ListItem\",\"position\":1,\"name\":\"Home\",\"item\":\"https:\/\/www.paguswinetours.com\/it\/\"},{\"@type\":\"ListItem\",\"position\":2,\"name\":\"Prodotti\",\"item\":\"https:\/\/www.paguswinetours.com\/it\/shop\/\"},{\"@type\":\"ListItem\",\"position\":3,\"name\":\"Recioto Classico della Valpolicella DOCG 2020 Siridia\"}]},{\"@type\":\"WebSite\",\"@id\":\"https:\/\/www.paguswinetours.com\/it\/#website\",\"url\":\"https:\/\/www.paguswinetours.com\/it\/\",\"name\":\"Pagus Wine Tours\",\"description\":\"\",\"publisher\":{\"@id\":\"https:\/\/www.paguswinetours.com\/it\/#organization\"},\"potentialAction\":[{\"@type\":\"SearchAction\",\"target\":{\"@type\":\"EntryPoint\",\"urlTemplate\":\"https:\/\/www.paguswinetours.com\/it\/?s={search_term_string}\"},\"query-input\":{\"@type\":\"PropertyValueSpecification\",\"valueRequired\":true,\"valueName\":\"search_term_string\"}}],\"inLanguage\":\"it-IT\"},{\"@type\":\"Organization\",\"@id\":\"https:\/\/www.paguswinetours.com\/it\/#organization\",\"name\":\"Pagus Wine Tours\",\"url\":\"https:\/\/www.paguswinetours.com\/it\/\",\"logo\":{\"@type\":\"ImageObject\",\"inLanguage\":\"it-IT\",\"@id\":\"https:\/\/www.paguswinetours.com\/it\/#\/schema\/logo\/image\/\",\"url\":\"https:\/\/www.paguswinetours.com\/wp-content\/uploads\/logo-2-1.png\",\"contentUrl\":\"https:\/\/www.paguswinetours.com\/wp-content\/uploads\/logo-2-1.png\",\"width\":1172,\"height\":364,\"caption\":\"Pagus Wine Tours\"},\"image\":{\"@id\":\"https:\/\/www.paguswinetours.com\/it\/#\/schema\/logo\/image\/\"},\"sameAs\":[\"https:\/\/www.facebook.com\/paguswinetours\/\",\"https:\/\/www.instagram.com\/paguswinetours\/\",\"https:\/\/www.youtube.com\/channel\/UCMuOOU3pfYQT2zysLFm2u8g\"]}]}<\/script>\n<!-- \/ Yoast SEO plugin. -->","yoast_head_json":{"title":"Recioto Classico della Valpolicella DOCG 2020 Siridia - Pagus Wine Tours","robots":{"index":"index","follow":"follow","max-snippet":"max-snippet:-1","max-image-preview":"max-image-preview:large","max-video-preview":"max-video-preview:-1"},"canonical":"https:\/\/www.paguswinetours.com\/it\/shop\/recioto-classico-della-valpolicella-docg-2020-siridia\/","og_locale":"it_IT","og_type":"article","og_title":"Recioto Classico della Valpolicella DOCG 2020 Siridia - Pagus Wine Tours","og_description":"Caratteristiche Denominazione: Recioto Classico della Valpolicella DOCG  Vitigni: Corvina, Corvinone e Rondinella  Alcol: 13% Vol  Formato: 50 cl  Vinificazione:  L\u2019uva \u00e8 selezionata e raccolta a mano in cassette da 4-5 kg.  Segue un lungo periodo di appassimento naturale da settembre a gennaio. Alla pigiatura soffice segue la vinificazione in rosso con macerazione sulle bucce.  Invecchiamento e Affinamento:  L\u2019affinamento avviene in vasche d\u2019acciaio per 24 mesi ed in bottiglia per ulteriori 12 mesi prima della commercializzazione.  Temperatura di servizio: 14\u00b0-16\u00b0C","og_url":"https:\/\/www.paguswinetours.com\/it\/shop\/recioto-classico-della-valpolicella-docg-2020-siridia\/","og_site_name":"Pagus Wine Tours","article_publisher":"https:\/\/www.facebook.com\/paguswinetours\/","article_modified_time":"2025-08-07T08:53:51+00:00","og_image":[{"width":1707,"height":2560,"url":"https:\/\/www.paguswinetours.com\/wp-content\/uploads\/RECIOTO-min-scaled-1.jpg","type":"image\/jpeg"}],"twitter_card":"summary_large_image","twitter_misc":{"Tempo di lettura stimato":"2 minuti"},"schema":{"@context":"https:\/\/schema.org","@graph":[{"@type":"WebPage","@id":"https:\/\/www.paguswinetours.com\/it\/shop\/recioto-classico-della-valpolicella-docg-2020-siridia\/","url":"https:\/\/www.paguswinetours.com\/it\/shop\/recioto-classico-della-valpolicella-docg-2020-siridia\/","name":"Recioto Classico della Valpolicella DOCG 2020 Siridia - Pagus Wine Tours","isPartOf":{"@id":"https:\/\/www.paguswinetours.com\/it\/#website"},"primaryImageOfPage":{"@id":"https:\/\/www.paguswinetours.com\/it\/shop\/recioto-classico-della-valpolicella-docg-2020-siridia\/#primaryimage"},"image":{"@id":"https:\/\/www.paguswinetours.com\/it\/shop\/recioto-classico-della-valpolicella-docg-2020-siridia\/#primaryimage"},"thumbnailUrl":"https:\/\/www.paguswinetours.com\/wp-content\/uploads\/RECIOTO-min-scaled-1.jpg","datePublished":"2025-08-07T07:42:23+00:00","dateModified":"2025-08-07T08:53:51+00:00","breadcrumb":{"@id":"https:\/\/www.paguswinetours.com\/it\/shop\/recioto-classico-della-valpolicella-docg-2020-siridia\/#breadcrumb"},"inLanguage":"it-IT","potentialAction":[{"@type":"ReadAction","target":["https:\/\/www.paguswinetours.com\/it\/shop\/recioto-classico-della-valpolicella-docg-2020-siridia\/"]}]},{"@type":"ImageObject","inLanguage":"it-IT","@id":"https:\/\/www.paguswinetours.com\/it\/shop\/recioto-classico-della-valpolicella-docg-2020-siridia\/#primaryimage","url":"https:\/\/www.paguswinetours.com\/wp-content\/uploads\/RECIOTO-min-scaled-1.jpg","contentUrl":"https:\/\/www.paguswinetours.com\/wp-content\/uploads\/RECIOTO-min-scaled-1.jpg","width":1707,"height":2560},{"@type":"BreadcrumbList","@id":"https:\/\/www.paguswinetours.com\/it\/shop\/recioto-classico-della-valpolicella-docg-2020-siridia\/#breadcrumb","itemListElement":[{"@type":"ListItem","position":1,"name":"Home","item":"https:\/\/www.paguswinetours.com\/it\/"},{"@type":"ListItem","position":2,"name":"Prodotti","item":"https:\/\/www.paguswinetours.com\/it\/shop\/"},{"@type":"ListItem","position":3,"name":"Recioto Classico della Valpolicella DOCG 2020 Siridia"}]},{"@type":"WebSite","@id":"https:\/\/www.paguswinetours.com\/it\/#website","url":"https:\/\/www.paguswinetours.com\/it\/","name":"Pagus Wine Tours","description":"","publisher":{"@id":"https:\/\/www.paguswinetours.com\/it\/#organization"},"potentialAction":[{"@type":"SearchAction","target":{"@type":"EntryPoint","urlTemplate":"https:\/\/www.paguswinetours.com\/it\/?s={search_term_string}"},"query-input":{"@type":"PropertyValueSpecification","valueRequired":true,"valueName":"search_term_string"}}],"inLanguage":"it-IT"},{"@type":"Organization","@id":"https:\/\/www.paguswinetours.com\/it\/#organization","name":"Pagus Wine Tours","url":"https:\/\/www.paguswinetours.com\/it\/","logo":{"@type":"ImageObject","inLanguage":"it-IT","@id":"https:\/\/www.paguswinetours.com\/it\/#\/schema\/logo\/image\/","url":"https:\/\/www.paguswinetours.com\/wp-content\/uploads\/logo-2-1.png","contentUrl":"https:\/\/www.paguswinetours.com\/wp-content\/uploads\/logo-2-1.png","width":1172,"height":364,"caption":"Pagus Wine Tours"},"image":{"@id":"https:\/\/www.paguswinetours.com\/it\/#\/schema\/logo\/image\/"},"sameAs":["https:\/\/www.facebook.com\/paguswinetours\/","https:\/\/www.instagram.com\/paguswinetours\/","https:\/\/www.youtube.com\/channel\/UCMuOOU3pfYQT2zysLFm2u8g"]}]}},"_links":{"self":[{"href":"https:\/\/www.paguswinetours.com\/it\/wp-json\/wp\/v2\/product\/14179","targetHints":{"allow":["GET"]}}],"collection":[{"href":"https:\/\/www.paguswinetours.com\/it\/wp-json\/wp\/v2\/product"}],"about":[{"href":"https:\/\/www.paguswinetours.com\/it\/wp-json\/wp\/v2\/types\/product"}],"wp:featuredmedia":[{"embeddable":true,"href":"https:\/\/www.paguswinetours.com\/it\/wp-json\/wp\/v2\/media\/14127"}],"wp:attachment":[{"href":"https:\/\/www.paguswinetours.com\/it\/wp-json\/wp\/v2\/media?parent=14179"}],"wp:term":[{"taxonomy":"product_brand","embeddable":true,"href":"https:\/\/www.paguswinetours.com\/it\/wp-json\/wp\/v2\/product_brand?post=14179"},{"taxonomy":"product_cat","embeddable":true,"href":"https:\/\/www.paguswinetours.com\/it\/wp-json\/wp\/v2\/product_cat?post=14179"},{"taxonomy":"product_tag","embeddable":true,"href":"https:\/\/www.paguswinetours.com\/it\/wp-json\/wp\/v2\/product_tag?post=14179"}],"curies":[{"name":"wp","href":"https:\/\/api.w.org\/{rel}","templated":true}]}}