{"id":14150,"date":"2025-08-05T14:46:06","date_gmt":"2025-08-05T12:46:06","guid":{"rendered":"https:\/\/www.paguswinetours.com\/?post_type=product&#038;p=14150"},"modified":"2025-08-07T09:41:37","modified_gmt":"2025-08-07T07:41:37","slug":"valpolicella-classico-superiore-doc-2020-siridia-copia","status":"publish","type":"product","link":"https:\/\/www.paguswinetours.com\/it\/shop\/valpolicella-classico-superiore-doc-2020-siridia-copia\/","title":{"rendered":"Amarone Classico della Valpolicella DOCG 2019 Siridia"},"content":{"rendered":"<div class=\"product-info\">\n<h3 class=\"italic\">I vini del &#8220;Ciclo di Siridio&#8221;<\/h3>\n<p>Un viaggio attraverso i vini della Valpolicella<strong>, un racconto che prende vita tra i vigneti<\/strong> e si imprime sulle etichette.<\/p>\n<p><strong>Ogni bottiglia \u00e8 una tappa nel cammino di Siridio<\/strong>: dall<strong>\u2019Ispirazione<\/strong>, il momento in cui nasce il desiderio di partire, all\u2019<strong>Azione<\/strong>, il passo coraggioso verso l\u2019ignoto. Segue la <strong>Realizzazione<\/strong>, l\u2019incontro tra determinazione e destino, fino al <strong>Ritorno a casa<\/strong>, carico di esperienza e consapevolezza.<\/p>\n<p>Un percorso che riflette la nostra visione: vini che incarnano la tradizione della Valpolicella con un\u2019anima contemporanea, guidati dalla <strong>ricerca di equilibrio<\/strong>, <strong>espressione<\/strong> e<strong> autenticit\u00e0<\/strong>.<\/p>\n<h3 class=\"italic\">L&#8217;idea dietro il vino<\/h3>\n<p>L\u2019Amarone pu\u00f2 essere considerato un punto di arrivo o un punto di partenza. Per il produttore \u00e8 sicuramente la realizzazione di qualcosa di grandioso.<\/p>\n<p>L\u2019etichetta che accompagna un vino di questa portata non poteva certo essere banale. Per questo Siridia ha voluto legarla a un messaggio importante. Nasce da un gioco di luci e ombre, come il carattere poliedrico del nostro Amarone.<\/p>\n<p>Siridio, il personaggio dell\u2019etichetta, \u00e8 di profilo mentre scruta il cielo; un cielo tuttavia diverso da quello delle altre etichette. La stella \u00e8 sempre presente, ma \u00e8 meno luminosa rispetto a quella incastonata nel cuore di Siridio.<\/p>\n<p>Ed \u00e8 qui che compare la consapevolezza che la vera realizzazione parte dall\u2019interno di ognuno di noi.<strong> Nessuna stella, in nessun cielo conosciuto o straniero, potr\u00e0 brillare di pi\u00f9 di quella che ci accompagna.<\/strong><\/p>\n<h3 class=\"italic\">Note di degustazione<\/h3>\n<p><strong>Aspetto<\/strong><\/p>\n<p>Rosso rubino con intensi riflessi granata.<\/p>\n<p><strong>Palato<\/strong><\/p>\n<\/div>\n<p>Secco, morbido, di lunga persistenza, con una freschezza sorprendente che invita al secondo bicchiere.<\/p>\n<p>Al palato richiama note intense di frutta rossa matura, come ciliegia e mora, oltre a confettura. Ricorda spezie come la cannella e i chiodi di garofano, evolvendo nel bicchiere con eleganti note tostate di tabacco.<\/p>\n<div class=\"product-info\">\n<h3 class=\"italic\">Abbinamenti<\/h3>\n<p>Un vino strutturato ma senza peso, che non richiede abbinamenti eccessivamente complessi.<\/p>\n<p><strong>Suggerimenti di abbinamento:<\/strong><\/p>\n<ul>\n<li>Piatti a base di carni rosse, come brasati e arrosti.<\/li>\n<li>Carne alla griglia.<\/li>\n<li>Formaggi di media e lunga stagionatura.<\/li>\n<li>Perfetto anche come compagno per il dopo cena.<\/li>\n<\/ul>\n<p><strong>IL CONSIGLIO DI SIRIDIO<\/strong><br \/>\nProvalo accompagnato ad un brasato di manzo all\u2019Amarone servito con polenta o con un pur\u00e8 di patate oppure con una scaglia di Parmigiano Reggiano stagionato 36 mesi.<\/p>\n<\/div>\n","protected":false},"excerpt":{"rendered":"<h3 class=\"italic\">Caratteristiche<\/h3>\n<p><strong>Denominazione<\/strong>: Amarone Classico della Valpolicella DOCG<\/p>\n<p><strong>Vitigni<\/strong>: Corvina, Corvinone, Rondinella e Spigamonti<\/p>\n<p><strong>Alcol<\/strong>: 15,5% Vol<\/p>\n<p><strong>Formato<\/strong>: 75 cl<\/p>\n<p><strong>Vinificazione<\/strong>:<\/p>\n<p>L\u2019Amarone di Siridia nasce dalle uve autoctone\u00a0<strong>Corvina<\/strong>,\u00a0<strong>Corvinone,<\/strong>\u00a0<strong>Rondinella e Spigamonti<\/strong>\u00a0provenienti dai vigneti di propriet\u00e0 situati in collina nel comune di\u00a0<strong>Negrar di Valpolicella<\/strong>.<\/p>\n<p>La raccolta \u00e8 fatta a mano selezionando i migliori grappoli, riposti in cassette per il lungo appassimento in fruttaio, che avviene naturalmente con il solo aiuto di qualche ventilatore.<\/p>\n<p>Il\u00a0<strong>2019<\/strong>\u00a0\u00e8 il primo Amarone di Siridia, un vino che stupisce per il carattere elegante e la piacevole bevibilit\u00e0.<\/p>\n<p>Dopo un appassimento di circa 70 giorni, le uve sono sottoposte ad una pigiatura soffice a cui segue la fermentazione in vasche d\u2019acciaio fino al completo esaurimento degli zuccheri.<\/p>\n<p><strong>Invecchiamento e Affinamento<\/strong>:<\/p>\n<p>Segue un periodo di affinamento di almeno 30 mesi in botti grandi da 15 hl in legno di rovere di Slavonia ed una sosta in bottiglia per 12 mesi prima della vendita.<\/p>\n<p><strong>Temperatura di servizio<\/strong>: 16\u00b0-18\u00b0C<\/p>\n","protected":false},"featured_media":14125,"template":"","meta":{"_acf_changed":false},"product_brand":[],"product_cat":[229,90],"product_tag":[],"class_list":{"0":"post-14150","1":"product","2":"type-product","3":"status-publish","4":"has-post-thumbnail","6":"product_cat-siridia-it","7":"product_cat-vino","9":"first","10":"instock","11":"taxable","12":"shipping-taxable","13":"purchasable","14":"product-type-simple"},"acf":[],"yoast_head":"<!-- This site is optimized with the Yoast SEO plugin v26.7 - https:\/\/yoast.com\/wordpress\/plugins\/seo\/ -->\n<title>Amarone Classico della Valpolicella DOCG 2019 Siridia - Pagus Wine Tours<\/title>\n<meta name=\"robots\" content=\"index, follow, max-snippet:-1, max-image-preview:large, max-video-preview:-1\" \/>\n<link rel=\"canonical\" href=\"https:\/\/www.paguswinetours.com\/it\/shop\/valpolicella-classico-superiore-doc-2020-siridia-copia\/\" \/>\n<meta property=\"og:locale\" content=\"it_IT\" \/>\n<meta property=\"og:type\" content=\"article\" \/>\n<meta property=\"og:title\" content=\"Amarone Classico della Valpolicella DOCG 2019 Siridia - Pagus Wine Tours\" \/>\n<meta property=\"og:description\" content=\"Caratteristiche Denominazione: Amarone Classico della Valpolicella DOCG  Vitigni: Corvina, Corvinone, Rondinella e Spigamonti  Alcol: 15,5% Vol  Formato: 75 cl  Vinificazione:  L\u2019Amarone di Siridia nasce dalle uve autoctone\u00a0Corvina,\u00a0Corvinone,\u00a0Rondinella e Spigamonti\u00a0provenienti dai vigneti di propriet\u00e0 situati in collina nel comune di\u00a0Negrar di Valpolicella.  La raccolta \u00e8 fatta a mano selezionando i migliori grappoli, riposti in cassette per il lungo appassimento in fruttaio, che avviene naturalmente con il solo aiuto di qualche ventilatore.  Il\u00a02019\u00a0\u00e8 il primo Amarone di Siridia, un vino che stupisce per il carattere elegante e la piacevole bevibilit\u00e0.  Dopo un appassimento di circa 70 giorni, le uve sono sottoposte ad una pigiatura soffice a cui segue la fermentazione in vasche d\u2019acciaio fino al completo esaurimento degli zuccheri.  Invecchiamento e Affinamento:  Segue un periodo di affinamento di almeno 30 mesi in botti grandi da 15 hl in legno di rovere di Slavonia ed una sosta in bottiglia per 12 mesi prima della vendita.  Temperatura di servizio: 16\u00b0-18\u00b0C\" \/>\n<meta property=\"og:url\" content=\"https:\/\/www.paguswinetours.com\/it\/shop\/valpolicella-classico-superiore-doc-2020-siridia-copia\/\" \/>\n<meta property=\"og:site_name\" content=\"Pagus Wine Tours\" \/>\n<meta property=\"article:publisher\" content=\"https:\/\/www.facebook.com\/paguswinetours\/\" \/>\n<meta property=\"article:modified_time\" content=\"2025-08-07T07:41:37+00:00\" \/>\n<meta property=\"og:image\" content=\"https:\/\/www.paguswinetours.com\/wp-content\/uploads\/AMARONE-min-scaled-1.jpg\" \/>\n\t<meta property=\"og:image:width\" content=\"1707\" \/>\n\t<meta property=\"og:image:height\" content=\"2560\" \/>\n\t<meta property=\"og:image:type\" content=\"image\/jpeg\" \/>\n<meta name=\"twitter:card\" content=\"summary_large_image\" \/>\n<meta name=\"twitter:label1\" content=\"Tempo di lettura stimato\" \/>\n\t<meta name=\"twitter:data1\" content=\"3 minuti\" \/>\n<script type=\"application\/ld+json\" class=\"yoast-schema-graph\">{\"@context\":\"https:\/\/schema.org\",\"@graph\":[{\"@type\":\"WebPage\",\"@id\":\"https:\/\/www.paguswinetours.com\/it\/shop\/valpolicella-classico-superiore-doc-2020-siridia-copia\/\",\"url\":\"https:\/\/www.paguswinetours.com\/it\/shop\/valpolicella-classico-superiore-doc-2020-siridia-copia\/\",\"name\":\"Amarone Classico della Valpolicella DOCG 2019 Siridia - Pagus Wine Tours\",\"isPartOf\":{\"@id\":\"https:\/\/www.paguswinetours.com\/it\/#website\"},\"primaryImageOfPage\":{\"@id\":\"https:\/\/www.paguswinetours.com\/it\/shop\/valpolicella-classico-superiore-doc-2020-siridia-copia\/#primaryimage\"},\"image\":{\"@id\":\"https:\/\/www.paguswinetours.com\/it\/shop\/valpolicella-classico-superiore-doc-2020-siridia-copia\/#primaryimage\"},\"thumbnailUrl\":\"https:\/\/www.paguswinetours.com\/wp-content\/uploads\/AMARONE-min-scaled-1.jpg\",\"datePublished\":\"2025-08-05T12:46:06+00:00\",\"dateModified\":\"2025-08-07T07:41:37+00:00\",\"breadcrumb\":{\"@id\":\"https:\/\/www.paguswinetours.com\/it\/shop\/valpolicella-classico-superiore-doc-2020-siridia-copia\/#breadcrumb\"},\"inLanguage\":\"it-IT\",\"potentialAction\":[{\"@type\":\"ReadAction\",\"target\":[\"https:\/\/www.paguswinetours.com\/it\/shop\/valpolicella-classico-superiore-doc-2020-siridia-copia\/\"]}]},{\"@type\":\"ImageObject\",\"inLanguage\":\"it-IT\",\"@id\":\"https:\/\/www.paguswinetours.com\/it\/shop\/valpolicella-classico-superiore-doc-2020-siridia-copia\/#primaryimage\",\"url\":\"https:\/\/www.paguswinetours.com\/wp-content\/uploads\/AMARONE-min-scaled-1.jpg\",\"contentUrl\":\"https:\/\/www.paguswinetours.com\/wp-content\/uploads\/AMARONE-min-scaled-1.jpg\",\"width\":1707,\"height\":2560},{\"@type\":\"BreadcrumbList\",\"@id\":\"https:\/\/www.paguswinetours.com\/it\/shop\/valpolicella-classico-superiore-doc-2020-siridia-copia\/#breadcrumb\",\"itemListElement\":[{\"@type\":\"ListItem\",\"position\":1,\"name\":\"Home\",\"item\":\"https:\/\/www.paguswinetours.com\/it\/\"},{\"@type\":\"ListItem\",\"position\":2,\"name\":\"Prodotti\",\"item\":\"https:\/\/www.paguswinetours.com\/it\/shop\/\"},{\"@type\":\"ListItem\",\"position\":3,\"name\":\"Amarone Classico della Valpolicella DOCG 2019 Siridia\"}]},{\"@type\":\"WebSite\",\"@id\":\"https:\/\/www.paguswinetours.com\/it\/#website\",\"url\":\"https:\/\/www.paguswinetours.com\/it\/\",\"name\":\"Pagus Wine Tours\",\"description\":\"\",\"publisher\":{\"@id\":\"https:\/\/www.paguswinetours.com\/it\/#organization\"},\"potentialAction\":[{\"@type\":\"SearchAction\",\"target\":{\"@type\":\"EntryPoint\",\"urlTemplate\":\"https:\/\/www.paguswinetours.com\/it\/?s={search_term_string}\"},\"query-input\":{\"@type\":\"PropertyValueSpecification\",\"valueRequired\":true,\"valueName\":\"search_term_string\"}}],\"inLanguage\":\"it-IT\"},{\"@type\":\"Organization\",\"@id\":\"https:\/\/www.paguswinetours.com\/it\/#organization\",\"name\":\"Pagus Wine Tours\",\"url\":\"https:\/\/www.paguswinetours.com\/it\/\",\"logo\":{\"@type\":\"ImageObject\",\"inLanguage\":\"it-IT\",\"@id\":\"https:\/\/www.paguswinetours.com\/it\/#\/schema\/logo\/image\/\",\"url\":\"https:\/\/www.paguswinetours.com\/wp-content\/uploads\/logo-2-1.png\",\"contentUrl\":\"https:\/\/www.paguswinetours.com\/wp-content\/uploads\/logo-2-1.png\",\"width\":1172,\"height\":364,\"caption\":\"Pagus Wine Tours\"},\"image\":{\"@id\":\"https:\/\/www.paguswinetours.com\/it\/#\/schema\/logo\/image\/\"},\"sameAs\":[\"https:\/\/www.facebook.com\/paguswinetours\/\",\"https:\/\/www.instagram.com\/paguswinetours\/\",\"https:\/\/www.youtube.com\/channel\/UCMuOOU3pfYQT2zysLFm2u8g\"]}]}<\/script>\n<!-- \/ Yoast SEO plugin. -->","yoast_head_json":{"title":"Amarone Classico della Valpolicella DOCG 2019 Siridia - Pagus Wine Tours","robots":{"index":"index","follow":"follow","max-snippet":"max-snippet:-1","max-image-preview":"max-image-preview:large","max-video-preview":"max-video-preview:-1"},"canonical":"https:\/\/www.paguswinetours.com\/it\/shop\/valpolicella-classico-superiore-doc-2020-siridia-copia\/","og_locale":"it_IT","og_type":"article","og_title":"Amarone Classico della Valpolicella DOCG 2019 Siridia - Pagus Wine Tours","og_description":"Caratteristiche Denominazione: Amarone Classico della Valpolicella DOCG  Vitigni: Corvina, Corvinone, Rondinella e Spigamonti  Alcol: 15,5% Vol  Formato: 75 cl  Vinificazione:  L\u2019Amarone di Siridia nasce dalle uve autoctone\u00a0Corvina,\u00a0Corvinone,\u00a0Rondinella e Spigamonti\u00a0provenienti dai vigneti di propriet\u00e0 situati in collina nel comune di\u00a0Negrar di Valpolicella.  La raccolta \u00e8 fatta a mano selezionando i migliori grappoli, riposti in cassette per il lungo appassimento in fruttaio, che avviene naturalmente con il solo aiuto di qualche ventilatore.  Il\u00a02019\u00a0\u00e8 il primo Amarone di Siridia, un vino che stupisce per il carattere elegante e la piacevole bevibilit\u00e0.  Dopo un appassimento di circa 70 giorni, le uve sono sottoposte ad una pigiatura soffice a cui segue la fermentazione in vasche d\u2019acciaio fino al completo esaurimento degli zuccheri.  Invecchiamento e Affinamento:  Segue un periodo di affinamento di almeno 30 mesi in botti grandi da 15 hl in legno di rovere di Slavonia ed una sosta in bottiglia per 12 mesi prima della vendita.  Temperatura di servizio: 16\u00b0-18\u00b0C","og_url":"https:\/\/www.paguswinetours.com\/it\/shop\/valpolicella-classico-superiore-doc-2020-siridia-copia\/","og_site_name":"Pagus Wine Tours","article_publisher":"https:\/\/www.facebook.com\/paguswinetours\/","article_modified_time":"2025-08-07T07:41:37+00:00","og_image":[{"width":1707,"height":2560,"url":"https:\/\/www.paguswinetours.com\/wp-content\/uploads\/AMARONE-min-scaled-1.jpg","type":"image\/jpeg"}],"twitter_card":"summary_large_image","twitter_misc":{"Tempo di lettura stimato":"3 minuti"},"schema":{"@context":"https:\/\/schema.org","@graph":[{"@type":"WebPage","@id":"https:\/\/www.paguswinetours.com\/it\/shop\/valpolicella-classico-superiore-doc-2020-siridia-copia\/","url":"https:\/\/www.paguswinetours.com\/it\/shop\/valpolicella-classico-superiore-doc-2020-siridia-copia\/","name":"Amarone Classico della Valpolicella DOCG 2019 Siridia - Pagus Wine Tours","isPartOf":{"@id":"https:\/\/www.paguswinetours.com\/it\/#website"},"primaryImageOfPage":{"@id":"https:\/\/www.paguswinetours.com\/it\/shop\/valpolicella-classico-superiore-doc-2020-siridia-copia\/#primaryimage"},"image":{"@id":"https:\/\/www.paguswinetours.com\/it\/shop\/valpolicella-classico-superiore-doc-2020-siridia-copia\/#primaryimage"},"thumbnailUrl":"https:\/\/www.paguswinetours.com\/wp-content\/uploads\/AMARONE-min-scaled-1.jpg","datePublished":"2025-08-05T12:46:06+00:00","dateModified":"2025-08-07T07:41:37+00:00","breadcrumb":{"@id":"https:\/\/www.paguswinetours.com\/it\/shop\/valpolicella-classico-superiore-doc-2020-siridia-copia\/#breadcrumb"},"inLanguage":"it-IT","potentialAction":[{"@type":"ReadAction","target":["https:\/\/www.paguswinetours.com\/it\/shop\/valpolicella-classico-superiore-doc-2020-siridia-copia\/"]}]},{"@type":"ImageObject","inLanguage":"it-IT","@id":"https:\/\/www.paguswinetours.com\/it\/shop\/valpolicella-classico-superiore-doc-2020-siridia-copia\/#primaryimage","url":"https:\/\/www.paguswinetours.com\/wp-content\/uploads\/AMARONE-min-scaled-1.jpg","contentUrl":"https:\/\/www.paguswinetours.com\/wp-content\/uploads\/AMARONE-min-scaled-1.jpg","width":1707,"height":2560},{"@type":"BreadcrumbList","@id":"https:\/\/www.paguswinetours.com\/it\/shop\/valpolicella-classico-superiore-doc-2020-siridia-copia\/#breadcrumb","itemListElement":[{"@type":"ListItem","position":1,"name":"Home","item":"https:\/\/www.paguswinetours.com\/it\/"},{"@type":"ListItem","position":2,"name":"Prodotti","item":"https:\/\/www.paguswinetours.com\/it\/shop\/"},{"@type":"ListItem","position":3,"name":"Amarone Classico della Valpolicella DOCG 2019 Siridia"}]},{"@type":"WebSite","@id":"https:\/\/www.paguswinetours.com\/it\/#website","url":"https:\/\/www.paguswinetours.com\/it\/","name":"Pagus Wine Tours","description":"","publisher":{"@id":"https:\/\/www.paguswinetours.com\/it\/#organization"},"potentialAction":[{"@type":"SearchAction","target":{"@type":"EntryPoint","urlTemplate":"https:\/\/www.paguswinetours.com\/it\/?s={search_term_string}"},"query-input":{"@type":"PropertyValueSpecification","valueRequired":true,"valueName":"search_term_string"}}],"inLanguage":"it-IT"},{"@type":"Organization","@id":"https:\/\/www.paguswinetours.com\/it\/#organization","name":"Pagus Wine Tours","url":"https:\/\/www.paguswinetours.com\/it\/","logo":{"@type":"ImageObject","inLanguage":"it-IT","@id":"https:\/\/www.paguswinetours.com\/it\/#\/schema\/logo\/image\/","url":"https:\/\/www.paguswinetours.com\/wp-content\/uploads\/logo-2-1.png","contentUrl":"https:\/\/www.paguswinetours.com\/wp-content\/uploads\/logo-2-1.png","width":1172,"height":364,"caption":"Pagus Wine Tours"},"image":{"@id":"https:\/\/www.paguswinetours.com\/it\/#\/schema\/logo\/image\/"},"sameAs":["https:\/\/www.facebook.com\/paguswinetours\/","https:\/\/www.instagram.com\/paguswinetours\/","https:\/\/www.youtube.com\/channel\/UCMuOOU3pfYQT2zysLFm2u8g"]}]}},"_links":{"self":[{"href":"https:\/\/www.paguswinetours.com\/it\/wp-json\/wp\/v2\/product\/14150","targetHints":{"allow":["GET"]}}],"collection":[{"href":"https:\/\/www.paguswinetours.com\/it\/wp-json\/wp\/v2\/product"}],"about":[{"href":"https:\/\/www.paguswinetours.com\/it\/wp-json\/wp\/v2\/types\/product"}],"wp:featuredmedia":[{"embeddable":true,"href":"https:\/\/www.paguswinetours.com\/it\/wp-json\/wp\/v2\/media\/14125"}],"wp:attachment":[{"href":"https:\/\/www.paguswinetours.com\/it\/wp-json\/wp\/v2\/media?parent=14150"}],"wp:term":[{"taxonomy":"product_brand","embeddable":true,"href":"https:\/\/www.paguswinetours.com\/it\/wp-json\/wp\/v2\/product_brand?post=14150"},{"taxonomy":"product_cat","embeddable":true,"href":"https:\/\/www.paguswinetours.com\/it\/wp-json\/wp\/v2\/product_cat?post=14150"},{"taxonomy":"product_tag","embeddable":true,"href":"https:\/\/www.paguswinetours.com\/it\/wp-json\/wp\/v2\/product_tag?post=14150"}],"curies":[{"name":"wp","href":"https:\/\/api.w.org\/{rel}","templated":true}]}}