{"id":14131,"date":"2025-07-31T11:09:35","date_gmt":"2025-07-31T09:09:35","guid":{"rendered":"https:\/\/www.paguswinetours.com\/?post_type=product&#038;p=14131"},"modified":"2025-07-31T14:45:05","modified_gmt":"2025-07-31T12:45:05","slug":"valpolicella-classico-doc-2022-siridia-copia","status":"publish","type":"product","link":"https:\/\/www.paguswinetours.com\/it\/shop\/valpolicella-classico-doc-2022-siridia-copia\/","title":{"rendered":"Valpolicella Classico Superiore DOC 2020 Siridia"},"content":{"rendered":"<div class=\"product-info\">\n<h3 class=\"italic\">I vini del &#8220;Ciclo di Siridio&#8221;<\/h3>\n<p>Un viaggio attraverso i vini della Valpolicella<strong>, un racconto che prende vita tra i vigneti<\/strong> e si imprime sulle etichette.<\/p>\n<p><strong>Ogni bottiglia \u00e8 una tappa nel cammino di Siridio<\/strong>: dall<strong>\u2019Ispirazione<\/strong>, il momento in cui nasce il desiderio di partire, all\u2019<strong>Azione<\/strong>, il passo coraggioso verso l\u2019ignoto. Segue la <strong>Realizzazione<\/strong>, l\u2019incontro tra determinazione e destino, fino al <strong>Ritorno a casa<\/strong>, carico di esperienza e consapevolezza.<\/p>\n<p>Un percorso che riflette la nostra visione: vini che incarnano la tradizione della Valpolicella con un\u2019anima contemporanea, guidati dalla <strong>ricerca di equilibrio<\/strong>, <strong>espressione<\/strong> e<strong> autenticit\u00e0<\/strong>.<\/p>\n<h3 class=\"italic\">L&#8217;idea dietro il vino<\/h3>\n<p>L\u2019<strong>Azione<\/strong>\u00a0<strong>\u00e8 quell\u2019ingrediente segreto che trasforma i sogni in realt\u00e0.<\/strong><\/p>\n<p>Un sogno o un\u2019ispirazione, per quanto forti possano essere, non si realizzeranno mai se non vengono seguiti da un\u2019azione decisa, capace di superare gli ostacoli lungo la strada.<\/p>\n<p>Anche\u00a0<strong>Siridio<\/strong>, il personaggio presente nell\u2019etichetta, si sta preparando per realizzare il suo sogno: raggiungere la stella.<\/p>\n<p>Non \u00e8 pi\u00f9 sdraiato sulla collina, ma ora \u00e8 in piedi, pronto per partire con il suo fido arco e le frecce in faretra.<\/p>\n<p><strong>Riuscir\u00e0 a raggiungere la stella con un tiro?<\/strong><\/p>\n<h3 class=\"italic\">Note di degustazione<\/h3>\n<p><strong>Aspetto<\/strong><\/p>\n<p>Rosso rubino con riflessi granata, limpido e consistente.<\/p>\n<p><strong>Palato<\/strong><\/p>\n<\/div>\n<p>Secco, morbido, di lunga persistenza, con piacevole sapidit\u00e0. Richiama note di frutta rossa matura, spezie dolci e leggere tostature. Il finale regala un\u2019elegante nota balsamica<\/p>\n<div class=\"product-info\">\n<h3 class=\"italic\">Abbinamenti<\/h3>\n<p>Perfetto con primi piatti elaborati a base di sughi di carne, carni rosse alla griglia, brasati e arrosti.<\/p>\n<p>Ottimo anche con formaggi stagionati.<\/p>\n<p><strong>IL CONSIGLIO DI SIRIDIO<\/strong><br \/>\nProvalo abbinato ad un tradizionale risotto all\u2019Isolana (Isola della Scala), a delle lasagne al forno o ad un costata alla brace servita con delle verdure grigliate.<\/p>\n<\/div>\n","protected":false},"excerpt":{"rendered":"<h3 class=\"italic\">Caratteristiche<\/h3>\n<p><strong>Denominazione<\/strong>: Valpolicella Superiore DOC<\/p>\n<p><strong>Vitigni<\/strong>: Corvina, Corvinone e Rondinella<\/p>\n<p><strong>Alcol<\/strong>: 13,5% Vol<\/p>\n<p><strong>Formato<\/strong>: 75 cl<\/p>\n<p><strong>Vinificazione<\/strong>:<\/p>\n<p>La base da cui nasce questo vino \u00e8 il Valpolicella prodotto nel mese di settembre\/ottobre da uva fresca, sottoposta ad una pigiatura soffice a cui segue la fermentazione in vasche d\u2019acciaio.<\/p>\n<p>Circa a fine Ottobre la base Valpolicella \u00e8 fatta rifermentare su un mosto ottenuto da uva raccolta in cassetta e fatta appassire per circa 40 giorni.<\/p>\n<p>Tale procedura di vinificazione \u00e8 chiamata rigoverno. Questo metodo prevede una rifermentazione con mosto di uve fatte appassire per\u00a0<strong>40 giorni<\/strong>, conferendo al vino una particolare complessit\u00e0.<\/p>\n<p><strong>Invecchiamento e Affinamento<\/strong>:<\/p>\n<p>Completata la fermentazione, segue un periodo di affinamento di 18 mesi in tonneaux di legno di rovere francese di secondo passaggio ed una sosta in bottiglia per altri 9 mesi minimo.<\/p>\n<p><strong>Temperatura di servizio<\/strong>: 14-16\u00b0 C<\/p>\n","protected":false},"featured_media":14123,"template":"","meta":{"_acf_changed":false},"product_brand":[],"product_cat":[229,90],"product_tag":[],"class_list":{"0":"post-14131","1":"product","2":"type-product","3":"status-publish","4":"has-post-thumbnail","6":"product_cat-siridia-it","7":"product_cat-vino","9":"first","10":"instock","11":"taxable","12":"shipping-taxable","13":"purchasable","14":"product-type-simple"},"acf":[],"yoast_head":"<!-- This site is optimized with the Yoast SEO plugin v26.7 - https:\/\/yoast.com\/wordpress\/plugins\/seo\/ -->\n<title>Valpolicella Classico Superiore DOC 2020 Siridia - Pagus Wine Tours<\/title>\n<meta name=\"robots\" content=\"index, follow, max-snippet:-1, max-image-preview:large, max-video-preview:-1\" \/>\n<link rel=\"canonical\" href=\"https:\/\/www.paguswinetours.com\/it\/shop\/valpolicella-classico-doc-2022-siridia-copia\/\" \/>\n<meta property=\"og:locale\" content=\"it_IT\" \/>\n<meta property=\"og:type\" content=\"article\" \/>\n<meta property=\"og:title\" content=\"Valpolicella Classico Superiore DOC 2020 Siridia - Pagus Wine Tours\" \/>\n<meta property=\"og:description\" content=\"Caratteristiche Denominazione: Valpolicella Superiore DOC  Vitigni: Corvina, Corvinone e Rondinella  Alcol: 13,5% Vol  Formato: 75 cl  Vinificazione:  La base da cui nasce questo vino \u00e8 il Valpolicella prodotto nel mese di settembre\/ottobre da uva fresca, sottoposta ad una pigiatura soffice a cui segue la fermentazione in vasche d\u2019acciaio.  Circa a fine Ottobre la base Valpolicella \u00e8 fatta rifermentare su un mosto ottenuto da uva raccolta in cassetta e fatta appassire per circa 40 giorni.  Tale procedura di vinificazione \u00e8 chiamata rigoverno. Questo metodo prevede una rifermentazione con mosto di uve fatte appassire per\u00a040 giorni, conferendo al vino una particolare complessit\u00e0.  Invecchiamento e Affinamento:  Completata la fermentazione, segue un periodo di affinamento di 18 mesi in tonneaux di legno di rovere francese di secondo passaggio ed una sosta in bottiglia per altri 9 mesi minimo.  Temperatura di servizio: 14-16\u00b0 C\" \/>\n<meta property=\"og:url\" content=\"https:\/\/www.paguswinetours.com\/it\/shop\/valpolicella-classico-doc-2022-siridia-copia\/\" \/>\n<meta property=\"og:site_name\" content=\"Pagus Wine Tours\" \/>\n<meta property=\"article:publisher\" content=\"https:\/\/www.facebook.com\/paguswinetours\/\" \/>\n<meta property=\"article:modified_time\" content=\"2025-07-31T12:45:05+00:00\" \/>\n<meta property=\"og:image\" content=\"https:\/\/www.paguswinetours.com\/wp-content\/uploads\/SUPERIORE-min-scaled-1-600x900-1.jpg\" \/>\n\t<meta property=\"og:image:width\" content=\"600\" \/>\n\t<meta property=\"og:image:height\" content=\"900\" \/>\n\t<meta property=\"og:image:type\" content=\"image\/jpeg\" \/>\n<meta name=\"twitter:card\" content=\"summary_large_image\" \/>\n<meta name=\"twitter:label1\" content=\"Tempo di lettura stimato\" \/>\n\t<meta name=\"twitter:data1\" content=\"2 minuti\" \/>\n<script type=\"application\/ld+json\" class=\"yoast-schema-graph\">{\"@context\":\"https:\/\/schema.org\",\"@graph\":[{\"@type\":\"WebPage\",\"@id\":\"https:\/\/www.paguswinetours.com\/it\/shop\/valpolicella-classico-doc-2022-siridia-copia\/\",\"url\":\"https:\/\/www.paguswinetours.com\/it\/shop\/valpolicella-classico-doc-2022-siridia-copia\/\",\"name\":\"Valpolicella Classico Superiore DOC 2020 Siridia - Pagus Wine Tours\",\"isPartOf\":{\"@id\":\"https:\/\/www.paguswinetours.com\/it\/#website\"},\"primaryImageOfPage\":{\"@id\":\"https:\/\/www.paguswinetours.com\/it\/shop\/valpolicella-classico-doc-2022-siridia-copia\/#primaryimage\"},\"image\":{\"@id\":\"https:\/\/www.paguswinetours.com\/it\/shop\/valpolicella-classico-doc-2022-siridia-copia\/#primaryimage\"},\"thumbnailUrl\":\"https:\/\/www.paguswinetours.com\/wp-content\/uploads\/SUPERIORE-min-scaled-1-600x900-1.jpg\",\"datePublished\":\"2025-07-31T09:09:35+00:00\",\"dateModified\":\"2025-07-31T12:45:05+00:00\",\"breadcrumb\":{\"@id\":\"https:\/\/www.paguswinetours.com\/it\/shop\/valpolicella-classico-doc-2022-siridia-copia\/#breadcrumb\"},\"inLanguage\":\"it-IT\",\"potentialAction\":[{\"@type\":\"ReadAction\",\"target\":[\"https:\/\/www.paguswinetours.com\/it\/shop\/valpolicella-classico-doc-2022-siridia-copia\/\"]}]},{\"@type\":\"ImageObject\",\"inLanguage\":\"it-IT\",\"@id\":\"https:\/\/www.paguswinetours.com\/it\/shop\/valpolicella-classico-doc-2022-siridia-copia\/#primaryimage\",\"url\":\"https:\/\/www.paguswinetours.com\/wp-content\/uploads\/SUPERIORE-min-scaled-1-600x900-1.jpg\",\"contentUrl\":\"https:\/\/www.paguswinetours.com\/wp-content\/uploads\/SUPERIORE-min-scaled-1-600x900-1.jpg\",\"width\":600,\"height\":900},{\"@type\":\"BreadcrumbList\",\"@id\":\"https:\/\/www.paguswinetours.com\/it\/shop\/valpolicella-classico-doc-2022-siridia-copia\/#breadcrumb\",\"itemListElement\":[{\"@type\":\"ListItem\",\"position\":1,\"name\":\"Home\",\"item\":\"https:\/\/www.paguswinetours.com\/it\/\"},{\"@type\":\"ListItem\",\"position\":2,\"name\":\"Prodotti\",\"item\":\"https:\/\/www.paguswinetours.com\/it\/shop\/\"},{\"@type\":\"ListItem\",\"position\":3,\"name\":\"Valpolicella Classico Superiore DOC 2020 Siridia\"}]},{\"@type\":\"WebSite\",\"@id\":\"https:\/\/www.paguswinetours.com\/it\/#website\",\"url\":\"https:\/\/www.paguswinetours.com\/it\/\",\"name\":\"Pagus Wine Tours\",\"description\":\"\",\"publisher\":{\"@id\":\"https:\/\/www.paguswinetours.com\/it\/#organization\"},\"potentialAction\":[{\"@type\":\"SearchAction\",\"target\":{\"@type\":\"EntryPoint\",\"urlTemplate\":\"https:\/\/www.paguswinetours.com\/it\/?s={search_term_string}\"},\"query-input\":{\"@type\":\"PropertyValueSpecification\",\"valueRequired\":true,\"valueName\":\"search_term_string\"}}],\"inLanguage\":\"it-IT\"},{\"@type\":\"Organization\",\"@id\":\"https:\/\/www.paguswinetours.com\/it\/#organization\",\"name\":\"Pagus Wine Tours\",\"url\":\"https:\/\/www.paguswinetours.com\/it\/\",\"logo\":{\"@type\":\"ImageObject\",\"inLanguage\":\"it-IT\",\"@id\":\"https:\/\/www.paguswinetours.com\/it\/#\/schema\/logo\/image\/\",\"url\":\"https:\/\/www.paguswinetours.com\/wp-content\/uploads\/logo-2-1.png\",\"contentUrl\":\"https:\/\/www.paguswinetours.com\/wp-content\/uploads\/logo-2-1.png\",\"width\":1172,\"height\":364,\"caption\":\"Pagus Wine Tours\"},\"image\":{\"@id\":\"https:\/\/www.paguswinetours.com\/it\/#\/schema\/logo\/image\/\"},\"sameAs\":[\"https:\/\/www.facebook.com\/paguswinetours\/\",\"https:\/\/www.instagram.com\/paguswinetours\/\",\"https:\/\/www.youtube.com\/channel\/UCMuOOU3pfYQT2zysLFm2u8g\"]}]}<\/script>\n<!-- \/ Yoast SEO plugin. -->","yoast_head_json":{"title":"Valpolicella Classico Superiore DOC 2020 Siridia - Pagus Wine Tours","robots":{"index":"index","follow":"follow","max-snippet":"max-snippet:-1","max-image-preview":"max-image-preview:large","max-video-preview":"max-video-preview:-1"},"canonical":"https:\/\/www.paguswinetours.com\/it\/shop\/valpolicella-classico-doc-2022-siridia-copia\/","og_locale":"it_IT","og_type":"article","og_title":"Valpolicella Classico Superiore DOC 2020 Siridia - Pagus Wine Tours","og_description":"Caratteristiche Denominazione: Valpolicella Superiore DOC  Vitigni: Corvina, Corvinone e Rondinella  Alcol: 13,5% Vol  Formato: 75 cl  Vinificazione:  La base da cui nasce questo vino \u00e8 il Valpolicella prodotto nel mese di settembre\/ottobre da uva fresca, sottoposta ad una pigiatura soffice a cui segue la fermentazione in vasche d\u2019acciaio.  Circa a fine Ottobre la base Valpolicella \u00e8 fatta rifermentare su un mosto ottenuto da uva raccolta in cassetta e fatta appassire per circa 40 giorni.  Tale procedura di vinificazione \u00e8 chiamata rigoverno. Questo metodo prevede una rifermentazione con mosto di uve fatte appassire per\u00a040 giorni, conferendo al vino una particolare complessit\u00e0.  Invecchiamento e Affinamento:  Completata la fermentazione, segue un periodo di affinamento di 18 mesi in tonneaux di legno di rovere francese di secondo passaggio ed una sosta in bottiglia per altri 9 mesi minimo.  Temperatura di servizio: 14-16\u00b0 C","og_url":"https:\/\/www.paguswinetours.com\/it\/shop\/valpolicella-classico-doc-2022-siridia-copia\/","og_site_name":"Pagus Wine Tours","article_publisher":"https:\/\/www.facebook.com\/paguswinetours\/","article_modified_time":"2025-07-31T12:45:05+00:00","og_image":[{"width":600,"height":900,"url":"https:\/\/www.paguswinetours.com\/wp-content\/uploads\/SUPERIORE-min-scaled-1-600x900-1.jpg","type":"image\/jpeg"}],"twitter_card":"summary_large_image","twitter_misc":{"Tempo di lettura stimato":"2 minuti"},"schema":{"@context":"https:\/\/schema.org","@graph":[{"@type":"WebPage","@id":"https:\/\/www.paguswinetours.com\/it\/shop\/valpolicella-classico-doc-2022-siridia-copia\/","url":"https:\/\/www.paguswinetours.com\/it\/shop\/valpolicella-classico-doc-2022-siridia-copia\/","name":"Valpolicella Classico Superiore DOC 2020 Siridia - Pagus Wine Tours","isPartOf":{"@id":"https:\/\/www.paguswinetours.com\/it\/#website"},"primaryImageOfPage":{"@id":"https:\/\/www.paguswinetours.com\/it\/shop\/valpolicella-classico-doc-2022-siridia-copia\/#primaryimage"},"image":{"@id":"https:\/\/www.paguswinetours.com\/it\/shop\/valpolicella-classico-doc-2022-siridia-copia\/#primaryimage"},"thumbnailUrl":"https:\/\/www.paguswinetours.com\/wp-content\/uploads\/SUPERIORE-min-scaled-1-600x900-1.jpg","datePublished":"2025-07-31T09:09:35+00:00","dateModified":"2025-07-31T12:45:05+00:00","breadcrumb":{"@id":"https:\/\/www.paguswinetours.com\/it\/shop\/valpolicella-classico-doc-2022-siridia-copia\/#breadcrumb"},"inLanguage":"it-IT","potentialAction":[{"@type":"ReadAction","target":["https:\/\/www.paguswinetours.com\/it\/shop\/valpolicella-classico-doc-2022-siridia-copia\/"]}]},{"@type":"ImageObject","inLanguage":"it-IT","@id":"https:\/\/www.paguswinetours.com\/it\/shop\/valpolicella-classico-doc-2022-siridia-copia\/#primaryimage","url":"https:\/\/www.paguswinetours.com\/wp-content\/uploads\/SUPERIORE-min-scaled-1-600x900-1.jpg","contentUrl":"https:\/\/www.paguswinetours.com\/wp-content\/uploads\/SUPERIORE-min-scaled-1-600x900-1.jpg","width":600,"height":900},{"@type":"BreadcrumbList","@id":"https:\/\/www.paguswinetours.com\/it\/shop\/valpolicella-classico-doc-2022-siridia-copia\/#breadcrumb","itemListElement":[{"@type":"ListItem","position":1,"name":"Home","item":"https:\/\/www.paguswinetours.com\/it\/"},{"@type":"ListItem","position":2,"name":"Prodotti","item":"https:\/\/www.paguswinetours.com\/it\/shop\/"},{"@type":"ListItem","position":3,"name":"Valpolicella Classico Superiore DOC 2020 Siridia"}]},{"@type":"WebSite","@id":"https:\/\/www.paguswinetours.com\/it\/#website","url":"https:\/\/www.paguswinetours.com\/it\/","name":"Pagus Wine Tours","description":"","publisher":{"@id":"https:\/\/www.paguswinetours.com\/it\/#organization"},"potentialAction":[{"@type":"SearchAction","target":{"@type":"EntryPoint","urlTemplate":"https:\/\/www.paguswinetours.com\/it\/?s={search_term_string}"},"query-input":{"@type":"PropertyValueSpecification","valueRequired":true,"valueName":"search_term_string"}}],"inLanguage":"it-IT"},{"@type":"Organization","@id":"https:\/\/www.paguswinetours.com\/it\/#organization","name":"Pagus Wine Tours","url":"https:\/\/www.paguswinetours.com\/it\/","logo":{"@type":"ImageObject","inLanguage":"it-IT","@id":"https:\/\/www.paguswinetours.com\/it\/#\/schema\/logo\/image\/","url":"https:\/\/www.paguswinetours.com\/wp-content\/uploads\/logo-2-1.png","contentUrl":"https:\/\/www.paguswinetours.com\/wp-content\/uploads\/logo-2-1.png","width":1172,"height":364,"caption":"Pagus Wine Tours"},"image":{"@id":"https:\/\/www.paguswinetours.com\/it\/#\/schema\/logo\/image\/"},"sameAs":["https:\/\/www.facebook.com\/paguswinetours\/","https:\/\/www.instagram.com\/paguswinetours\/","https:\/\/www.youtube.com\/channel\/UCMuOOU3pfYQT2zysLFm2u8g"]}]}},"_links":{"self":[{"href":"https:\/\/www.paguswinetours.com\/it\/wp-json\/wp\/v2\/product\/14131","targetHints":{"allow":["GET"]}}],"collection":[{"href":"https:\/\/www.paguswinetours.com\/it\/wp-json\/wp\/v2\/product"}],"about":[{"href":"https:\/\/www.paguswinetours.com\/it\/wp-json\/wp\/v2\/types\/product"}],"wp:featuredmedia":[{"embeddable":true,"href":"https:\/\/www.paguswinetours.com\/it\/wp-json\/wp\/v2\/media\/14123"}],"wp:attachment":[{"href":"https:\/\/www.paguswinetours.com\/it\/wp-json\/wp\/v2\/media?parent=14131"}],"wp:term":[{"taxonomy":"product_brand","embeddable":true,"href":"https:\/\/www.paguswinetours.com\/it\/wp-json\/wp\/v2\/product_brand?post=14131"},{"taxonomy":"product_cat","embeddable":true,"href":"https:\/\/www.paguswinetours.com\/it\/wp-json\/wp\/v2\/product_cat?post=14131"},{"taxonomy":"product_tag","embeddable":true,"href":"https:\/\/www.paguswinetours.com\/it\/wp-json\/wp\/v2\/product_tag?post=14131"}],"curies":[{"name":"wp","href":"https:\/\/api.w.org\/{rel}","templated":true}]}}