{"id":14119,"date":"2025-07-31T09:48:50","date_gmt":"2025-07-31T07:48:50","guid":{"rendered":"https:\/\/www.paguswinetours.com\/?post_type=product&#038;p=14119"},"modified":"2025-07-31T11:08:34","modified_gmt":"2025-07-31T09:08:34","slug":"valpolicella-classico-superiore-doc-2023-la-marega-copia","status":"publish","type":"product","link":"https:\/\/www.paguswinetours.com\/it\/shop\/valpolicella-classico-superiore-doc-2023-la-marega-copia\/","title":{"rendered":"Valpolicella Classico DOC 2022 Siridia"},"content":{"rendered":"<div class=\"product-info\">\n<h3 class=\"italic\">I vini del &#8220;Ciclo di Siridio&#8221;<\/h3>\n<p>Un viaggio attraverso i vini della Valpolicella<strong>, un racconto che prende vita tra i vigneti<\/strong> e si imprime sulle etichette.<\/p>\n<p><strong>Ogni bottiglia \u00e8 una tappa nel cammino di Siridio<\/strong>: dall<strong>\u2019Ispirazione<\/strong>, il momento in cui nasce il desiderio di partire, all\u2019<strong>Azione<\/strong>, il passo coraggioso verso l\u2019ignoto. Segue la <strong>Realizzazione<\/strong>, l\u2019incontro tra determinazione e destino, fino al <strong>Ritorno a casa<\/strong>, carico di esperienza e consapevolezza.<\/p>\n<p>Un percorso che riflette la nostra visione: vini che incarnano la tradizione della Valpolicella con un\u2019anima contemporanea, guidati dalla <strong>ricerca di equilibrio<\/strong>, <strong>espressione<\/strong> e<strong> autenticit\u00e0<\/strong>.<\/p>\n<h3 class=\"italic\">L&#8217;idea dietro il vino<\/h3>\n<p>Una notte, Siridio \u00e8 sdraiato sulla collina a contemplare le stelle. All\u2019improvviso viene ispirato da un\u2019idea tanto assurda quanto coraggiosa. <strong>Vuole raggiungere una stella!<\/strong><\/p>\n<p>Ce la far\u00e0? \u00c8 una domanda sciocca perch\u00e9 in quel magico momento dove l\u2018ispirazione fa da padrone, quella stella \u00e8 gi\u00e0 nelle sue mani.<\/p>\n<p><em>&#8220;Come per il nostro eroe, l\u2019ispirazione mi ha spinto a far nascere Siridia, un\u2019emozione che ho cercato di racchiudere nel mio Valpolicella&#8221;. (Edoardo Speri)<\/em><\/p>\n<h3 class=\"italic\">Note di degustazione<\/h3>\n<p><strong>Aspetto<\/strong><\/p>\n<p>Il Valpolicella Classico Ispirazione ha un colore rosso rubino, brillante e di leggera intensit\u00e0.<\/p>\n<p><strong>Palato<\/strong><\/p>\n<\/div>\n<p>Il suo carattere fresco, di facile beva e di lunga persistenza richiama note fruttate di piccoli frutti rossi croccanti, in particolare ciliegia e marasca. Segue una leggera sfumatura speziata che ricorda il pepe nero dato dal Corvinone.<\/p>\n<div class=\"product-info\">\n<h3 class=\"italic\">Abbinamenti<\/h3>\n<p>\u00c8 ottimo bevuto per aperitivo grazie alla sua facilit\u00e0 di beva, si abbina molto bene con antipasti di salumi e formaggi poco stagionati e primi piatti non troppo strutturati.<\/p>\n<p><strong>IL CONSIGLIO DI SIRIDIO<\/strong><br \/>\nProvalo in accompagnamento a dei salumi come la Soppressa Veneta o la Mortadella, con un buon primo piatto come degli gnocchi al pomodoro o una pasta con pomodorini e salsiccia.<\/p>\n<\/div>\n","protected":false},"excerpt":{"rendered":"<h3 class=\"italic\">Caratteristiche<\/h3>\n<p><strong>Denominazione<\/strong>: Valpolicella DOC<\/p>\n<p><strong>Vitigni<\/strong>: Corvina, Corvinone e Rondinella, alle quali viene aggiunto un 5% di Molinara<\/p>\n<p><strong>Alcol<\/strong>: 12,5% Vol<\/p>\n<p><strong>Formato<\/strong>: 75 cl<\/p>\n<p><strong>Vinificazione<\/strong>: L\u2019uva fresca \u00e8 sottoposta ad una pigiatura soffice a cui segue la fermentazione in vasche d\u2019acciaio utilizzando lieviti autoctoni.<\/p>\n<p><strong>Invecchiamento e Affinamento<\/strong>:<\/p>\n<p>Una parte del vino viene affinato in tonneau di ciliegio e una parte riposa in vasca d\u2019acciaio a contatto con la feccia fine per circa 7 mesi.\u00a0Nella fase di imbottigliamento avviene il blend dei due lotti.<\/p>\n<p>Il Valpolicella di Siridia sosta per un minimo di 6 mesi dopo l\u2019imbottigliamento prima di essere messo in commercio.<\/p>\n<p><strong>Temperatura di servizio<\/strong>: 12-13\u00b0 C<\/p>\n","protected":false},"featured_media":14121,"template":"","meta":{"_acf_changed":false},"product_brand":[],"product_cat":[229,90],"product_tag":[],"class_list":{"0":"post-14119","1":"product","2":"type-product","3":"status-publish","4":"has-post-thumbnail","6":"product_cat-siridia-it","7":"product_cat-vino","9":"first","10":"instock","11":"taxable","12":"shipping-taxable","13":"purchasable","14":"product-type-simple"},"acf":[],"yoast_head":"<!-- This site is optimized with the Yoast SEO plugin v26.7 - https:\/\/yoast.com\/wordpress\/plugins\/seo\/ -->\n<title>Valpolicella Classico DOC 2022 Siridia - Pagus Wine Tours<\/title>\n<meta name=\"robots\" content=\"index, follow, max-snippet:-1, max-image-preview:large, max-video-preview:-1\" \/>\n<link rel=\"canonical\" href=\"https:\/\/www.paguswinetours.com\/it\/shop\/valpolicella-classico-superiore-doc-2023-la-marega-copia\/\" \/>\n<meta property=\"og:locale\" content=\"it_IT\" \/>\n<meta property=\"og:type\" content=\"article\" \/>\n<meta property=\"og:title\" content=\"Valpolicella Classico DOC 2022 Siridia - Pagus Wine Tours\" \/>\n<meta property=\"og:description\" content=\"Caratteristiche Denominazione: Valpolicella DOC  Vitigni: Corvina, Corvinone e Rondinella, alle quali viene aggiunto un 5% di Molinara  Alcol: 12,5% Vol  Formato: 75 cl  Vinificazione: L\u2019uva fresca \u00e8 sottoposta ad una pigiatura soffice a cui segue la fermentazione in vasche d\u2019acciaio utilizzando lieviti autoctoni.  Invecchiamento e Affinamento:  Una parte del vino viene affinato in tonneau di ciliegio e una parte riposa in vasca d\u2019acciaio a contatto con la feccia fine per circa 7 mesi.\u00a0Nella fase di imbottigliamento avviene il blend dei due lotti.  Il Valpolicella di Siridia sosta per un minimo di 6 mesi dopo l\u2019imbottigliamento prima di essere messo in commercio.  Temperatura di servizio: 12-13\u00b0 C\" \/>\n<meta property=\"og:url\" content=\"https:\/\/www.paguswinetours.com\/it\/shop\/valpolicella-classico-superiore-doc-2023-la-marega-copia\/\" \/>\n<meta property=\"og:site_name\" content=\"Pagus Wine Tours\" \/>\n<meta property=\"article:publisher\" content=\"https:\/\/www.facebook.com\/paguswinetours\/\" \/>\n<meta property=\"article:modified_time\" content=\"2025-07-31T09:08:34+00:00\" \/>\n<meta property=\"og:image\" content=\"https:\/\/www.paguswinetours.com\/wp-content\/uploads\/CLASSICO-min-scaled-1-600x900-1.jpg\" \/>\n\t<meta property=\"og:image:width\" content=\"600\" \/>\n\t<meta property=\"og:image:height\" content=\"900\" \/>\n\t<meta property=\"og:image:type\" content=\"image\/jpeg\" \/>\n<meta name=\"twitter:card\" content=\"summary_large_image\" \/>\n<meta name=\"twitter:label1\" content=\"Tempo di lettura stimato\" \/>\n\t<meta name=\"twitter:data1\" content=\"2 minuti\" \/>\n<script type=\"application\/ld+json\" class=\"yoast-schema-graph\">{\"@context\":\"https:\/\/schema.org\",\"@graph\":[{\"@type\":\"WebPage\",\"@id\":\"https:\/\/www.paguswinetours.com\/it\/shop\/valpolicella-classico-superiore-doc-2023-la-marega-copia\/\",\"url\":\"https:\/\/www.paguswinetours.com\/it\/shop\/valpolicella-classico-superiore-doc-2023-la-marega-copia\/\",\"name\":\"Valpolicella Classico DOC 2022 Siridia - Pagus Wine Tours\",\"isPartOf\":{\"@id\":\"https:\/\/www.paguswinetours.com\/it\/#website\"},\"primaryImageOfPage\":{\"@id\":\"https:\/\/www.paguswinetours.com\/it\/shop\/valpolicella-classico-superiore-doc-2023-la-marega-copia\/#primaryimage\"},\"image\":{\"@id\":\"https:\/\/www.paguswinetours.com\/it\/shop\/valpolicella-classico-superiore-doc-2023-la-marega-copia\/#primaryimage\"},\"thumbnailUrl\":\"https:\/\/www.paguswinetours.com\/wp-content\/uploads\/CLASSICO-min-scaled-1-600x900-1.jpg\",\"datePublished\":\"2025-07-31T07:48:50+00:00\",\"dateModified\":\"2025-07-31T09:08:34+00:00\",\"breadcrumb\":{\"@id\":\"https:\/\/www.paguswinetours.com\/it\/shop\/valpolicella-classico-superiore-doc-2023-la-marega-copia\/#breadcrumb\"},\"inLanguage\":\"it-IT\",\"potentialAction\":[{\"@type\":\"ReadAction\",\"target\":[\"https:\/\/www.paguswinetours.com\/it\/shop\/valpolicella-classico-superiore-doc-2023-la-marega-copia\/\"]}]},{\"@type\":\"ImageObject\",\"inLanguage\":\"it-IT\",\"@id\":\"https:\/\/www.paguswinetours.com\/it\/shop\/valpolicella-classico-superiore-doc-2023-la-marega-copia\/#primaryimage\",\"url\":\"https:\/\/www.paguswinetours.com\/wp-content\/uploads\/CLASSICO-min-scaled-1-600x900-1.jpg\",\"contentUrl\":\"https:\/\/www.paguswinetours.com\/wp-content\/uploads\/CLASSICO-min-scaled-1-600x900-1.jpg\",\"width\":600,\"height\":900},{\"@type\":\"BreadcrumbList\",\"@id\":\"https:\/\/www.paguswinetours.com\/it\/shop\/valpolicella-classico-superiore-doc-2023-la-marega-copia\/#breadcrumb\",\"itemListElement\":[{\"@type\":\"ListItem\",\"position\":1,\"name\":\"Home\",\"item\":\"https:\/\/www.paguswinetours.com\/it\/\"},{\"@type\":\"ListItem\",\"position\":2,\"name\":\"Prodotti\",\"item\":\"https:\/\/www.paguswinetours.com\/it\/shop\/\"},{\"@type\":\"ListItem\",\"position\":3,\"name\":\"Valpolicella Classico DOC 2022 Siridia\"}]},{\"@type\":\"WebSite\",\"@id\":\"https:\/\/www.paguswinetours.com\/it\/#website\",\"url\":\"https:\/\/www.paguswinetours.com\/it\/\",\"name\":\"Pagus Wine Tours\",\"description\":\"\",\"publisher\":{\"@id\":\"https:\/\/www.paguswinetours.com\/it\/#organization\"},\"potentialAction\":[{\"@type\":\"SearchAction\",\"target\":{\"@type\":\"EntryPoint\",\"urlTemplate\":\"https:\/\/www.paguswinetours.com\/it\/?s={search_term_string}\"},\"query-input\":{\"@type\":\"PropertyValueSpecification\",\"valueRequired\":true,\"valueName\":\"search_term_string\"}}],\"inLanguage\":\"it-IT\"},{\"@type\":\"Organization\",\"@id\":\"https:\/\/www.paguswinetours.com\/it\/#organization\",\"name\":\"Pagus Wine Tours\",\"url\":\"https:\/\/www.paguswinetours.com\/it\/\",\"logo\":{\"@type\":\"ImageObject\",\"inLanguage\":\"it-IT\",\"@id\":\"https:\/\/www.paguswinetours.com\/it\/#\/schema\/logo\/image\/\",\"url\":\"https:\/\/www.paguswinetours.com\/wp-content\/uploads\/logo-2-1.png\",\"contentUrl\":\"https:\/\/www.paguswinetours.com\/wp-content\/uploads\/logo-2-1.png\",\"width\":1172,\"height\":364,\"caption\":\"Pagus Wine Tours\"},\"image\":{\"@id\":\"https:\/\/www.paguswinetours.com\/it\/#\/schema\/logo\/image\/\"},\"sameAs\":[\"https:\/\/www.facebook.com\/paguswinetours\/\",\"https:\/\/www.instagram.com\/paguswinetours\/\",\"https:\/\/www.youtube.com\/channel\/UCMuOOU3pfYQT2zysLFm2u8g\"]}]}<\/script>\n<!-- \/ Yoast SEO plugin. -->","yoast_head_json":{"title":"Valpolicella Classico DOC 2022 Siridia - Pagus Wine Tours","robots":{"index":"index","follow":"follow","max-snippet":"max-snippet:-1","max-image-preview":"max-image-preview:large","max-video-preview":"max-video-preview:-1"},"canonical":"https:\/\/www.paguswinetours.com\/it\/shop\/valpolicella-classico-superiore-doc-2023-la-marega-copia\/","og_locale":"it_IT","og_type":"article","og_title":"Valpolicella Classico DOC 2022 Siridia - Pagus Wine Tours","og_description":"Caratteristiche Denominazione: Valpolicella DOC  Vitigni: Corvina, Corvinone e Rondinella, alle quali viene aggiunto un 5% di Molinara  Alcol: 12,5% Vol  Formato: 75 cl  Vinificazione: L\u2019uva fresca \u00e8 sottoposta ad una pigiatura soffice a cui segue la fermentazione in vasche d\u2019acciaio utilizzando lieviti autoctoni.  Invecchiamento e Affinamento:  Una parte del vino viene affinato in tonneau di ciliegio e una parte riposa in vasca d\u2019acciaio a contatto con la feccia fine per circa 7 mesi.\u00a0Nella fase di imbottigliamento avviene il blend dei due lotti.  Il Valpolicella di Siridia sosta per un minimo di 6 mesi dopo l\u2019imbottigliamento prima di essere messo in commercio.  Temperatura di servizio: 12-13\u00b0 C","og_url":"https:\/\/www.paguswinetours.com\/it\/shop\/valpolicella-classico-superiore-doc-2023-la-marega-copia\/","og_site_name":"Pagus Wine Tours","article_publisher":"https:\/\/www.facebook.com\/paguswinetours\/","article_modified_time":"2025-07-31T09:08:34+00:00","og_image":[{"width":600,"height":900,"url":"https:\/\/www.paguswinetours.com\/wp-content\/uploads\/CLASSICO-min-scaled-1-600x900-1.jpg","type":"image\/jpeg"}],"twitter_card":"summary_large_image","twitter_misc":{"Tempo di lettura stimato":"2 minuti"},"schema":{"@context":"https:\/\/schema.org","@graph":[{"@type":"WebPage","@id":"https:\/\/www.paguswinetours.com\/it\/shop\/valpolicella-classico-superiore-doc-2023-la-marega-copia\/","url":"https:\/\/www.paguswinetours.com\/it\/shop\/valpolicella-classico-superiore-doc-2023-la-marega-copia\/","name":"Valpolicella Classico DOC 2022 Siridia - Pagus Wine Tours","isPartOf":{"@id":"https:\/\/www.paguswinetours.com\/it\/#website"},"primaryImageOfPage":{"@id":"https:\/\/www.paguswinetours.com\/it\/shop\/valpolicella-classico-superiore-doc-2023-la-marega-copia\/#primaryimage"},"image":{"@id":"https:\/\/www.paguswinetours.com\/it\/shop\/valpolicella-classico-superiore-doc-2023-la-marega-copia\/#primaryimage"},"thumbnailUrl":"https:\/\/www.paguswinetours.com\/wp-content\/uploads\/CLASSICO-min-scaled-1-600x900-1.jpg","datePublished":"2025-07-31T07:48:50+00:00","dateModified":"2025-07-31T09:08:34+00:00","breadcrumb":{"@id":"https:\/\/www.paguswinetours.com\/it\/shop\/valpolicella-classico-superiore-doc-2023-la-marega-copia\/#breadcrumb"},"inLanguage":"it-IT","potentialAction":[{"@type":"ReadAction","target":["https:\/\/www.paguswinetours.com\/it\/shop\/valpolicella-classico-superiore-doc-2023-la-marega-copia\/"]}]},{"@type":"ImageObject","inLanguage":"it-IT","@id":"https:\/\/www.paguswinetours.com\/it\/shop\/valpolicella-classico-superiore-doc-2023-la-marega-copia\/#primaryimage","url":"https:\/\/www.paguswinetours.com\/wp-content\/uploads\/CLASSICO-min-scaled-1-600x900-1.jpg","contentUrl":"https:\/\/www.paguswinetours.com\/wp-content\/uploads\/CLASSICO-min-scaled-1-600x900-1.jpg","width":600,"height":900},{"@type":"BreadcrumbList","@id":"https:\/\/www.paguswinetours.com\/it\/shop\/valpolicella-classico-superiore-doc-2023-la-marega-copia\/#breadcrumb","itemListElement":[{"@type":"ListItem","position":1,"name":"Home","item":"https:\/\/www.paguswinetours.com\/it\/"},{"@type":"ListItem","position":2,"name":"Prodotti","item":"https:\/\/www.paguswinetours.com\/it\/shop\/"},{"@type":"ListItem","position":3,"name":"Valpolicella Classico DOC 2022 Siridia"}]},{"@type":"WebSite","@id":"https:\/\/www.paguswinetours.com\/it\/#website","url":"https:\/\/www.paguswinetours.com\/it\/","name":"Pagus Wine Tours","description":"","publisher":{"@id":"https:\/\/www.paguswinetours.com\/it\/#organization"},"potentialAction":[{"@type":"SearchAction","target":{"@type":"EntryPoint","urlTemplate":"https:\/\/www.paguswinetours.com\/it\/?s={search_term_string}"},"query-input":{"@type":"PropertyValueSpecification","valueRequired":true,"valueName":"search_term_string"}}],"inLanguage":"it-IT"},{"@type":"Organization","@id":"https:\/\/www.paguswinetours.com\/it\/#organization","name":"Pagus Wine Tours","url":"https:\/\/www.paguswinetours.com\/it\/","logo":{"@type":"ImageObject","inLanguage":"it-IT","@id":"https:\/\/www.paguswinetours.com\/it\/#\/schema\/logo\/image\/","url":"https:\/\/www.paguswinetours.com\/wp-content\/uploads\/logo-2-1.png","contentUrl":"https:\/\/www.paguswinetours.com\/wp-content\/uploads\/logo-2-1.png","width":1172,"height":364,"caption":"Pagus Wine Tours"},"image":{"@id":"https:\/\/www.paguswinetours.com\/it\/#\/schema\/logo\/image\/"},"sameAs":["https:\/\/www.facebook.com\/paguswinetours\/","https:\/\/www.instagram.com\/paguswinetours\/","https:\/\/www.youtube.com\/channel\/UCMuOOU3pfYQT2zysLFm2u8g"]}]}},"_links":{"self":[{"href":"https:\/\/www.paguswinetours.com\/it\/wp-json\/wp\/v2\/product\/14119","targetHints":{"allow":["GET"]}}],"collection":[{"href":"https:\/\/www.paguswinetours.com\/it\/wp-json\/wp\/v2\/product"}],"about":[{"href":"https:\/\/www.paguswinetours.com\/it\/wp-json\/wp\/v2\/types\/product"}],"wp:featuredmedia":[{"embeddable":true,"href":"https:\/\/www.paguswinetours.com\/it\/wp-json\/wp\/v2\/media\/14121"}],"wp:attachment":[{"href":"https:\/\/www.paguswinetours.com\/it\/wp-json\/wp\/v2\/media?parent=14119"}],"wp:term":[{"taxonomy":"product_brand","embeddable":true,"href":"https:\/\/www.paguswinetours.com\/it\/wp-json\/wp\/v2\/product_brand?post=14119"},{"taxonomy":"product_cat","embeddable":true,"href":"https:\/\/www.paguswinetours.com\/it\/wp-json\/wp\/v2\/product_cat?post=14119"},{"taxonomy":"product_tag","embeddable":true,"href":"https:\/\/www.paguswinetours.com\/it\/wp-json\/wp\/v2\/product_tag?post=14119"}],"curies":[{"name":"wp","href":"https:\/\/api.w.org\/{rel}","templated":true}]}}