{"id":11808,"date":"2024-11-27T11:54:37","date_gmt":"2024-11-27T10:54:37","guid":{"rendered":"https:\/\/www.paguswinetours.com\/?post_type=product&#038;p=11808"},"modified":"2025-01-03T14:59:49","modified_gmt":"2025-01-03T13:59:49","slug":"guida-slow-wine-2025-chiaretto-di-bardolino-doc-rodon-2023-le-fraghe","status":"publish","type":"product","link":"https:\/\/www.paguswinetours.com\/it\/shop\/guida-slow-wine-2025-chiaretto-di-bardolino-doc-rodon-2023-le-fraghe\/","title":{"rendered":"Guida Slow Wine 2025 &amp; Chiaretto di Bardolino DOC R\u00f2don 2023 Le Fraghe"},"content":{"rendered":"<h5><strong>Guida Slow Wine 2025<\/strong><\/h5>\n<p>Slow Wine \u00e8 <strong>una guida corale<\/strong>, realizzata da <strong>252 collaboratori che visitano tutte le cantine recensite<\/strong>, unico caso tra le pubblicazioni di settore. Una novit\u00e0 importante di questa edizione \u00e8 la scelta di raccontare solo le realt\u00e0 che non utilizzano il diserbo chimico, ulteriore garanzia per i lettori che cercano un riferimento per orientarsi nel mondo dell&#8217;<strong>agricoltura pulita e sostenibile<\/strong>.<\/p>\n<p><strong>245 Chiocciole<\/strong>, le cantine, buone pulite e giuste<\/p>\n<p><strong>183 Bottiglie<\/strong>, le cantine i cui vini esprimono un&#8217;eccellente qualit\u00e0 organolettica<\/p>\n<p><strong>59 Monete<\/strong>, le cantine i cui vini hanno un ottimo rapporto qualit\u00e0-prezzo<\/p>\n<p>Per quanto riguarda i <strong>premi ai vini<\/strong>, una delle principali novit\u00e0 riguarda i <strong>Best Buy<\/strong>, una selezione di Top Wine che, nelle rispettive denominazioni e tipologie, offrono un prezzo eccezionale.<\/p>\n<h5>Chiaretto di Bardolino DOC R\u00f2don 2023 Le Fraghe<\/h5>\n<p>Le due uve, Corvina e Rondinella, vengono vinificate separatamente. La macerazione del mosto con le bucce viene effettuata a bassa temperatura ed ha una durata di circa 6-8 ore, cosicch\u00e9 il colore estratto sia il pi\u00f9 possibile vivace e giustamente intenso. Il mosto ottenuto viene fatto fermentare in bianco ad una temperatura controllata di 17\u00b0C. Terminata la fermentazione il vino viene posto in serbatoi di acciaio da 50 HL mantenendolo sulle fecce fini fino a primavera, quando viene messo in bottiglia.<\/p>\n<p><strong>Note di degustazione<\/strong><\/p>\n<p>Di colore rosso cerasuolo con intensi riflessi violacei, il vino si presenta al naso con un&#8217;elegante complessit\u00e0 di aromi freschi e fragranti; le prime ad apparire sono le avvolgenti noti floreali della rosa canina, emergono poi i sentori fruttati delle fragoline di bosco e ribes, che vanno a chiudere un gradevolissimo quadro olfattivo. L&#8217;immediata freschezza e un buon corpo sono il risultato di un perfetto equilibrio tra la spiccata sapidit\u00e0\/mineralit\u00e0, caratteristica distintiva di questo terroir, e la sua struttura acida e tannica. La persistenza in bocca \u00e8 molto lunga; le note avvertite al naso trovano conferma al retro-olfatto.<\/p>\n<p><strong>Abbinamenti<\/strong><\/p>\n<p>\u00c8 un vino adatto da tutto pasto in abbinamento ad antipasti, piatti di carni bianche dai sapori delicati, zuppe a base di pesce di mare o di lago, uova e formaggi freschi.<\/p>\n","protected":false},"excerpt":{"rendered":"<h5>Box Regalo: un regalo buono, pulito e giusto<\/h5>\n<p>Contiene:<\/p>\n<ul>\n<li><strong>Guida Slow Wine 2025<\/strong><\/li>\n<li><strong>Chiaretto di Bardolino DOC R\u00f2don 2023 Le Fraghe<\/strong><\/li>\n<\/ul>\n<p><strong>Denominazione:<\/strong> Chiaretto di Bardolino DOC<\/p>\n<p><strong>Vitigni:<\/strong> Corvina e Rondinella<\/p>\n<p><strong>Alcol:<\/strong> 12% vol<\/p>\n<p><strong>Formato:<\/strong> 75 cl<\/p>\n<p><strong>Temperatura di servizio:<\/strong> 8-10\u00b0C<\/p>\n<p><em>Se siete soci Slow Food potrete beneficiare di un prezzo agevolato contattando Pagus Wine Club all&#8217;indirizzo: wineclub@paguswinetours.com.<\/em><\/p>\n<p><strong>Spedizioni gratuite a Verona e provincia. Ritiro gratuito presso Pagus Wine Club in Corso Castelvecchio 3A, 37121 Verona.<\/strong><\/p>\n<p><strong>Le spedizioni nel resto d&#8217;Italia non sono incluse nel prezzo. Per organizzare una spedizione contattare Pagus Wine Club all&#8217;indirizzo: wineclub@paguswinetours.com.<\/strong><\/p>\n","protected":false},"featured_media":11801,"template":"","meta":{"_acf_changed":false},"product_brand":[],"product_cat":[157],"product_tag":[],"class_list":{"0":"post-11808","1":"product","2":"type-product","3":"status-publish","4":"has-post-thumbnail","6":"product_cat-box-regalo","8":"first","9":"instock","10":"virtual","11":"taxable","12":"purchasable","13":"product-type-simple"},"acf":[],"yoast_head":"<!-- This site is optimized with the Yoast SEO plugin v26.7 - https:\/\/yoast.com\/wordpress\/plugins\/seo\/ -->\n<title>Guida Slow Wine 2025 &amp; Chiaretto di Bardolino DOC R\u00f2don 2023 Le Fraghe - Pagus Wine Tours<\/title>\n<meta name=\"robots\" content=\"index, follow, max-snippet:-1, max-image-preview:large, max-video-preview:-1\" \/>\n<link rel=\"canonical\" href=\"https:\/\/www.paguswinetours.com\/it\/shop\/guida-slow-wine-2025-chiaretto-di-bardolino-doc-rodon-2023-le-fraghe\/\" \/>\n<meta property=\"og:locale\" content=\"it_IT\" \/>\n<meta property=\"og:type\" content=\"article\" \/>\n<meta property=\"og:title\" content=\"Guida Slow Wine 2025 &amp; Chiaretto di Bardolino DOC R\u00f2don 2023 Le Fraghe - Pagus Wine Tours\" \/>\n<meta property=\"og:description\" content=\"Box Regalo: un regalo buono, pulito e giusto Contiene:   Guida Slow Wine 2025  Chiaretto di Bardolino DOC R\u00f2don 2023 Le Fraghe  Denominazione: Chiaretto di Bardolino DOC  Vitigni: Corvina e Rondinella  Alcol: 12% vol  Formato: 75 cl  Temperatura di servizio: 8-10\u00b0C  Se siete soci Slow Food potrete beneficiare di un prezzo agevolato contattando Pagus Wine Club all&#039;indirizzo: wineclub@paguswinetours.com.  Spedizioni gratuite a Verona e provincia. Ritiro gratuito presso Pagus Wine Club in Corso Castelvecchio 3A, 37121 Verona.  Le spedizioni nel resto d&#039;Italia non sono incluse nel prezzo. Per organizzare una spedizione contattare Pagus Wine Club all&#039;indirizzo: wineclub@paguswinetours.com.\" \/>\n<meta property=\"og:url\" content=\"https:\/\/www.paguswinetours.com\/it\/shop\/guida-slow-wine-2025-chiaretto-di-bardolino-doc-rodon-2023-le-fraghe\/\" \/>\n<meta property=\"og:site_name\" content=\"Pagus Wine Tours\" \/>\n<meta property=\"article:publisher\" content=\"https:\/\/www.facebook.com\/paguswinetours\/\" \/>\n<meta property=\"article:modified_time\" content=\"2025-01-03T13:59:49+00:00\" \/>\n<meta property=\"og:image\" content=\"https:\/\/www.paguswinetours.com\/wp-content\/uploads\/Slow-Wine-Le-Fraghe.png\" \/>\n\t<meta property=\"og:image:width\" content=\"500\" \/>\n\t<meta property=\"og:image:height\" content=\"500\" \/>\n\t<meta property=\"og:image:type\" content=\"image\/png\" \/>\n<meta name=\"twitter:card\" content=\"summary_large_image\" \/>\n<meta name=\"twitter:label1\" content=\"Tempo di lettura stimato\" \/>\n\t<meta name=\"twitter:data1\" content=\"3 minuti\" \/>\n<script type=\"application\/ld+json\" class=\"yoast-schema-graph\">{\"@context\":\"https:\/\/schema.org\",\"@graph\":[{\"@type\":\"WebPage\",\"@id\":\"https:\/\/www.paguswinetours.com\/it\/shop\/guida-slow-wine-2025-chiaretto-di-bardolino-doc-rodon-2023-le-fraghe\/\",\"url\":\"https:\/\/www.paguswinetours.com\/it\/shop\/guida-slow-wine-2025-chiaretto-di-bardolino-doc-rodon-2023-le-fraghe\/\",\"name\":\"Guida Slow Wine 2025 &amp; Chiaretto di Bardolino DOC R\u00f2don 2023 Le Fraghe - Pagus Wine Tours\",\"isPartOf\":{\"@id\":\"https:\/\/www.paguswinetours.com\/it\/#website\"},\"primaryImageOfPage\":{\"@id\":\"https:\/\/www.paguswinetours.com\/it\/shop\/guida-slow-wine-2025-chiaretto-di-bardolino-doc-rodon-2023-le-fraghe\/#primaryimage\"},\"image\":{\"@id\":\"https:\/\/www.paguswinetours.com\/it\/shop\/guida-slow-wine-2025-chiaretto-di-bardolino-doc-rodon-2023-le-fraghe\/#primaryimage\"},\"thumbnailUrl\":\"https:\/\/www.paguswinetours.com\/wp-content\/uploads\/Slow-Wine-Le-Fraghe.png\",\"datePublished\":\"2024-11-27T10:54:37+00:00\",\"dateModified\":\"2025-01-03T13:59:49+00:00\",\"breadcrumb\":{\"@id\":\"https:\/\/www.paguswinetours.com\/it\/shop\/guida-slow-wine-2025-chiaretto-di-bardolino-doc-rodon-2023-le-fraghe\/#breadcrumb\"},\"inLanguage\":\"it-IT\",\"potentialAction\":[{\"@type\":\"ReadAction\",\"target\":[\"https:\/\/www.paguswinetours.com\/it\/shop\/guida-slow-wine-2025-chiaretto-di-bardolino-doc-rodon-2023-le-fraghe\/\"]}]},{\"@type\":\"ImageObject\",\"inLanguage\":\"it-IT\",\"@id\":\"https:\/\/www.paguswinetours.com\/it\/shop\/guida-slow-wine-2025-chiaretto-di-bardolino-doc-rodon-2023-le-fraghe\/#primaryimage\",\"url\":\"https:\/\/www.paguswinetours.com\/wp-content\/uploads\/Slow-Wine-Le-Fraghe.png\",\"contentUrl\":\"https:\/\/www.paguswinetours.com\/wp-content\/uploads\/Slow-Wine-Le-Fraghe.png\",\"width\":500,\"height\":500},{\"@type\":\"BreadcrumbList\",\"@id\":\"https:\/\/www.paguswinetours.com\/it\/shop\/guida-slow-wine-2025-chiaretto-di-bardolino-doc-rodon-2023-le-fraghe\/#breadcrumb\",\"itemListElement\":[{\"@type\":\"ListItem\",\"position\":1,\"name\":\"Home\",\"item\":\"https:\/\/www.paguswinetours.com\/it\/\"},{\"@type\":\"ListItem\",\"position\":2,\"name\":\"Prodotti\",\"item\":\"https:\/\/www.paguswinetours.com\/it\/shop\/\"},{\"@type\":\"ListItem\",\"position\":3,\"name\":\"Guida Slow Wine 2025 &amp; Chiaretto di Bardolino DOC R\u00f2don 2023 Le Fraghe\"}]},{\"@type\":\"WebSite\",\"@id\":\"https:\/\/www.paguswinetours.com\/it\/#website\",\"url\":\"https:\/\/www.paguswinetours.com\/it\/\",\"name\":\"Pagus Wine Tours\",\"description\":\"\",\"publisher\":{\"@id\":\"https:\/\/www.paguswinetours.com\/it\/#organization\"},\"potentialAction\":[{\"@type\":\"SearchAction\",\"target\":{\"@type\":\"EntryPoint\",\"urlTemplate\":\"https:\/\/www.paguswinetours.com\/it\/?s={search_term_string}\"},\"query-input\":{\"@type\":\"PropertyValueSpecification\",\"valueRequired\":true,\"valueName\":\"search_term_string\"}}],\"inLanguage\":\"it-IT\"},{\"@type\":\"Organization\",\"@id\":\"https:\/\/www.paguswinetours.com\/it\/#organization\",\"name\":\"Pagus Wine Tours\",\"url\":\"https:\/\/www.paguswinetours.com\/it\/\",\"logo\":{\"@type\":\"ImageObject\",\"inLanguage\":\"it-IT\",\"@id\":\"https:\/\/www.paguswinetours.com\/it\/#\/schema\/logo\/image\/\",\"url\":\"https:\/\/www.paguswinetours.com\/wp-content\/uploads\/logo-2-1.png\",\"contentUrl\":\"https:\/\/www.paguswinetours.com\/wp-content\/uploads\/logo-2-1.png\",\"width\":1172,\"height\":364,\"caption\":\"Pagus Wine Tours\"},\"image\":{\"@id\":\"https:\/\/www.paguswinetours.com\/it\/#\/schema\/logo\/image\/\"},\"sameAs\":[\"https:\/\/www.facebook.com\/paguswinetours\/\",\"https:\/\/www.instagram.com\/paguswinetours\/\",\"https:\/\/www.youtube.com\/channel\/UCMuOOU3pfYQT2zysLFm2u8g\"]}]}<\/script>\n<!-- \/ Yoast SEO plugin. -->","yoast_head_json":{"title":"Guida Slow Wine 2025 &amp; Chiaretto di Bardolino DOC R\u00f2don 2023 Le Fraghe - Pagus Wine Tours","robots":{"index":"index","follow":"follow","max-snippet":"max-snippet:-1","max-image-preview":"max-image-preview:large","max-video-preview":"max-video-preview:-1"},"canonical":"https:\/\/www.paguswinetours.com\/it\/shop\/guida-slow-wine-2025-chiaretto-di-bardolino-doc-rodon-2023-le-fraghe\/","og_locale":"it_IT","og_type":"article","og_title":"Guida Slow Wine 2025 &amp; Chiaretto di Bardolino DOC R\u00f2don 2023 Le Fraghe - Pagus Wine Tours","og_description":"Box Regalo: un regalo buono, pulito e giusto Contiene:   Guida Slow Wine 2025  Chiaretto di Bardolino DOC R\u00f2don 2023 Le Fraghe  Denominazione: Chiaretto di Bardolino DOC  Vitigni: Corvina e Rondinella  Alcol: 12% vol  Formato: 75 cl  Temperatura di servizio: 8-10\u00b0C  Se siete soci Slow Food potrete beneficiare di un prezzo agevolato contattando Pagus Wine Club all'indirizzo: wineclub@paguswinetours.com.  Spedizioni gratuite a Verona e provincia. Ritiro gratuito presso Pagus Wine Club in Corso Castelvecchio 3A, 37121 Verona.  Le spedizioni nel resto d'Italia non sono incluse nel prezzo. Per organizzare una spedizione contattare Pagus Wine Club all'indirizzo: wineclub@paguswinetours.com.","og_url":"https:\/\/www.paguswinetours.com\/it\/shop\/guida-slow-wine-2025-chiaretto-di-bardolino-doc-rodon-2023-le-fraghe\/","og_site_name":"Pagus Wine Tours","article_publisher":"https:\/\/www.facebook.com\/paguswinetours\/","article_modified_time":"2025-01-03T13:59:49+00:00","og_image":[{"width":500,"height":500,"url":"https:\/\/www.paguswinetours.com\/wp-content\/uploads\/Slow-Wine-Le-Fraghe.png","type":"image\/png"}],"twitter_card":"summary_large_image","twitter_misc":{"Tempo di lettura stimato":"3 minuti"},"schema":{"@context":"https:\/\/schema.org","@graph":[{"@type":"WebPage","@id":"https:\/\/www.paguswinetours.com\/it\/shop\/guida-slow-wine-2025-chiaretto-di-bardolino-doc-rodon-2023-le-fraghe\/","url":"https:\/\/www.paguswinetours.com\/it\/shop\/guida-slow-wine-2025-chiaretto-di-bardolino-doc-rodon-2023-le-fraghe\/","name":"Guida Slow Wine 2025 &amp; Chiaretto di Bardolino DOC R\u00f2don 2023 Le Fraghe - Pagus Wine Tours","isPartOf":{"@id":"https:\/\/www.paguswinetours.com\/it\/#website"},"primaryImageOfPage":{"@id":"https:\/\/www.paguswinetours.com\/it\/shop\/guida-slow-wine-2025-chiaretto-di-bardolino-doc-rodon-2023-le-fraghe\/#primaryimage"},"image":{"@id":"https:\/\/www.paguswinetours.com\/it\/shop\/guida-slow-wine-2025-chiaretto-di-bardolino-doc-rodon-2023-le-fraghe\/#primaryimage"},"thumbnailUrl":"https:\/\/www.paguswinetours.com\/wp-content\/uploads\/Slow-Wine-Le-Fraghe.png","datePublished":"2024-11-27T10:54:37+00:00","dateModified":"2025-01-03T13:59:49+00:00","breadcrumb":{"@id":"https:\/\/www.paguswinetours.com\/it\/shop\/guida-slow-wine-2025-chiaretto-di-bardolino-doc-rodon-2023-le-fraghe\/#breadcrumb"},"inLanguage":"it-IT","potentialAction":[{"@type":"ReadAction","target":["https:\/\/www.paguswinetours.com\/it\/shop\/guida-slow-wine-2025-chiaretto-di-bardolino-doc-rodon-2023-le-fraghe\/"]}]},{"@type":"ImageObject","inLanguage":"it-IT","@id":"https:\/\/www.paguswinetours.com\/it\/shop\/guida-slow-wine-2025-chiaretto-di-bardolino-doc-rodon-2023-le-fraghe\/#primaryimage","url":"https:\/\/www.paguswinetours.com\/wp-content\/uploads\/Slow-Wine-Le-Fraghe.png","contentUrl":"https:\/\/www.paguswinetours.com\/wp-content\/uploads\/Slow-Wine-Le-Fraghe.png","width":500,"height":500},{"@type":"BreadcrumbList","@id":"https:\/\/www.paguswinetours.com\/it\/shop\/guida-slow-wine-2025-chiaretto-di-bardolino-doc-rodon-2023-le-fraghe\/#breadcrumb","itemListElement":[{"@type":"ListItem","position":1,"name":"Home","item":"https:\/\/www.paguswinetours.com\/it\/"},{"@type":"ListItem","position":2,"name":"Prodotti","item":"https:\/\/www.paguswinetours.com\/it\/shop\/"},{"@type":"ListItem","position":3,"name":"Guida Slow Wine 2025 &amp; Chiaretto di Bardolino DOC R\u00f2don 2023 Le Fraghe"}]},{"@type":"WebSite","@id":"https:\/\/www.paguswinetours.com\/it\/#website","url":"https:\/\/www.paguswinetours.com\/it\/","name":"Pagus Wine Tours","description":"","publisher":{"@id":"https:\/\/www.paguswinetours.com\/it\/#organization"},"potentialAction":[{"@type":"SearchAction","target":{"@type":"EntryPoint","urlTemplate":"https:\/\/www.paguswinetours.com\/it\/?s={search_term_string}"},"query-input":{"@type":"PropertyValueSpecification","valueRequired":true,"valueName":"search_term_string"}}],"inLanguage":"it-IT"},{"@type":"Organization","@id":"https:\/\/www.paguswinetours.com\/it\/#organization","name":"Pagus Wine Tours","url":"https:\/\/www.paguswinetours.com\/it\/","logo":{"@type":"ImageObject","inLanguage":"it-IT","@id":"https:\/\/www.paguswinetours.com\/it\/#\/schema\/logo\/image\/","url":"https:\/\/www.paguswinetours.com\/wp-content\/uploads\/logo-2-1.png","contentUrl":"https:\/\/www.paguswinetours.com\/wp-content\/uploads\/logo-2-1.png","width":1172,"height":364,"caption":"Pagus Wine Tours"},"image":{"@id":"https:\/\/www.paguswinetours.com\/it\/#\/schema\/logo\/image\/"},"sameAs":["https:\/\/www.facebook.com\/paguswinetours\/","https:\/\/www.instagram.com\/paguswinetours\/","https:\/\/www.youtube.com\/channel\/UCMuOOU3pfYQT2zysLFm2u8g"]}]}},"_links":{"self":[{"href":"https:\/\/www.paguswinetours.com\/it\/wp-json\/wp\/v2\/product\/11808","targetHints":{"allow":["GET"]}}],"collection":[{"href":"https:\/\/www.paguswinetours.com\/it\/wp-json\/wp\/v2\/product"}],"about":[{"href":"https:\/\/www.paguswinetours.com\/it\/wp-json\/wp\/v2\/types\/product"}],"wp:featuredmedia":[{"embeddable":true,"href":"https:\/\/www.paguswinetours.com\/it\/wp-json\/wp\/v2\/media\/11801"}],"wp:attachment":[{"href":"https:\/\/www.paguswinetours.com\/it\/wp-json\/wp\/v2\/media?parent=11808"}],"wp:term":[{"taxonomy":"product_brand","embeddable":true,"href":"https:\/\/www.paguswinetours.com\/it\/wp-json\/wp\/v2\/product_brand?post=11808"},{"taxonomy":"product_cat","embeddable":true,"href":"https:\/\/www.paguswinetours.com\/it\/wp-json\/wp\/v2\/product_cat?post=11808"},{"taxonomy":"product_tag","embeddable":true,"href":"https:\/\/www.paguswinetours.com\/it\/wp-json\/wp\/v2\/product_tag?post=11808"}],"curies":[{"name":"wp","href":"https:\/\/api.w.org\/{rel}","templated":true}]}}