{"id":11780,"date":"2024-11-29T12:28:14","date_gmt":"2024-11-29T11:28:14","guid":{"rendered":"https:\/\/www.paguswinetours.com\/?post_type=product&#038;p=11780"},"modified":"2025-01-03T14:57:05","modified_gmt":"2025-01-03T13:57:05","slug":"guida-slow-wine-2025-valpolicella-classico-superiore-doc-santurbano-2021-speri","status":"publish","type":"product","link":"https:\/\/www.paguswinetours.com\/it\/shop\/guida-slow-wine-2025-valpolicella-classico-superiore-doc-santurbano-2021-speri\/","title":{"rendered":"Guida Slow Wine 2025 &amp; Valpolicella Classico Superiore DOC Sant&#8217;Urbano 2021 Speri"},"content":{"rendered":"<h5><strong> Guida Slow Wine 2025<\/strong><\/h5>\n<p>Slow Wine \u00e8 <strong>una guida corale<\/strong>, realizzata da <strong>252 collaboratori che visitano tutte le cantine recensite<\/strong>, unico caso tra le pubblicazioni di settore. Una novit\u00e0 importante di questa edizione \u00e8 la scelta di raccontare solo le realt\u00e0 che non utilizzano il diserbo chimico, ulteriore garanzia per i lettori che cercano un riferimento per orientarsi nel mondo dell&#8217;<strong>agricoltura pulita e sostenibile<\/strong>.<\/p>\n<p><strong>245 Chiocciole<\/strong>, le cantine, buone pulite e giuste<\/p>\n<p><strong>183 Bottiglie<\/strong>, le cantine i cui vini esprimono un&#8217;eccellente qualit\u00e0 organolettica<\/p>\n<p><strong>59 Monete<\/strong>, le cantine i cui vini hanno un ottimo rapporto qualit\u00e0-prezzo<\/p>\n<p>Per quanto riguarda i <strong>premi ai vini<\/strong>, una delle principali novit\u00e0 riguarda i <strong>Best Buy<\/strong>, una selezione di Top Wine che, nelle rispettive denominazioni e tipologie, offrono un prezzo eccezionale.<\/p>\n<h5><strong>Valpolicella Classico Superiore DOC Sant&#8217;Urbano 2021 Speri<\/strong><\/h5>\n<p>Vino deciso e dalla forte personalit\u00e0 evoca intensi profumi e nobili sapori.<\/p>\n<p>Da sempre l\u2019azienda applica i dettami dell\u2019agricoltura sostenibile. Dall\u2019annata 2015, dopo la fase di conversione, tutta la produzione gode della certificazione biologica.<\/p>\n<p><strong>Note di degustazione<\/strong><\/p>\n<p>Di colore rosso rubino intenso con bouquet ampio e avvolgente negli aromi di frutta ed erbe aromatiche. Sentori speziati, palato solido e deciso, morbido ed elegante.<\/p>\n<p><strong>Abbinamenti<\/strong><\/p>\n<p>Delizioso compagno di piatti di carne rossa e formaggi stagionati. Si presta all\u2019invecchiamento.<\/p>\n","protected":false},"excerpt":{"rendered":"<h5>Box regalo: un regalo buono, pulito e giusto<\/h5>\n<p>Contiene:<\/p>\n<ul>\n<li><strong>Guida Slow Wine 2025<\/strong><\/li>\n<li><strong>Valpolicella Classico Superiore DOC Sant&#8217;Urbano 2021 Speri<\/strong><\/li>\n<\/ul>\n<p><strong>Denominazione:<\/strong> Valpolicella Classico Superiore DOC<\/p>\n<p><strong>Vitigni:<\/strong> Corvina Veronese e Corvinone 75%, Rondinella 20%, Molinara 5%.<\/p>\n<p><strong>Alcol:<\/strong> 13,5% vol<\/p>\n<p><strong>Formato:<\/strong> 75 cl<\/p>\n<p><strong>Vinificazione:<\/strong> Raccolta manuale e successivo appassimento delle uve per 25\/30 giorni. A novembre pigiatura e successiva fermentazione con macerazione.<\/p>\n<p><strong>Invecchiamento:<\/strong> 24 mesi in botti di rovere francese da 500 l. Affinamento in bottiglia di 6 mesi.<\/p>\n<p><strong>Temperatura di servizio:<\/strong> 17\u00b0 \u2013 18\u00b0 C<\/p>\n<p><em>Se siete soci Slow Food potrete beneficiare di un prezzo agevolato contattando Pagus Wine Club all&#8217;indirizzo: wineclub@paguswinetours.com.<\/em><\/p>\n<p><strong>Spedizioni gratuite a Verona e provincia. Ritiro gratuito presso Pagus Wine Club in Corso Castelvecchio 3A, 37121 Verona.<\/strong><\/p>\n<p><strong>Le spedizioni nel resto d&#8217;Italia non sono incluse nel prezzo. Per organizzare una spedizione contattare Pagus Wine Club all&#8217;indirizzo: wineclub@paguswinetours.com.<\/strong><\/p>\n","protected":false},"featured_media":11795,"template":"","meta":{"_acf_changed":false},"product_brand":[],"product_cat":[157],"product_tag":[],"class_list":{"0":"post-11780","1":"product","2":"type-product","3":"status-publish","4":"has-post-thumbnail","6":"product_cat-box-regalo","8":"first","9":"instock","10":"virtual","11":"taxable","12":"purchasable","13":"product-type-simple"},"acf":[],"yoast_head":"<!-- This site is optimized with the Yoast SEO plugin v26.7 - https:\/\/yoast.com\/wordpress\/plugins\/seo\/ -->\n<title>Guida Slow Wine 2025 &amp; Valpolicella Classico Superiore DOC Sant&#039;Urbano 2021 Speri - Pagus Wine Tours<\/title>\n<meta name=\"robots\" content=\"index, follow, max-snippet:-1, max-image-preview:large, max-video-preview:-1\" \/>\n<link rel=\"canonical\" href=\"https:\/\/www.paguswinetours.com\/it\/shop\/guida-slow-wine-2025-valpolicella-classico-superiore-doc-santurbano-2021-speri\/\" \/>\n<meta property=\"og:locale\" content=\"it_IT\" \/>\n<meta property=\"og:type\" content=\"article\" \/>\n<meta property=\"og:title\" content=\"Guida Slow Wine 2025 &amp; Valpolicella Classico Superiore DOC Sant&#039;Urbano 2021 Speri - Pagus Wine Tours\" \/>\n<meta property=\"og:description\" content=\"Box regalo: un regalo buono, pulito e giusto Contiene:   Guida Slow Wine 2025  Valpolicella Classico Superiore DOC Sant&#039;Urbano 2021 Speri  Denominazione: Valpolicella Classico Superiore DOC  Vitigni: Corvina Veronese e Corvinone 75%, Rondinella 20%, Molinara 5%.  Alcol: 13,5% vol  Formato: 75 cl  Vinificazione: Raccolta manuale e successivo appassimento delle uve per 25\/30 giorni. A novembre pigiatura e successiva fermentazione con macerazione.  Invecchiamento: 24 mesi in botti di rovere francese da 500 l. Affinamento in bottiglia di 6 mesi.  Temperatura di servizio: 17\u00b0 \u2013 18\u00b0 C  Se siete soci Slow Food potrete beneficiare di un prezzo agevolato contattando Pagus Wine Club all&#039;indirizzo: wineclub@paguswinetours.com.  Spedizioni gratuite a Verona e provincia. Ritiro gratuito presso Pagus Wine Club in Corso Castelvecchio 3A, 37121 Verona.  Le spedizioni nel resto d&#039;Italia non sono incluse nel prezzo. Per organizzare una spedizione contattare Pagus Wine Club all&#039;indirizzo: wineclub@paguswinetours.com.\" \/>\n<meta property=\"og:url\" content=\"https:\/\/www.paguswinetours.com\/it\/shop\/guida-slow-wine-2025-valpolicella-classico-superiore-doc-santurbano-2021-speri\/\" \/>\n<meta property=\"og:site_name\" content=\"Pagus Wine Tours\" \/>\n<meta property=\"article:publisher\" content=\"https:\/\/www.facebook.com\/paguswinetours\/\" \/>\n<meta property=\"article:modified_time\" content=\"2025-01-03T13:57:05+00:00\" \/>\n<meta property=\"og:image\" content=\"https:\/\/www.paguswinetours.com\/wp-content\/uploads\/Slow-Wine-Speri-1.png\" \/>\n\t<meta property=\"og:image:width\" content=\"500\" \/>\n\t<meta property=\"og:image:height\" content=\"500\" \/>\n\t<meta property=\"og:image:type\" content=\"image\/png\" \/>\n<meta name=\"twitter:card\" content=\"summary_large_image\" \/>\n<meta name=\"twitter:label1\" content=\"Tempo di lettura stimato\" \/>\n\t<meta name=\"twitter:data1\" content=\"2 minuti\" \/>\n<script type=\"application\/ld+json\" class=\"yoast-schema-graph\">{\"@context\":\"https:\/\/schema.org\",\"@graph\":[{\"@type\":\"WebPage\",\"@id\":\"https:\/\/www.paguswinetours.com\/it\/shop\/guida-slow-wine-2025-valpolicella-classico-superiore-doc-santurbano-2021-speri\/\",\"url\":\"https:\/\/www.paguswinetours.com\/it\/shop\/guida-slow-wine-2025-valpolicella-classico-superiore-doc-santurbano-2021-speri\/\",\"name\":\"Guida Slow Wine 2025 &amp; Valpolicella Classico Superiore DOC Sant'Urbano 2021 Speri - Pagus Wine Tours\",\"isPartOf\":{\"@id\":\"https:\/\/www.paguswinetours.com\/it\/#website\"},\"primaryImageOfPage\":{\"@id\":\"https:\/\/www.paguswinetours.com\/it\/shop\/guida-slow-wine-2025-valpolicella-classico-superiore-doc-santurbano-2021-speri\/#primaryimage\"},\"image\":{\"@id\":\"https:\/\/www.paguswinetours.com\/it\/shop\/guida-slow-wine-2025-valpolicella-classico-superiore-doc-santurbano-2021-speri\/#primaryimage\"},\"thumbnailUrl\":\"https:\/\/www.paguswinetours.com\/wp-content\/uploads\/Slow-Wine-Speri-1.png\",\"datePublished\":\"2024-11-29T11:28:14+00:00\",\"dateModified\":\"2025-01-03T13:57:05+00:00\",\"breadcrumb\":{\"@id\":\"https:\/\/www.paguswinetours.com\/it\/shop\/guida-slow-wine-2025-valpolicella-classico-superiore-doc-santurbano-2021-speri\/#breadcrumb\"},\"inLanguage\":\"it-IT\",\"potentialAction\":[{\"@type\":\"ReadAction\",\"target\":[\"https:\/\/www.paguswinetours.com\/it\/shop\/guida-slow-wine-2025-valpolicella-classico-superiore-doc-santurbano-2021-speri\/\"]}]},{\"@type\":\"ImageObject\",\"inLanguage\":\"it-IT\",\"@id\":\"https:\/\/www.paguswinetours.com\/it\/shop\/guida-slow-wine-2025-valpolicella-classico-superiore-doc-santurbano-2021-speri\/#primaryimage\",\"url\":\"https:\/\/www.paguswinetours.com\/wp-content\/uploads\/Slow-Wine-Speri-1.png\",\"contentUrl\":\"https:\/\/www.paguswinetours.com\/wp-content\/uploads\/Slow-Wine-Speri-1.png\",\"width\":500,\"height\":500},{\"@type\":\"BreadcrumbList\",\"@id\":\"https:\/\/www.paguswinetours.com\/it\/shop\/guida-slow-wine-2025-valpolicella-classico-superiore-doc-santurbano-2021-speri\/#breadcrumb\",\"itemListElement\":[{\"@type\":\"ListItem\",\"position\":1,\"name\":\"Home\",\"item\":\"https:\/\/www.paguswinetours.com\/it\/\"},{\"@type\":\"ListItem\",\"position\":2,\"name\":\"Prodotti\",\"item\":\"https:\/\/www.paguswinetours.com\/it\/shop\/\"},{\"@type\":\"ListItem\",\"position\":3,\"name\":\"Guida Slow Wine 2025 &amp; Valpolicella Classico Superiore DOC Sant&#8217;Urbano 2021 Speri\"}]},{\"@type\":\"WebSite\",\"@id\":\"https:\/\/www.paguswinetours.com\/it\/#website\",\"url\":\"https:\/\/www.paguswinetours.com\/it\/\",\"name\":\"Pagus Wine Tours\",\"description\":\"\",\"publisher\":{\"@id\":\"https:\/\/www.paguswinetours.com\/it\/#organization\"},\"potentialAction\":[{\"@type\":\"SearchAction\",\"target\":{\"@type\":\"EntryPoint\",\"urlTemplate\":\"https:\/\/www.paguswinetours.com\/it\/?s={search_term_string}\"},\"query-input\":{\"@type\":\"PropertyValueSpecification\",\"valueRequired\":true,\"valueName\":\"search_term_string\"}}],\"inLanguage\":\"it-IT\"},{\"@type\":\"Organization\",\"@id\":\"https:\/\/www.paguswinetours.com\/it\/#organization\",\"name\":\"Pagus Wine Tours\",\"url\":\"https:\/\/www.paguswinetours.com\/it\/\",\"logo\":{\"@type\":\"ImageObject\",\"inLanguage\":\"it-IT\",\"@id\":\"https:\/\/www.paguswinetours.com\/it\/#\/schema\/logo\/image\/\",\"url\":\"https:\/\/www.paguswinetours.com\/wp-content\/uploads\/logo-2-1.png\",\"contentUrl\":\"https:\/\/www.paguswinetours.com\/wp-content\/uploads\/logo-2-1.png\",\"width\":1172,\"height\":364,\"caption\":\"Pagus Wine Tours\"},\"image\":{\"@id\":\"https:\/\/www.paguswinetours.com\/it\/#\/schema\/logo\/image\/\"},\"sameAs\":[\"https:\/\/www.facebook.com\/paguswinetours\/\",\"https:\/\/www.instagram.com\/paguswinetours\/\",\"https:\/\/www.youtube.com\/channel\/UCMuOOU3pfYQT2zysLFm2u8g\"]}]}<\/script>\n<!-- \/ Yoast SEO plugin. -->","yoast_head_json":{"title":"Guida Slow Wine 2025 &amp; Valpolicella Classico Superiore DOC Sant'Urbano 2021 Speri - Pagus Wine Tours","robots":{"index":"index","follow":"follow","max-snippet":"max-snippet:-1","max-image-preview":"max-image-preview:large","max-video-preview":"max-video-preview:-1"},"canonical":"https:\/\/www.paguswinetours.com\/it\/shop\/guida-slow-wine-2025-valpolicella-classico-superiore-doc-santurbano-2021-speri\/","og_locale":"it_IT","og_type":"article","og_title":"Guida Slow Wine 2025 &amp; Valpolicella Classico Superiore DOC Sant'Urbano 2021 Speri - Pagus Wine Tours","og_description":"Box regalo: un regalo buono, pulito e giusto Contiene:   Guida Slow Wine 2025  Valpolicella Classico Superiore DOC Sant'Urbano 2021 Speri  Denominazione: Valpolicella Classico Superiore DOC  Vitigni: Corvina Veronese e Corvinone 75%, Rondinella 20%, Molinara 5%.  Alcol: 13,5% vol  Formato: 75 cl  Vinificazione: Raccolta manuale e successivo appassimento delle uve per 25\/30 giorni. A novembre pigiatura e successiva fermentazione con macerazione.  Invecchiamento: 24 mesi in botti di rovere francese da 500 l. Affinamento in bottiglia di 6 mesi.  Temperatura di servizio: 17\u00b0 \u2013 18\u00b0 C  Se siete soci Slow Food potrete beneficiare di un prezzo agevolato contattando Pagus Wine Club all'indirizzo: wineclub@paguswinetours.com.  Spedizioni gratuite a Verona e provincia. Ritiro gratuito presso Pagus Wine Club in Corso Castelvecchio 3A, 37121 Verona.  Le spedizioni nel resto d'Italia non sono incluse nel prezzo. Per organizzare una spedizione contattare Pagus Wine Club all'indirizzo: wineclub@paguswinetours.com.","og_url":"https:\/\/www.paguswinetours.com\/it\/shop\/guida-slow-wine-2025-valpolicella-classico-superiore-doc-santurbano-2021-speri\/","og_site_name":"Pagus Wine Tours","article_publisher":"https:\/\/www.facebook.com\/paguswinetours\/","article_modified_time":"2025-01-03T13:57:05+00:00","og_image":[{"width":500,"height":500,"url":"https:\/\/www.paguswinetours.com\/wp-content\/uploads\/Slow-Wine-Speri-1.png","type":"image\/png"}],"twitter_card":"summary_large_image","twitter_misc":{"Tempo di lettura stimato":"2 minuti"},"schema":{"@context":"https:\/\/schema.org","@graph":[{"@type":"WebPage","@id":"https:\/\/www.paguswinetours.com\/it\/shop\/guida-slow-wine-2025-valpolicella-classico-superiore-doc-santurbano-2021-speri\/","url":"https:\/\/www.paguswinetours.com\/it\/shop\/guida-slow-wine-2025-valpolicella-classico-superiore-doc-santurbano-2021-speri\/","name":"Guida Slow Wine 2025 &amp; Valpolicella Classico Superiore DOC Sant'Urbano 2021 Speri - Pagus Wine Tours","isPartOf":{"@id":"https:\/\/www.paguswinetours.com\/it\/#website"},"primaryImageOfPage":{"@id":"https:\/\/www.paguswinetours.com\/it\/shop\/guida-slow-wine-2025-valpolicella-classico-superiore-doc-santurbano-2021-speri\/#primaryimage"},"image":{"@id":"https:\/\/www.paguswinetours.com\/it\/shop\/guida-slow-wine-2025-valpolicella-classico-superiore-doc-santurbano-2021-speri\/#primaryimage"},"thumbnailUrl":"https:\/\/www.paguswinetours.com\/wp-content\/uploads\/Slow-Wine-Speri-1.png","datePublished":"2024-11-29T11:28:14+00:00","dateModified":"2025-01-03T13:57:05+00:00","breadcrumb":{"@id":"https:\/\/www.paguswinetours.com\/it\/shop\/guida-slow-wine-2025-valpolicella-classico-superiore-doc-santurbano-2021-speri\/#breadcrumb"},"inLanguage":"it-IT","potentialAction":[{"@type":"ReadAction","target":["https:\/\/www.paguswinetours.com\/it\/shop\/guida-slow-wine-2025-valpolicella-classico-superiore-doc-santurbano-2021-speri\/"]}]},{"@type":"ImageObject","inLanguage":"it-IT","@id":"https:\/\/www.paguswinetours.com\/it\/shop\/guida-slow-wine-2025-valpolicella-classico-superiore-doc-santurbano-2021-speri\/#primaryimage","url":"https:\/\/www.paguswinetours.com\/wp-content\/uploads\/Slow-Wine-Speri-1.png","contentUrl":"https:\/\/www.paguswinetours.com\/wp-content\/uploads\/Slow-Wine-Speri-1.png","width":500,"height":500},{"@type":"BreadcrumbList","@id":"https:\/\/www.paguswinetours.com\/it\/shop\/guida-slow-wine-2025-valpolicella-classico-superiore-doc-santurbano-2021-speri\/#breadcrumb","itemListElement":[{"@type":"ListItem","position":1,"name":"Home","item":"https:\/\/www.paguswinetours.com\/it\/"},{"@type":"ListItem","position":2,"name":"Prodotti","item":"https:\/\/www.paguswinetours.com\/it\/shop\/"},{"@type":"ListItem","position":3,"name":"Guida Slow Wine 2025 &amp; Valpolicella Classico Superiore DOC Sant&#8217;Urbano 2021 Speri"}]},{"@type":"WebSite","@id":"https:\/\/www.paguswinetours.com\/it\/#website","url":"https:\/\/www.paguswinetours.com\/it\/","name":"Pagus Wine Tours","description":"","publisher":{"@id":"https:\/\/www.paguswinetours.com\/it\/#organization"},"potentialAction":[{"@type":"SearchAction","target":{"@type":"EntryPoint","urlTemplate":"https:\/\/www.paguswinetours.com\/it\/?s={search_term_string}"},"query-input":{"@type":"PropertyValueSpecification","valueRequired":true,"valueName":"search_term_string"}}],"inLanguage":"it-IT"},{"@type":"Organization","@id":"https:\/\/www.paguswinetours.com\/it\/#organization","name":"Pagus Wine Tours","url":"https:\/\/www.paguswinetours.com\/it\/","logo":{"@type":"ImageObject","inLanguage":"it-IT","@id":"https:\/\/www.paguswinetours.com\/it\/#\/schema\/logo\/image\/","url":"https:\/\/www.paguswinetours.com\/wp-content\/uploads\/logo-2-1.png","contentUrl":"https:\/\/www.paguswinetours.com\/wp-content\/uploads\/logo-2-1.png","width":1172,"height":364,"caption":"Pagus Wine Tours"},"image":{"@id":"https:\/\/www.paguswinetours.com\/it\/#\/schema\/logo\/image\/"},"sameAs":["https:\/\/www.facebook.com\/paguswinetours\/","https:\/\/www.instagram.com\/paguswinetours\/","https:\/\/www.youtube.com\/channel\/UCMuOOU3pfYQT2zysLFm2u8g"]}]}},"_links":{"self":[{"href":"https:\/\/www.paguswinetours.com\/it\/wp-json\/wp\/v2\/product\/11780","targetHints":{"allow":["GET"]}}],"collection":[{"href":"https:\/\/www.paguswinetours.com\/it\/wp-json\/wp\/v2\/product"}],"about":[{"href":"https:\/\/www.paguswinetours.com\/it\/wp-json\/wp\/v2\/types\/product"}],"wp:featuredmedia":[{"embeddable":true,"href":"https:\/\/www.paguswinetours.com\/it\/wp-json\/wp\/v2\/media\/11795"}],"wp:attachment":[{"href":"https:\/\/www.paguswinetours.com\/it\/wp-json\/wp\/v2\/media?parent=11780"}],"wp:term":[{"taxonomy":"product_brand","embeddable":true,"href":"https:\/\/www.paguswinetours.com\/it\/wp-json\/wp\/v2\/product_brand?post=11780"},{"taxonomy":"product_cat","embeddable":true,"href":"https:\/\/www.paguswinetours.com\/it\/wp-json\/wp\/v2\/product_cat?post=11780"},{"taxonomy":"product_tag","embeddable":true,"href":"https:\/\/www.paguswinetours.com\/it\/wp-json\/wp\/v2\/product_tag?post=11780"}],"curies":[{"name":"wp","href":"https:\/\/api.w.org\/{rel}","templated":true}]}}