{"id":10099,"date":"2023-04-18T11:28:42","date_gmt":"2023-04-18T09:28:42","guid":{"rendered":"https:\/\/www.paguswinetours.com\/?post_type=product&#038;p=10099"},"modified":"2025-11-19T10:52:56","modified_gmt":"2025-11-19T09:52:56","slug":"soave-classico-superiore-bio-docg-i-ettaro-2020-tessari","status":"publish","type":"product","link":"https:\/\/www.paguswinetours.com\/it\/shop\/soave-classico-superiore-bio-docg-i-ettaro-2020-tessari\/","title":{"rendered":"Soave Classico Superiore BIO DOCG I\u00b0 ETTARO 2022 Tessari"},"content":{"rendered":"<div class=\"product-info\">\n<div class=\"product-info\">\n<h3 class=\"italic\">Note di degustazione<\/h3>\n<p>Al naso si apre con un contraddistinto sentore di frutta appassita, albicocca e pera su tutte, a seguire spicca poi la mineralit\u00e0 donata dai terreni di origine vulcanica e la balsamicit\u00e0 di rosmarino e salvia. Al palato \u00e8 un vino avvolgente, con una distinta acidit\u00e0 e una notevole persistenza aromatica dopo la deglutizione.<\/p>\n<\/div>\n<div class=\"product-info\">\n<h3 class=\"italic\">Abbinamenti<\/h3>\n<p>Vino da fine pasto, da mediazione. Qualche abbinamento della tradizione pu\u00f2 essere fatto con il fegato alla veneziana o i bigoli con le sarde altrimenti con i formaggi stagionati.<\/p>\n<\/div>\n<\/div>\n","protected":false},"excerpt":{"rendered":"<h3 class=\"italic\">Caratteristiche<\/h3>\n<p><strong>Denominazione:<\/strong>\u00a0Soave Superiore Classico DOCG<\/p>\n<p><strong>Vitigni:<\/strong>\u00a0100% Garganega<\/p>\n<p><strong>Alcol:\u00a0<\/strong>15 % Vol<\/p>\n<p><strong>Formato:\u00a0<\/strong>75 cl<\/p>\n<p><strong>Vinificazione:<\/strong>\u00a0Le uve provengono da una vendemmia manuale dai filari selezionati nella UGA di Coste per poi sostare in appassimento per circa 40 giorni nel fruttaio. Alla successiva pigiatura soffice segue la fermentazione del mosto in vasche d\u2019acciaio che avviene ad una temperatura controllata tra 16 e 18 gradi. Dopo la permanenza sulle bucce di qualche giorno, il \u201cI\u00b0 Ettaro\u201d prosegue con l\u2019affinamento nelle vasche di cemento per circa 12 mesi. Il vino viene poi messo in bottiglia dove soster\u00e0 per almeno 9 mesi prima dell\u2019uscita in commercio.<\/p>\n<p><strong>Temperatura di servizio:<\/strong>\u00a012 -14\u00b0 C<\/p>\n","protected":false},"featured_media":10070,"template":"","meta":{"_acf_changed":false},"product_brand":[],"product_cat":[100,90],"product_tag":[],"class_list":{"0":"post-10099","1":"product","2":"type-product","3":"status-publish","4":"has-post-thumbnail","6":"product_cat-tessari","7":"product_cat-vino","9":"first","10":"instock","11":"taxable","12":"shipping-taxable","13":"purchasable","14":"product-type-simple"},"acf":[],"yoast_head":"<!-- This site is optimized with the Yoast SEO plugin v26.7 - https:\/\/yoast.com\/wordpress\/plugins\/seo\/ -->\n<title>Soave Classico Superiore BIO DOCG I\u00b0 ETTARO 2022 Tessari - Pagus Wine Tours<\/title>\n<meta name=\"description\" content=\"Sentori di frutta secca, albicocca e pera su tutte, mineralit\u00e0 data dai terreni vulcanici e note balsamiche di rosmarino e salvia. Aromatico e persistente.\" \/>\n<meta name=\"robots\" content=\"index, follow, max-snippet:-1, max-image-preview:large, max-video-preview:-1\" \/>\n<link rel=\"canonical\" href=\"https:\/\/www.paguswinetours.com\/it\/shop\/soave-classico-superiore-bio-docg-i-ettaro-2020-tessari\/\" \/>\n<meta property=\"og:locale\" content=\"it_IT\" \/>\n<meta property=\"og:type\" content=\"article\" \/>\n<meta property=\"og:title\" content=\"Soave Classico Superiore BIO DOCG I\u00b0 ETTARO 2020 Tessari\" \/>\n<meta property=\"og:description\" content=\"Sentori di frutta secca, albicocca e pera su tutte, mineralit\u00e0 data dai terreni vulcanici e note balsamiche di rosmarino e salvia. Aromatico e persistente.\" \/>\n<meta property=\"og:url\" content=\"https:\/\/www.paguswinetours.com\/it\/shop\/soave-classico-superiore-bio-docg-i-ettaro-2020-tessari\/\" \/>\n<meta property=\"og:site_name\" content=\"Pagus Wine Tours\" \/>\n<meta property=\"article:publisher\" content=\"https:\/\/www.facebook.com\/paguswinetours\/\" \/>\n<meta property=\"article:modified_time\" content=\"2025-11-19T09:52:56+00:00\" \/>\n<meta property=\"og:image\" content=\"https:\/\/www.paguswinetours.com\/wp-content\/uploads\/primo-ettaro-2020-900x900-812x812-1.png\" \/>\n\t<meta property=\"og:image:width\" content=\"812\" \/>\n\t<meta property=\"og:image:height\" content=\"812\" \/>\n\t<meta property=\"og:image:type\" content=\"image\/png\" \/>\n<meta name=\"twitter:card\" content=\"summary_large_image\" \/>\n<meta name=\"twitter:label1\" content=\"Tempo di lettura stimato\" \/>\n\t<meta name=\"twitter:data1\" content=\"1 minuto\" \/>\n<script type=\"application\/ld+json\" class=\"yoast-schema-graph\">{\"@context\":\"https:\/\/schema.org\",\"@graph\":[{\"@type\":\"WebPage\",\"@id\":\"https:\/\/www.paguswinetours.com\/it\/shop\/soave-classico-superiore-bio-docg-i-ettaro-2020-tessari\/\",\"url\":\"https:\/\/www.paguswinetours.com\/it\/shop\/soave-classico-superiore-bio-docg-i-ettaro-2020-tessari\/\",\"name\":\"Soave Classico Superiore BIO DOCG I\u00b0 ETTARO 2022 Tessari - Pagus Wine Tours\",\"isPartOf\":{\"@id\":\"https:\/\/www.paguswinetours.com\/it\/#website\"},\"primaryImageOfPage\":{\"@id\":\"https:\/\/www.paguswinetours.com\/it\/shop\/soave-classico-superiore-bio-docg-i-ettaro-2020-tessari\/#primaryimage\"},\"image\":{\"@id\":\"https:\/\/www.paguswinetours.com\/it\/shop\/soave-classico-superiore-bio-docg-i-ettaro-2020-tessari\/#primaryimage\"},\"thumbnailUrl\":\"https:\/\/www.paguswinetours.com\/wp-content\/uploads\/primo-ettaro-2020-900x900-812x812-1.png\",\"datePublished\":\"2023-04-18T09:28:42+00:00\",\"dateModified\":\"2025-11-19T09:52:56+00:00\",\"description\":\"Sentori di frutta secca, albicocca e pera su tutte, mineralit\u00e0 data dai terreni vulcanici e note balsamiche di rosmarino e salvia. Aromatico e persistente.\",\"breadcrumb\":{\"@id\":\"https:\/\/www.paguswinetours.com\/it\/shop\/soave-classico-superiore-bio-docg-i-ettaro-2020-tessari\/#breadcrumb\"},\"inLanguage\":\"it-IT\",\"potentialAction\":[{\"@type\":\"ReadAction\",\"target\":[\"https:\/\/www.paguswinetours.com\/it\/shop\/soave-classico-superiore-bio-docg-i-ettaro-2020-tessari\/\"]}]},{\"@type\":\"ImageObject\",\"inLanguage\":\"it-IT\",\"@id\":\"https:\/\/www.paguswinetours.com\/it\/shop\/soave-classico-superiore-bio-docg-i-ettaro-2020-tessari\/#primaryimage\",\"url\":\"https:\/\/www.paguswinetours.com\/wp-content\/uploads\/primo-ettaro-2020-900x900-812x812-1.png\",\"contentUrl\":\"https:\/\/www.paguswinetours.com\/wp-content\/uploads\/primo-ettaro-2020-900x900-812x812-1.png\",\"width\":812,\"height\":812,\"caption\":\"Soave Classico Superiore BIO DOCG I\u00b0 ETTARO 2020 Tessari\"},{\"@type\":\"BreadcrumbList\",\"@id\":\"https:\/\/www.paguswinetours.com\/it\/shop\/soave-classico-superiore-bio-docg-i-ettaro-2020-tessari\/#breadcrumb\",\"itemListElement\":[{\"@type\":\"ListItem\",\"position\":1,\"name\":\"Home\",\"item\":\"https:\/\/www.paguswinetours.com\/it\/\"},{\"@type\":\"ListItem\",\"position\":2,\"name\":\"Prodotti\",\"item\":\"https:\/\/www.paguswinetours.com\/it\/shop\/\"},{\"@type\":\"ListItem\",\"position\":3,\"name\":\"Soave Classico Superiore BIO DOCG I\u00b0 ETTARO 2022 Tessari\"}]},{\"@type\":\"WebSite\",\"@id\":\"https:\/\/www.paguswinetours.com\/it\/#website\",\"url\":\"https:\/\/www.paguswinetours.com\/it\/\",\"name\":\"Pagus Wine Tours\",\"description\":\"\",\"publisher\":{\"@id\":\"https:\/\/www.paguswinetours.com\/it\/#organization\"},\"potentialAction\":[{\"@type\":\"SearchAction\",\"target\":{\"@type\":\"EntryPoint\",\"urlTemplate\":\"https:\/\/www.paguswinetours.com\/it\/?s={search_term_string}\"},\"query-input\":{\"@type\":\"PropertyValueSpecification\",\"valueRequired\":true,\"valueName\":\"search_term_string\"}}],\"inLanguage\":\"it-IT\"},{\"@type\":\"Organization\",\"@id\":\"https:\/\/www.paguswinetours.com\/it\/#organization\",\"name\":\"Pagus Wine Tours\",\"url\":\"https:\/\/www.paguswinetours.com\/it\/\",\"logo\":{\"@type\":\"ImageObject\",\"inLanguage\":\"it-IT\",\"@id\":\"https:\/\/www.paguswinetours.com\/it\/#\/schema\/logo\/image\/\",\"url\":\"https:\/\/www.paguswinetours.com\/wp-content\/uploads\/logo-2-1.png\",\"contentUrl\":\"https:\/\/www.paguswinetours.com\/wp-content\/uploads\/logo-2-1.png\",\"width\":1172,\"height\":364,\"caption\":\"Pagus Wine Tours\"},\"image\":{\"@id\":\"https:\/\/www.paguswinetours.com\/it\/#\/schema\/logo\/image\/\"},\"sameAs\":[\"https:\/\/www.facebook.com\/paguswinetours\/\",\"https:\/\/www.instagram.com\/paguswinetours\/\",\"https:\/\/www.youtube.com\/channel\/UCMuOOU3pfYQT2zysLFm2u8g\"]}]}<\/script>\n<!-- \/ Yoast SEO plugin. -->","yoast_head_json":{"title":"Soave Classico Superiore BIO DOCG I\u00b0 ETTARO 2022 Tessari - Pagus Wine Tours","description":"Sentori di frutta secca, albicocca e pera su tutte, mineralit\u00e0 data dai terreni vulcanici e note balsamiche di rosmarino e salvia. Aromatico e persistente.","robots":{"index":"index","follow":"follow","max-snippet":"max-snippet:-1","max-image-preview":"max-image-preview:large","max-video-preview":"max-video-preview:-1"},"canonical":"https:\/\/www.paguswinetours.com\/it\/shop\/soave-classico-superiore-bio-docg-i-ettaro-2020-tessari\/","og_locale":"it_IT","og_type":"article","og_title":"Soave Classico Superiore BIO DOCG I\u00b0 ETTARO 2020 Tessari","og_description":"Sentori di frutta secca, albicocca e pera su tutte, mineralit\u00e0 data dai terreni vulcanici e note balsamiche di rosmarino e salvia. Aromatico e persistente.","og_url":"https:\/\/www.paguswinetours.com\/it\/shop\/soave-classico-superiore-bio-docg-i-ettaro-2020-tessari\/","og_site_name":"Pagus Wine Tours","article_publisher":"https:\/\/www.facebook.com\/paguswinetours\/","article_modified_time":"2025-11-19T09:52:56+00:00","og_image":[{"width":812,"height":812,"url":"https:\/\/www.paguswinetours.com\/wp-content\/uploads\/primo-ettaro-2020-900x900-812x812-1.png","type":"image\/png"}],"twitter_card":"summary_large_image","twitter_misc":{"Tempo di lettura stimato":"1 minuto"},"schema":{"@context":"https:\/\/schema.org","@graph":[{"@type":"WebPage","@id":"https:\/\/www.paguswinetours.com\/it\/shop\/soave-classico-superiore-bio-docg-i-ettaro-2020-tessari\/","url":"https:\/\/www.paguswinetours.com\/it\/shop\/soave-classico-superiore-bio-docg-i-ettaro-2020-tessari\/","name":"Soave Classico Superiore BIO DOCG I\u00b0 ETTARO 2022 Tessari - Pagus Wine Tours","isPartOf":{"@id":"https:\/\/www.paguswinetours.com\/it\/#website"},"primaryImageOfPage":{"@id":"https:\/\/www.paguswinetours.com\/it\/shop\/soave-classico-superiore-bio-docg-i-ettaro-2020-tessari\/#primaryimage"},"image":{"@id":"https:\/\/www.paguswinetours.com\/it\/shop\/soave-classico-superiore-bio-docg-i-ettaro-2020-tessari\/#primaryimage"},"thumbnailUrl":"https:\/\/www.paguswinetours.com\/wp-content\/uploads\/primo-ettaro-2020-900x900-812x812-1.png","datePublished":"2023-04-18T09:28:42+00:00","dateModified":"2025-11-19T09:52:56+00:00","description":"Sentori di frutta secca, albicocca e pera su tutte, mineralit\u00e0 data dai terreni vulcanici e note balsamiche di rosmarino e salvia. Aromatico e persistente.","breadcrumb":{"@id":"https:\/\/www.paguswinetours.com\/it\/shop\/soave-classico-superiore-bio-docg-i-ettaro-2020-tessari\/#breadcrumb"},"inLanguage":"it-IT","potentialAction":[{"@type":"ReadAction","target":["https:\/\/www.paguswinetours.com\/it\/shop\/soave-classico-superiore-bio-docg-i-ettaro-2020-tessari\/"]}]},{"@type":"ImageObject","inLanguage":"it-IT","@id":"https:\/\/www.paguswinetours.com\/it\/shop\/soave-classico-superiore-bio-docg-i-ettaro-2020-tessari\/#primaryimage","url":"https:\/\/www.paguswinetours.com\/wp-content\/uploads\/primo-ettaro-2020-900x900-812x812-1.png","contentUrl":"https:\/\/www.paguswinetours.com\/wp-content\/uploads\/primo-ettaro-2020-900x900-812x812-1.png","width":812,"height":812,"caption":"Soave Classico Superiore BIO DOCG I\u00b0 ETTARO 2020 Tessari"},{"@type":"BreadcrumbList","@id":"https:\/\/www.paguswinetours.com\/it\/shop\/soave-classico-superiore-bio-docg-i-ettaro-2020-tessari\/#breadcrumb","itemListElement":[{"@type":"ListItem","position":1,"name":"Home","item":"https:\/\/www.paguswinetours.com\/it\/"},{"@type":"ListItem","position":2,"name":"Prodotti","item":"https:\/\/www.paguswinetours.com\/it\/shop\/"},{"@type":"ListItem","position":3,"name":"Soave Classico Superiore BIO DOCG I\u00b0 ETTARO 2022 Tessari"}]},{"@type":"WebSite","@id":"https:\/\/www.paguswinetours.com\/it\/#website","url":"https:\/\/www.paguswinetours.com\/it\/","name":"Pagus Wine Tours","description":"","publisher":{"@id":"https:\/\/www.paguswinetours.com\/it\/#organization"},"potentialAction":[{"@type":"SearchAction","target":{"@type":"EntryPoint","urlTemplate":"https:\/\/www.paguswinetours.com\/it\/?s={search_term_string}"},"query-input":{"@type":"PropertyValueSpecification","valueRequired":true,"valueName":"search_term_string"}}],"inLanguage":"it-IT"},{"@type":"Organization","@id":"https:\/\/www.paguswinetours.com\/it\/#organization","name":"Pagus Wine Tours","url":"https:\/\/www.paguswinetours.com\/it\/","logo":{"@type":"ImageObject","inLanguage":"it-IT","@id":"https:\/\/www.paguswinetours.com\/it\/#\/schema\/logo\/image\/","url":"https:\/\/www.paguswinetours.com\/wp-content\/uploads\/logo-2-1.png","contentUrl":"https:\/\/www.paguswinetours.com\/wp-content\/uploads\/logo-2-1.png","width":1172,"height":364,"caption":"Pagus Wine Tours"},"image":{"@id":"https:\/\/www.paguswinetours.com\/it\/#\/schema\/logo\/image\/"},"sameAs":["https:\/\/www.facebook.com\/paguswinetours\/","https:\/\/www.instagram.com\/paguswinetours\/","https:\/\/www.youtube.com\/channel\/UCMuOOU3pfYQT2zysLFm2u8g"]}]}},"_links":{"self":[{"href":"https:\/\/www.paguswinetours.com\/it\/wp-json\/wp\/v2\/product\/10099","targetHints":{"allow":["GET"]}}],"collection":[{"href":"https:\/\/www.paguswinetours.com\/it\/wp-json\/wp\/v2\/product"}],"about":[{"href":"https:\/\/www.paguswinetours.com\/it\/wp-json\/wp\/v2\/types\/product"}],"wp:featuredmedia":[{"embeddable":true,"href":"https:\/\/www.paguswinetours.com\/it\/wp-json\/wp\/v2\/media\/10070"}],"wp:attachment":[{"href":"https:\/\/www.paguswinetours.com\/it\/wp-json\/wp\/v2\/media?parent=10099"}],"wp:term":[{"taxonomy":"product_brand","embeddable":true,"href":"https:\/\/www.paguswinetours.com\/it\/wp-json\/wp\/v2\/product_brand?post=10099"},{"taxonomy":"product_cat","embeddable":true,"href":"https:\/\/www.paguswinetours.com\/it\/wp-json\/wp\/v2\/product_cat?post=10099"},{"taxonomy":"product_tag","embeddable":true,"href":"https:\/\/www.paguswinetours.com\/it\/wp-json\/wp\/v2\/product_tag?post=10099"}],"curies":[{"name":"wp","href":"https:\/\/api.w.org\/{rel}","templated":true}]}}