{"id":10097,"date":"2023-04-18T11:24:18","date_gmt":"2023-04-18T09:24:18","guid":{"rendered":"https:\/\/www.paguswinetours.com\/?post_type=product&#038;p=10097"},"modified":"2025-11-19T09:53:02","modified_gmt":"2025-11-19T08:53:02","slug":"soave-classico-doc-grisela-bio-2021-tessari","status":"publish","type":"product","link":"https:\/\/www.paguswinetours.com\/it\/shop\/soave-classico-doc-grisela-bio-2021-tessari\/","title":{"rendered":"Soave Classico DOC Grisela BIO 2024 Tessari"},"content":{"rendered":"<div class=\"product-info\">\n<div class=\"product-info\">\n<h3 class=\"italic\">Note di degustazione<\/h3>\n<p class=\"p3\">Con il suo giallo paglierino brillante, \u00e8 la colonna vertebrale della produzione della cantina; caratterizzato da un intenso profumo di mela e fiori di campo, di sambuco e camomilla, elegante e molto fragrante. Fresco al palato, con note agrumate, sapide e minerali, secco e deciso; bella persistenza che chiude<span class=\"Apple-converted-space\">\u00a0\u00a0<\/span>su una classica nota di mandorla amara.<\/p>\n<\/div>\n<div class=\"product-info\">\n<h3 class=\"italic\">Abbinamenti<\/h3>\n<p class=\"p4\">\u00c8 il vino a tutto pasto per eccellenza. Potete gustarlo con il classico aperitivo: immaginatevi un\u2019estate, una terrazza, il sole al tramonto e la bottiglia fresca pronta per essere condivisa. Si abbina molto bene a risotti delicati: alle verdure, ai formaggi (il classico Radicchio e Monteveronese), oppure con il pesce (risotto al salmone o ai frutti di mare). Anche con una semplice pasta al pesto o al pomodoro, uno spaghetto allo scoglio. In inverno provatelo con vellutate di verdure o di legumi.<\/p>\n<\/div>\n<\/div>\n","protected":false},"excerpt":{"rendered":"<h3 class=\"italic\">Caratteristiche<\/h3>\n<p><strong>Denominazione:<\/strong>\u00a0Soave Classico DOC<\/p>\n<p><strong>Vitigni<\/strong>: Garganega<\/p>\n<p><strong>Alcol<\/strong>: 12%<\/p>\n<p><strong>Formato<\/strong>: 75cl<\/p>\n<p><strong>Vinificazione<\/strong>: I grappoli raccolti a mano vengono trasformati in mosto mediante pressatura soffice. Il mosto viene poi fatto fermentare a temperatura controllata, mantenendo il massimo rispetto degli aromi primari della Garganega. La pratica del batonnage consente di ridurre la quantit\u00e0 di anidride solforosa. Otteniamo cos\u00ec un vino pi\u00f9 complesso, persistente ed armonico, con un bel equilibrio tra aromi e gusto.<\/p>\n<p><strong>Affinamento<\/strong>: vasche di acciaio inox<\/p>\n<p><strong>Temperatura di servizio<\/strong>: 10-12\u00b0C<\/p>\n","protected":false},"featured_media":10063,"template":"","meta":{"_acf_changed":false},"product_brand":[],"product_cat":[100,90],"product_tag":[],"class_list":{"0":"post-10097","1":"product","2":"type-product","3":"status-publish","4":"has-post-thumbnail","6":"product_cat-tessari","7":"product_cat-vino","9":"first","10":"instock","11":"taxable","12":"shipping-taxable","13":"purchasable","14":"product-type-simple"},"acf":[],"yoast_head":"<!-- This site is optimized with the Yoast SEO plugin v26.7 - https:\/\/yoast.com\/wordpress\/plugins\/seo\/ -->\n<title>Soave Classico DOC Grisela BIO 2024 Tessari - Pagus Wine Tours<\/title>\n<meta name=\"description\" content=\"Profumo intenso di mela e fiori di campo, sambuco e camomilla. Fresco ed elegante al palato, con note agrumate, sapide e minerali, secco e deciso.\" \/>\n<meta name=\"robots\" content=\"index, follow, max-snippet:-1, max-image-preview:large, max-video-preview:-1\" \/>\n<link rel=\"canonical\" href=\"https:\/\/www.paguswinetours.com\/it\/shop\/soave-classico-doc-grisela-bio-2021-tessari\/\" \/>\n<meta property=\"og:locale\" content=\"it_IT\" \/>\n<meta property=\"og:type\" content=\"article\" \/>\n<meta property=\"og:title\" content=\"Soave Classico DOC Grisela BIO 2023 Tessari\" \/>\n<meta property=\"og:description\" content=\"Profumo intenso di mela e fiori di campo, sambuco e camomilla. Fresco ed elegante al palato, con note agrumate, sapide e minerali, secco e deciso.\" \/>\n<meta property=\"og:url\" content=\"https:\/\/www.paguswinetours.com\/it\/shop\/soave-classico-doc-grisela-bio-2021-tessari\/\" \/>\n<meta property=\"og:site_name\" content=\"Pagus Wine Tours\" \/>\n<meta property=\"article:publisher\" content=\"https:\/\/www.facebook.com\/paguswinetours\/\" \/>\n<meta property=\"article:modified_time\" content=\"2025-11-19T08:53:02+00:00\" \/>\n<meta property=\"og:image\" content=\"https:\/\/www.paguswinetours.com\/wp-content\/uploads\/grisela-2021-900x900-812x812-1.png\" \/>\n\t<meta property=\"og:image:width\" content=\"812\" \/>\n\t<meta property=\"og:image:height\" content=\"812\" \/>\n\t<meta property=\"og:image:type\" content=\"image\/png\" \/>\n<meta name=\"twitter:card\" content=\"summary_large_image\" \/>\n<meta name=\"twitter:label1\" content=\"Tempo di lettura stimato\" \/>\n\t<meta name=\"twitter:data1\" content=\"1 minuto\" \/>\n<script type=\"application\/ld+json\" class=\"yoast-schema-graph\">{\"@context\":\"https:\/\/schema.org\",\"@graph\":[{\"@type\":\"WebPage\",\"@id\":\"https:\/\/www.paguswinetours.com\/it\/shop\/soave-classico-doc-grisela-bio-2021-tessari\/\",\"url\":\"https:\/\/www.paguswinetours.com\/it\/shop\/soave-classico-doc-grisela-bio-2021-tessari\/\",\"name\":\"Soave Classico DOC Grisela BIO 2024 Tessari - Pagus Wine Tours\",\"isPartOf\":{\"@id\":\"https:\/\/www.paguswinetours.com\/it\/#website\"},\"primaryImageOfPage\":{\"@id\":\"https:\/\/www.paguswinetours.com\/it\/shop\/soave-classico-doc-grisela-bio-2021-tessari\/#primaryimage\"},\"image\":{\"@id\":\"https:\/\/www.paguswinetours.com\/it\/shop\/soave-classico-doc-grisela-bio-2021-tessari\/#primaryimage\"},\"thumbnailUrl\":\"https:\/\/www.paguswinetours.com\/wp-content\/uploads\/grisela-2021-900x900-812x812-1.png\",\"datePublished\":\"2023-04-18T09:24:18+00:00\",\"dateModified\":\"2025-11-19T08:53:02+00:00\",\"description\":\"Profumo intenso di mela e fiori di campo, sambuco e camomilla. Fresco ed elegante al palato, con note agrumate, sapide e minerali, secco e deciso.\",\"breadcrumb\":{\"@id\":\"https:\/\/www.paguswinetours.com\/it\/shop\/soave-classico-doc-grisela-bio-2021-tessari\/#breadcrumb\"},\"inLanguage\":\"it-IT\",\"potentialAction\":[{\"@type\":\"ReadAction\",\"target\":[\"https:\/\/www.paguswinetours.com\/it\/shop\/soave-classico-doc-grisela-bio-2021-tessari\/\"]}]},{\"@type\":\"ImageObject\",\"inLanguage\":\"it-IT\",\"@id\":\"https:\/\/www.paguswinetours.com\/it\/shop\/soave-classico-doc-grisela-bio-2021-tessari\/#primaryimage\",\"url\":\"https:\/\/www.paguswinetours.com\/wp-content\/uploads\/grisela-2021-900x900-812x812-1.png\",\"contentUrl\":\"https:\/\/www.paguswinetours.com\/wp-content\/uploads\/grisela-2021-900x900-812x812-1.png\",\"width\":812,\"height\":812,\"caption\":\"Soave Classico DOC Grisela BIO 2021 Tessari\"},{\"@type\":\"BreadcrumbList\",\"@id\":\"https:\/\/www.paguswinetours.com\/it\/shop\/soave-classico-doc-grisela-bio-2021-tessari\/#breadcrumb\",\"itemListElement\":[{\"@type\":\"ListItem\",\"position\":1,\"name\":\"Home\",\"item\":\"https:\/\/www.paguswinetours.com\/it\/\"},{\"@type\":\"ListItem\",\"position\":2,\"name\":\"Prodotti\",\"item\":\"https:\/\/www.paguswinetours.com\/it\/shop\/\"},{\"@type\":\"ListItem\",\"position\":3,\"name\":\"Soave Classico DOC Grisela BIO 2024 Tessari\"}]},{\"@type\":\"WebSite\",\"@id\":\"https:\/\/www.paguswinetours.com\/it\/#website\",\"url\":\"https:\/\/www.paguswinetours.com\/it\/\",\"name\":\"Pagus Wine Tours\",\"description\":\"\",\"publisher\":{\"@id\":\"https:\/\/www.paguswinetours.com\/it\/#organization\"},\"potentialAction\":[{\"@type\":\"SearchAction\",\"target\":{\"@type\":\"EntryPoint\",\"urlTemplate\":\"https:\/\/www.paguswinetours.com\/it\/?s={search_term_string}\"},\"query-input\":{\"@type\":\"PropertyValueSpecification\",\"valueRequired\":true,\"valueName\":\"search_term_string\"}}],\"inLanguage\":\"it-IT\"},{\"@type\":\"Organization\",\"@id\":\"https:\/\/www.paguswinetours.com\/it\/#organization\",\"name\":\"Pagus Wine Tours\",\"url\":\"https:\/\/www.paguswinetours.com\/it\/\",\"logo\":{\"@type\":\"ImageObject\",\"inLanguage\":\"it-IT\",\"@id\":\"https:\/\/www.paguswinetours.com\/it\/#\/schema\/logo\/image\/\",\"url\":\"https:\/\/www.paguswinetours.com\/wp-content\/uploads\/logo-2-1.png\",\"contentUrl\":\"https:\/\/www.paguswinetours.com\/wp-content\/uploads\/logo-2-1.png\",\"width\":1172,\"height\":364,\"caption\":\"Pagus Wine Tours\"},\"image\":{\"@id\":\"https:\/\/www.paguswinetours.com\/it\/#\/schema\/logo\/image\/\"},\"sameAs\":[\"https:\/\/www.facebook.com\/paguswinetours\/\",\"https:\/\/www.instagram.com\/paguswinetours\/\",\"https:\/\/www.youtube.com\/channel\/UCMuOOU3pfYQT2zysLFm2u8g\"]}]}<\/script>\n<!-- \/ Yoast SEO plugin. -->","yoast_head_json":{"title":"Soave Classico DOC Grisela BIO 2024 Tessari - Pagus Wine Tours","description":"Profumo intenso di mela e fiori di campo, sambuco e camomilla. Fresco ed elegante al palato, con note agrumate, sapide e minerali, secco e deciso.","robots":{"index":"index","follow":"follow","max-snippet":"max-snippet:-1","max-image-preview":"max-image-preview:large","max-video-preview":"max-video-preview:-1"},"canonical":"https:\/\/www.paguswinetours.com\/it\/shop\/soave-classico-doc-grisela-bio-2021-tessari\/","og_locale":"it_IT","og_type":"article","og_title":"Soave Classico DOC Grisela BIO 2023 Tessari","og_description":"Profumo intenso di mela e fiori di campo, sambuco e camomilla. Fresco ed elegante al palato, con note agrumate, sapide e minerali, secco e deciso.","og_url":"https:\/\/www.paguswinetours.com\/it\/shop\/soave-classico-doc-grisela-bio-2021-tessari\/","og_site_name":"Pagus Wine Tours","article_publisher":"https:\/\/www.facebook.com\/paguswinetours\/","article_modified_time":"2025-11-19T08:53:02+00:00","og_image":[{"width":812,"height":812,"url":"https:\/\/www.paguswinetours.com\/wp-content\/uploads\/grisela-2021-900x900-812x812-1.png","type":"image\/png"}],"twitter_card":"summary_large_image","twitter_misc":{"Tempo di lettura stimato":"1 minuto"},"schema":{"@context":"https:\/\/schema.org","@graph":[{"@type":"WebPage","@id":"https:\/\/www.paguswinetours.com\/it\/shop\/soave-classico-doc-grisela-bio-2021-tessari\/","url":"https:\/\/www.paguswinetours.com\/it\/shop\/soave-classico-doc-grisela-bio-2021-tessari\/","name":"Soave Classico DOC Grisela BIO 2024 Tessari - Pagus Wine Tours","isPartOf":{"@id":"https:\/\/www.paguswinetours.com\/it\/#website"},"primaryImageOfPage":{"@id":"https:\/\/www.paguswinetours.com\/it\/shop\/soave-classico-doc-grisela-bio-2021-tessari\/#primaryimage"},"image":{"@id":"https:\/\/www.paguswinetours.com\/it\/shop\/soave-classico-doc-grisela-bio-2021-tessari\/#primaryimage"},"thumbnailUrl":"https:\/\/www.paguswinetours.com\/wp-content\/uploads\/grisela-2021-900x900-812x812-1.png","datePublished":"2023-04-18T09:24:18+00:00","dateModified":"2025-11-19T08:53:02+00:00","description":"Profumo intenso di mela e fiori di campo, sambuco e camomilla. Fresco ed elegante al palato, con note agrumate, sapide e minerali, secco e deciso.","breadcrumb":{"@id":"https:\/\/www.paguswinetours.com\/it\/shop\/soave-classico-doc-grisela-bio-2021-tessari\/#breadcrumb"},"inLanguage":"it-IT","potentialAction":[{"@type":"ReadAction","target":["https:\/\/www.paguswinetours.com\/it\/shop\/soave-classico-doc-grisela-bio-2021-tessari\/"]}]},{"@type":"ImageObject","inLanguage":"it-IT","@id":"https:\/\/www.paguswinetours.com\/it\/shop\/soave-classico-doc-grisela-bio-2021-tessari\/#primaryimage","url":"https:\/\/www.paguswinetours.com\/wp-content\/uploads\/grisela-2021-900x900-812x812-1.png","contentUrl":"https:\/\/www.paguswinetours.com\/wp-content\/uploads\/grisela-2021-900x900-812x812-1.png","width":812,"height":812,"caption":"Soave Classico DOC Grisela BIO 2021 Tessari"},{"@type":"BreadcrumbList","@id":"https:\/\/www.paguswinetours.com\/it\/shop\/soave-classico-doc-grisela-bio-2021-tessari\/#breadcrumb","itemListElement":[{"@type":"ListItem","position":1,"name":"Home","item":"https:\/\/www.paguswinetours.com\/it\/"},{"@type":"ListItem","position":2,"name":"Prodotti","item":"https:\/\/www.paguswinetours.com\/it\/shop\/"},{"@type":"ListItem","position":3,"name":"Soave Classico DOC Grisela BIO 2024 Tessari"}]},{"@type":"WebSite","@id":"https:\/\/www.paguswinetours.com\/it\/#website","url":"https:\/\/www.paguswinetours.com\/it\/","name":"Pagus Wine Tours","description":"","publisher":{"@id":"https:\/\/www.paguswinetours.com\/it\/#organization"},"potentialAction":[{"@type":"SearchAction","target":{"@type":"EntryPoint","urlTemplate":"https:\/\/www.paguswinetours.com\/it\/?s={search_term_string}"},"query-input":{"@type":"PropertyValueSpecification","valueRequired":true,"valueName":"search_term_string"}}],"inLanguage":"it-IT"},{"@type":"Organization","@id":"https:\/\/www.paguswinetours.com\/it\/#organization","name":"Pagus Wine Tours","url":"https:\/\/www.paguswinetours.com\/it\/","logo":{"@type":"ImageObject","inLanguage":"it-IT","@id":"https:\/\/www.paguswinetours.com\/it\/#\/schema\/logo\/image\/","url":"https:\/\/www.paguswinetours.com\/wp-content\/uploads\/logo-2-1.png","contentUrl":"https:\/\/www.paguswinetours.com\/wp-content\/uploads\/logo-2-1.png","width":1172,"height":364,"caption":"Pagus Wine Tours"},"image":{"@id":"https:\/\/www.paguswinetours.com\/it\/#\/schema\/logo\/image\/"},"sameAs":["https:\/\/www.facebook.com\/paguswinetours\/","https:\/\/www.instagram.com\/paguswinetours\/","https:\/\/www.youtube.com\/channel\/UCMuOOU3pfYQT2zysLFm2u8g"]}]}},"_links":{"self":[{"href":"https:\/\/www.paguswinetours.com\/it\/wp-json\/wp\/v2\/product\/10097","targetHints":{"allow":["GET"]}}],"collection":[{"href":"https:\/\/www.paguswinetours.com\/it\/wp-json\/wp\/v2\/product"}],"about":[{"href":"https:\/\/www.paguswinetours.com\/it\/wp-json\/wp\/v2\/types\/product"}],"wp:featuredmedia":[{"embeddable":true,"href":"https:\/\/www.paguswinetours.com\/it\/wp-json\/wp\/v2\/media\/10063"}],"wp:attachment":[{"href":"https:\/\/www.paguswinetours.com\/it\/wp-json\/wp\/v2\/media?parent=10097"}],"wp:term":[{"taxonomy":"product_brand","embeddable":true,"href":"https:\/\/www.paguswinetours.com\/it\/wp-json\/wp\/v2\/product_brand?post=10097"},{"taxonomy":"product_cat","embeddable":true,"href":"https:\/\/www.paguswinetours.com\/it\/wp-json\/wp\/v2\/product_cat?post=10097"},{"taxonomy":"product_tag","embeddable":true,"href":"https:\/\/www.paguswinetours.com\/it\/wp-json\/wp\/v2\/product_tag?post=10097"}],"curies":[{"name":"wp","href":"https:\/\/api.w.org\/{rel}","templated":true}]}}