{"id":8200,"date":"2024-03-07T15:04:41","date_gmt":"2024-03-07T14:04:41","guid":{"rendered":"https:\/\/www.paguswinetours.com\/?page_id=8200"},"modified":"2024-08-29T16:15:17","modified_gmt":"2024-08-29T14:15:17","slug":"verona","status":"publish","type":"page","link":"https:\/\/www.paguswinetours.com\/it\/territori\/verona\/","title":{"rendered":"Verona"},"content":{"rendered":"\t\t<div data-elementor-type=\"wp-page\" data-elementor-id=\"8200\" class=\"elementor elementor-8200 elementor-8164\">\n\t\t\t\t\t\t<div class=\"elementor-section elementor-top-section elementor-element elementor-element-ba681b0 elementor-section-content-middle elementor-section-stretched elementor-section-boxed elementor-section-height-default elementor-section-height-default\" data-id=\"ba681b0\" data-element_type=\"section\" data-settings=\"{&quot;stretch_section&quot;:&quot;section-stretched&quot;}\">\n\t\t\t\t\t\t<div class=\"elementor-container elementor-column-gap-default\">\n\t\t\t\t\t<div class=\"elementor-column elementor-col-100 elementor-top-column elementor-element elementor-element-69de9e3\" data-id=\"69de9e3\" data-element_type=\"column\">\n\t\t\t<div class=\"elementor-widget-wrap elementor-element-populated\">\n\t\t\t\t\t\t<div class=\"elementor-element elementor-element-54ce970 image-position-top elementor-widget elementor-widget-iqonic_title\" data-id=\"54ce970\" data-element_type=\"widget\" data-widget_type=\"iqonic_title.default\">\n\t\t\t\t<div class=\"elementor-widget-container\">\n\t\t\t\t\t\n\t<div class=\"center slainte-title-box slainte-title-box-2\">\n\t\t\t\t\t\t<div class=\"slainte-title-icon\">\n\t\t\t\t\t<img decoding=\"async\" src=\"https:\/\/www.paguswinetours.com\/wp-content\/uploads\/icon_pagus_bianco_2.png\" title=\"\" alt=\"Pagus Wine Tours\" loading=\"lazy\" \/>\t\t\t\t<\/div>\n\t\t\t\t\t\t\t\t\t\t\t\t<h2 class=\"slainte-title slainte-heading-title\">\n\t\t\t<span class=\"right-text\">Verona<\/span>\n\t\t\t<span class=\"left-text-wrap wow\">\n\t\t\t\t<span class=\"left-text\"><\/span>\n\t\t\t\t<span class=\"left-text-swipe\"><\/span>\n\t\t\t<\/span>\n\n\t\t<\/h2>\n\n\t\t\t\t\n\t<\/div>\n\n\n\t\t\t\t<\/div>\n\t\t\t\t<\/div>\n\t\t\t\t<section class=\"elementor-section elementor-inner-section elementor-element elementor-element-cbcf96d elementor-section-boxed elementor-section-height-default elementor-section-height-default\" data-id=\"cbcf96d\" data-element_type=\"section\">\n\t\t\t\t\t\t<div class=\"elementor-container elementor-column-gap-default\">\n\t\t\t\t\t<div class=\"elementor-column elementor-col-50 elementor-inner-column elementor-element elementor-element-b422431\" data-id=\"b422431\" data-element_type=\"column\">\n\t\t\t<div class=\"elementor-widget-wrap elementor-element-populated\">\n\t\t\t\t\t\t<div class=\"elementor-element elementor-element-cfa17f6 elementor-widget elementor-widget-text-editor\" data-id=\"cfa17f6\" data-element_type=\"widget\" data-widget_type=\"text-editor.default\">\n\t\t\t\t<div class=\"elementor-widget-container\">\n\t\t\t\t\t\t\t\t\t<p>Verona sorge sulle rive dell&#8217;Adige nel punto in cui il fiume incontra la Pianura Padana. I resti romani sono tra i pi\u00f9 importanti del Nord Italia e, tra questi, l&#8217;Arena, l\u2019anfiteatro simbolo della citt\u00e0 assieme alle figure di Giulietta e Romeo, ospita ogni anno il festival dell\u2019Opera lirica.<\/p><p>Per le sue porte monumentali e le fortificazioni che testimoniano l\u2019importanza strategica della citt\u00e0, e per le quali viene considerata un grandioso esempio di roccaforte militare, Verona rientra nel Patrimonio mondiale dell\u2019umanit\u00e0 UNESCO.<\/p>\t\t\t\t\t\t\t\t<\/div>\n\t\t\t\t<\/div>\n\t\t\t\t<div class=\"elementor-element elementor-element-94627bd elementor-widget elementor-widget-image\" data-id=\"94627bd\" data-element_type=\"widget\" data-widget_type=\"image.default\">\n\t\t\t\t<div class=\"elementor-widget-container\">\n\t\t\t\t\t\t\t\t\t\t\t\t\t\t\t<img fetchpriority=\"high\" decoding=\"async\" width=\"2565\" height=\"2279\" src=\"https:\/\/www.paguswinetours.com\/wp-content\/uploads\/verona-at-2x.png\" class=\"attachment-full size-full wp-image-10638\" alt=\"Verona\" srcset=\"https:\/\/www.paguswinetours.com\/wp-content\/uploads\/verona-at-2x.png 2565w, https:\/\/www.paguswinetours.com\/wp-content\/uploads\/verona-at-2x-300x267.png 300w, https:\/\/www.paguswinetours.com\/wp-content\/uploads\/verona-at-2x-1024x910.png 1024w, https:\/\/www.paguswinetours.com\/wp-content\/uploads\/verona-at-2x-768x682.png 768w, https:\/\/www.paguswinetours.com\/wp-content\/uploads\/verona-at-2x-1536x1365.png 1536w, https:\/\/www.paguswinetours.com\/wp-content\/uploads\/verona-at-2x-2048x1820.png 2048w, https:\/\/www.paguswinetours.com\/wp-content\/uploads\/verona-at-2x-600x533.png 600w\" sizes=\"100vw\" \/>\t\t\t\t\t\t\t\t\t\t\t\t\t\t\t<\/div>\n\t\t\t\t<\/div>\n\t\t\t\t\t<\/div>\n\t\t<\/div>\n\t\t\t\t<div class=\"elementor-column elementor-col-50 elementor-inner-column elementor-element elementor-element-b28817d\" data-id=\"b28817d\" data-element_type=\"column\">\n\t\t\t<div class=\"elementor-widget-wrap elementor-element-populated\">\n\t\t\t\t\t\t<div class=\"elementor-element elementor-element-12de2c6 elementor-widget elementor-widget-image\" data-id=\"12de2c6\" data-element_type=\"widget\" data-widget_type=\"image.default\">\n\t\t\t\t<div class=\"elementor-widget-container\">\n\t\t\t\t\t\t\t\t\t\t\t\t\t\t\t<img decoding=\"async\" width=\"1024\" height=\"683\" src=\"https:\/\/www.paguswinetours.com\/wp-content\/uploads\/verona-bici-1024x683-2.jpg\" class=\"attachment-full size-full wp-image-10636\" alt=\"Verona\" srcset=\"https:\/\/www.paguswinetours.com\/wp-content\/uploads\/verona-bici-1024x683-2.jpg 1024w, https:\/\/www.paguswinetours.com\/wp-content\/uploads\/verona-bici-1024x683-2-300x200.jpg 300w, https:\/\/www.paguswinetours.com\/wp-content\/uploads\/verona-bici-1024x683-2-768x512.jpg 768w, https:\/\/www.paguswinetours.com\/wp-content\/uploads\/verona-bici-1024x683-2-720x480.jpg 720w, https:\/\/www.paguswinetours.com\/wp-content\/uploads\/verona-bici-1024x683-2-600x400.jpg 600w\" sizes=\"100vw\" \/>\t\t\t\t\t\t\t\t\t\t\t\t\t\t\t<\/div>\n\t\t\t\t<\/div>\n\t\t\t\t<div class=\"elementor-element elementor-element-c90de6d elementor-widget elementor-widget-text-editor\" data-id=\"c90de6d\" data-element_type=\"widget\" data-widget_type=\"text-editor.default\">\n\t\t\t\t<div class=\"elementor-widget-container\">\n\t\t\t\t\t\t\t\t\t<p>Verona, di per s\u00e9, non \u00e8 un territorio del vino, ma li rappresenta tutti, \u00e8 il punto di partenza dei nostri tour, ed il luogo in cui ha sede Pagus Wine Tours\u00ae.<\/p><p>Alla nostra citt\u00e0 abbiamo dedicato alcune delle nostre proposte, destinate a chi vuole scoprirne l\u2019arte e la storia, gustandone le eccellenze, primi fra tutti, i suoi vini.<\/p>\t\t\t\t\t\t\t\t<\/div>\n\t\t\t\t<\/div>\n\t\t\t\t\t<\/div>\n\t\t<\/div>\n\t\t\t\t\t<\/div>\n\t\t<\/section>\n\t\t\t\t\t<\/div>\n\t\t<\/div>\n\t\t\t\t\t<\/div>\n\t\t<\/div>\n\t\t\t\t<\/div>\n\t\t","protected":false},"excerpt":{"rendered":"<p>Verona Verona sorge sulle rive dell&#8217;Adige nel punto in cui il fiume incontra la Pianura Padana. I resti romani sono tra i pi\u00f9 importanti del Nord Italia e, tra questi, l&#8217;Arena, l\u2019anfiteatro simbolo della citt\u00e0 assieme alle figure di Giulietta e Romeo, ospita ogni anno il festival dell\u2019Opera lirica. Per le sue porte monumentali e [&hellip;]<\/p>\n","protected":false},"author":1,"featured_media":10636,"parent":8182,"menu_order":0,"comment_status":"closed","ping_status":"closed","template":"","meta":{"_acf_changed":false,"footnotes":""},"class_list":["post-8200","page","type-page","status-publish","has-post-thumbnail","hentry"],"acf":[],"yoast_head":"<!-- This site is optimized with the Yoast SEO plugin v26.7 - https:\/\/yoast.com\/wordpress\/plugins\/seo\/ -->\n<title>Verona - Pagus Wine Tours<\/title>\n<meta name=\"description\" content=\"Verona \u00e8 un territorio di vino, circondato da vigneti. \u00c8 il punto di partenza dei nostri tour e il luogo in cui ha sede Pagus Wine Tours.\" \/>\n<meta name=\"robots\" content=\"index, follow, max-snippet:-1, max-image-preview:large, max-video-preview:-1\" \/>\n<link rel=\"canonical\" href=\"https:\/\/www.paguswinetours.com\/it\/territori\/verona\/\" \/>\n<meta property=\"og:locale\" content=\"it_IT\" \/>\n<meta property=\"og:type\" content=\"article\" \/>\n<meta property=\"og:title\" content=\"Verona\" \/>\n<meta property=\"og:description\" content=\"Verona \u00e8 un territorio di vino, circondato da vigneti. \u00c8 il punto di partenza dei nostri tour e il luogo in cui ha sede Pagus Wine Tours.\" \/>\n<meta property=\"og:url\" content=\"https:\/\/www.paguswinetours.com\/it\/territori\/verona\/\" \/>\n<meta property=\"og:site_name\" content=\"Pagus Wine Tours\" \/>\n<meta property=\"article:publisher\" content=\"https:\/\/www.facebook.com\/paguswinetours\/\" \/>\n<meta property=\"article:modified_time\" content=\"2024-08-29T14:15:17+00:00\" \/>\n<meta property=\"og:image\" content=\"https:\/\/www.paguswinetours.com\/wp-content\/uploads\/verona-bici-1024x683-2.jpg\" \/>\n\t<meta property=\"og:image:width\" content=\"1024\" \/>\n\t<meta property=\"og:image:height\" content=\"683\" \/>\n\t<meta property=\"og:image:type\" content=\"image\/jpeg\" \/>\n<meta name=\"twitter:card\" content=\"summary_large_image\" \/>\n<meta name=\"twitter:label1\" content=\"Tempo di lettura stimato\" \/>\n\t<meta name=\"twitter:data1\" content=\"2 minuti\" \/>\n<script type=\"application\/ld+json\" class=\"yoast-schema-graph\">{\"@context\":\"https:\/\/schema.org\",\"@graph\":[{\"@type\":\"WebPage\",\"@id\":\"https:\/\/www.paguswinetours.com\/it\/territori\/verona\/\",\"url\":\"https:\/\/www.paguswinetours.com\/it\/territori\/verona\/\",\"name\":\"Verona - Pagus Wine Tours\",\"isPartOf\":{\"@id\":\"https:\/\/www.paguswinetours.com\/it\/#website\"},\"primaryImageOfPage\":{\"@id\":\"https:\/\/www.paguswinetours.com\/it\/territori\/verona\/#primaryimage\"},\"image\":{\"@id\":\"https:\/\/www.paguswinetours.com\/it\/territori\/verona\/#primaryimage\"},\"thumbnailUrl\":\"https:\/\/www.paguswinetours.com\/wp-content\/uploads\/verona-bici-1024x683-2.jpg\",\"datePublished\":\"2024-03-07T14:04:41+00:00\",\"dateModified\":\"2024-08-29T14:15:17+00:00\",\"description\":\"Verona \u00e8 un territorio di vino, circondato da vigneti. \u00c8 il punto di partenza dei nostri tour e il luogo in cui ha sede Pagus Wine Tours.\",\"breadcrumb\":{\"@id\":\"https:\/\/www.paguswinetours.com\/it\/territori\/verona\/#breadcrumb\"},\"inLanguage\":\"it-IT\",\"potentialAction\":[{\"@type\":\"ReadAction\",\"target\":[\"https:\/\/www.paguswinetours.com\/it\/territori\/verona\/\"]}]},{\"@type\":\"ImageObject\",\"inLanguage\":\"it-IT\",\"@id\":\"https:\/\/www.paguswinetours.com\/it\/territori\/verona\/#primaryimage\",\"url\":\"https:\/\/www.paguswinetours.com\/wp-content\/uploads\/verona-bici-1024x683-2.jpg\",\"contentUrl\":\"https:\/\/www.paguswinetours.com\/wp-content\/uploads\/verona-bici-1024x683-2.jpg\",\"width\":1024,\"height\":683,\"caption\":\"Verona\"},{\"@type\":\"BreadcrumbList\",\"@id\":\"https:\/\/www.paguswinetours.com\/it\/territori\/verona\/#breadcrumb\",\"itemListElement\":[{\"@type\":\"ListItem\",\"position\":1,\"name\":\"Home\",\"item\":\"https:\/\/www.paguswinetours.com\/it\/\"},{\"@type\":\"ListItem\",\"position\":2,\"name\":\"Territori\",\"item\":\"https:\/\/www.paguswinetours.com\/it\/territori\/\"},{\"@type\":\"ListItem\",\"position\":3,\"name\":\"Verona\"}]},{\"@type\":\"WebSite\",\"@id\":\"https:\/\/www.paguswinetours.com\/it\/#website\",\"url\":\"https:\/\/www.paguswinetours.com\/it\/\",\"name\":\"Pagus Wine Tours\",\"description\":\"\",\"publisher\":{\"@id\":\"https:\/\/www.paguswinetours.com\/it\/#organization\"},\"potentialAction\":[{\"@type\":\"SearchAction\",\"target\":{\"@type\":\"EntryPoint\",\"urlTemplate\":\"https:\/\/www.paguswinetours.com\/it\/?s={search_term_string}\"},\"query-input\":{\"@type\":\"PropertyValueSpecification\",\"valueRequired\":true,\"valueName\":\"search_term_string\"}}],\"inLanguage\":\"it-IT\"},{\"@type\":\"Organization\",\"@id\":\"https:\/\/www.paguswinetours.com\/it\/#organization\",\"name\":\"Pagus Wine Tours\",\"url\":\"https:\/\/www.paguswinetours.com\/it\/\",\"logo\":{\"@type\":\"ImageObject\",\"inLanguage\":\"it-IT\",\"@id\":\"https:\/\/www.paguswinetours.com\/it\/#\/schema\/logo\/image\/\",\"url\":\"https:\/\/www.paguswinetours.com\/wp-content\/uploads\/logo-2-1.png\",\"contentUrl\":\"https:\/\/www.paguswinetours.com\/wp-content\/uploads\/logo-2-1.png\",\"width\":1172,\"height\":364,\"caption\":\"Pagus Wine Tours\"},\"image\":{\"@id\":\"https:\/\/www.paguswinetours.com\/it\/#\/schema\/logo\/image\/\"},\"sameAs\":[\"https:\/\/www.facebook.com\/paguswinetours\/\",\"https:\/\/www.instagram.com\/paguswinetours\/\",\"https:\/\/www.youtube.com\/channel\/UCMuOOU3pfYQT2zysLFm2u8g\"]}]}<\/script>\n<!-- \/ Yoast SEO plugin. -->","yoast_head_json":{"title":"Verona - Pagus Wine Tours","description":"Verona \u00e8 un territorio di vino, circondato da vigneti. \u00c8 il punto di partenza dei nostri tour e il luogo in cui ha sede Pagus Wine Tours.","robots":{"index":"index","follow":"follow","max-snippet":"max-snippet:-1","max-image-preview":"max-image-preview:large","max-video-preview":"max-video-preview:-1"},"canonical":"https:\/\/www.paguswinetours.com\/it\/territori\/verona\/","og_locale":"it_IT","og_type":"article","og_title":"Verona","og_description":"Verona \u00e8 un territorio di vino, circondato da vigneti. \u00c8 il punto di partenza dei nostri tour e il luogo in cui ha sede Pagus Wine Tours.","og_url":"https:\/\/www.paguswinetours.com\/it\/territori\/verona\/","og_site_name":"Pagus Wine Tours","article_publisher":"https:\/\/www.facebook.com\/paguswinetours\/","article_modified_time":"2024-08-29T14:15:17+00:00","og_image":[{"width":1024,"height":683,"url":"https:\/\/www.paguswinetours.com\/wp-content\/uploads\/verona-bici-1024x683-2.jpg","type":"image\/jpeg"}],"twitter_card":"summary_large_image","twitter_misc":{"Tempo di lettura stimato":"2 minuti"},"schema":{"@context":"https:\/\/schema.org","@graph":[{"@type":"WebPage","@id":"https:\/\/www.paguswinetours.com\/it\/territori\/verona\/","url":"https:\/\/www.paguswinetours.com\/it\/territori\/verona\/","name":"Verona - Pagus Wine Tours","isPartOf":{"@id":"https:\/\/www.paguswinetours.com\/it\/#website"},"primaryImageOfPage":{"@id":"https:\/\/www.paguswinetours.com\/it\/territori\/verona\/#primaryimage"},"image":{"@id":"https:\/\/www.paguswinetours.com\/it\/territori\/verona\/#primaryimage"},"thumbnailUrl":"https:\/\/www.paguswinetours.com\/wp-content\/uploads\/verona-bici-1024x683-2.jpg","datePublished":"2024-03-07T14:04:41+00:00","dateModified":"2024-08-29T14:15:17+00:00","description":"Verona \u00e8 un territorio di vino, circondato da vigneti. \u00c8 il punto di partenza dei nostri tour e il luogo in cui ha sede Pagus Wine Tours.","breadcrumb":{"@id":"https:\/\/www.paguswinetours.com\/it\/territori\/verona\/#breadcrumb"},"inLanguage":"it-IT","potentialAction":[{"@type":"ReadAction","target":["https:\/\/www.paguswinetours.com\/it\/territori\/verona\/"]}]},{"@type":"ImageObject","inLanguage":"it-IT","@id":"https:\/\/www.paguswinetours.com\/it\/territori\/verona\/#primaryimage","url":"https:\/\/www.paguswinetours.com\/wp-content\/uploads\/verona-bici-1024x683-2.jpg","contentUrl":"https:\/\/www.paguswinetours.com\/wp-content\/uploads\/verona-bici-1024x683-2.jpg","width":1024,"height":683,"caption":"Verona"},{"@type":"BreadcrumbList","@id":"https:\/\/www.paguswinetours.com\/it\/territori\/verona\/#breadcrumb","itemListElement":[{"@type":"ListItem","position":1,"name":"Home","item":"https:\/\/www.paguswinetours.com\/it\/"},{"@type":"ListItem","position":2,"name":"Territori","item":"https:\/\/www.paguswinetours.com\/it\/territori\/"},{"@type":"ListItem","position":3,"name":"Verona"}]},{"@type":"WebSite","@id":"https:\/\/www.paguswinetours.com\/it\/#website","url":"https:\/\/www.paguswinetours.com\/it\/","name":"Pagus Wine Tours","description":"","publisher":{"@id":"https:\/\/www.paguswinetours.com\/it\/#organization"},"potentialAction":[{"@type":"SearchAction","target":{"@type":"EntryPoint","urlTemplate":"https:\/\/www.paguswinetours.com\/it\/?s={search_term_string}"},"query-input":{"@type":"PropertyValueSpecification","valueRequired":true,"valueName":"search_term_string"}}],"inLanguage":"it-IT"},{"@type":"Organization","@id":"https:\/\/www.paguswinetours.com\/it\/#organization","name":"Pagus Wine Tours","url":"https:\/\/www.paguswinetours.com\/it\/","logo":{"@type":"ImageObject","inLanguage":"it-IT","@id":"https:\/\/www.paguswinetours.com\/it\/#\/schema\/logo\/image\/","url":"https:\/\/www.paguswinetours.com\/wp-content\/uploads\/logo-2-1.png","contentUrl":"https:\/\/www.paguswinetours.com\/wp-content\/uploads\/logo-2-1.png","width":1172,"height":364,"caption":"Pagus Wine Tours"},"image":{"@id":"https:\/\/www.paguswinetours.com\/it\/#\/schema\/logo\/image\/"},"sameAs":["https:\/\/www.facebook.com\/paguswinetours\/","https:\/\/www.instagram.com\/paguswinetours\/","https:\/\/www.youtube.com\/channel\/UCMuOOU3pfYQT2zysLFm2u8g"]}]}},"_links":{"self":[{"href":"https:\/\/www.paguswinetours.com\/it\/wp-json\/wp\/v2\/pages\/8200","targetHints":{"allow":["GET"]}}],"collection":[{"href":"https:\/\/www.paguswinetours.com\/it\/wp-json\/wp\/v2\/pages"}],"about":[{"href":"https:\/\/www.paguswinetours.com\/it\/wp-json\/wp\/v2\/types\/page"}],"author":[{"embeddable":true,"href":"https:\/\/www.paguswinetours.com\/it\/wp-json\/wp\/v2\/users\/1"}],"replies":[{"embeddable":true,"href":"https:\/\/www.paguswinetours.com\/it\/wp-json\/wp\/v2\/comments?post=8200"}],"version-history":[{"count":6,"href":"https:\/\/www.paguswinetours.com\/it\/wp-json\/wp\/v2\/pages\/8200\/revisions"}],"predecessor-version":[{"id":11490,"href":"https:\/\/www.paguswinetours.com\/it\/wp-json\/wp\/v2\/pages\/8200\/revisions\/11490"}],"up":[{"embeddable":true,"href":"https:\/\/www.paguswinetours.com\/it\/wp-json\/wp\/v2\/pages\/8182"}],"wp:featuredmedia":[{"embeddable":true,"href":"https:\/\/www.paguswinetours.com\/it\/wp-json\/wp\/v2\/media\/10636"}],"wp:attachment":[{"href":"https:\/\/www.paguswinetours.com\/it\/wp-json\/wp\/v2\/media?parent=8200"}],"curies":[{"name":"wp","href":"https:\/\/api.w.org\/{rel}","templated":true}]}}