{"id":7085,"date":"2024-02-06T15:38:59","date_gmt":"2024-02-06T14:38:59","guid":{"rendered":"https:\/\/www.paguswinetours.com\/?page_id=7085"},"modified":"2024-02-06T18:14:27","modified_gmt":"2024-02-06T17:14:27","slug":"privacy-policy","status":"publish","type":"page","link":"https:\/\/www.paguswinetours.com\/it\/privacy-policy\/","title":{"rendered":"Privacy Policy"},"content":{"rendered":"\t\t<div data-elementor-type=\"wp-page\" data-elementor-id=\"7085\" class=\"elementor elementor-7085\">\n\t\t\t\t<div class=\"elementor-element elementor-element-6003312 e-flex e-con-boxed e-con e-parent\" data-id=\"6003312\" data-element_type=\"container\">\n\t\t\t\t\t<div class=\"e-con-inner\">\n\t\t\t\t<div class=\"elementor-element elementor-element-b8b8292 elementor-widget elementor-widget-text-editor\" data-id=\"b8b8292\" data-element_type=\"widget\" data-widget_type=\"text-editor.default\">\n\t\t\t\t<div class=\"elementor-widget-container\">\n\t\t\t\t\t\t\t\t\t<p><strong>Informativa sulla Privacy<\/strong><\/p><p>In conformit\u00e0 al regolamento UE 2016\/679, relativo alla protezione dei dati personali, e particolarmente in osservanza dell&#8217;articolo 13 del medesimo regolamento, con la presente pubblicazione la societ\u00e0 denominata Pagus Wine Tours S.A.S. di Canteri Alessia &amp; C. desidera offrire alla propria clientela le seguenti informazioni:<\/p><p>i) La titolarit\u00e0 del materiale raccolto e il trattamento dei dati personali saranno effettuati da Pagus Wine Tours s.a.s di Canteri Alessia &amp; C. (che nel seguito verr\u00e0 denominata semplicemente \u201csociet\u00e0\u201d), con sede in Negrar ( VR \u2013 Italia), via Magellano, 19 \u2013 37024, iscritta al Registro delle Imprese di Verona, con codice fiscale 04171050232 e codice fiscale 04171050232. A questo indirizzo della sede principale il cliente potr\u00e0 rivolgersi per qualsiasi richiesta, oppure, al invece, comunicando tramite posta elettronica, \u00e8 possibile utilizzare il seguente indirizzo di posta elettronica: info@paguswinetours.com.<\/p><p>ii) La societ\u00e0 informa il lettore che il trattamento dei dati personali del cliente avverr\u00e0 per le finalit\u00e0 specifiche come di seguito indicate:<\/p><p>[a] consentire al cliente di accedere al sito web della societ\u00e0 nel caso in cui desideri effettuare acquisti online dei servizi della societ\u00e0. Di conseguenza, i dati raccolti consentiranno al cliente stesso di effettuare le eventuali procedure di acquisto desiderate. Inoltre al fornitore sar\u00e0 data autorizzazione a svolgere tutte le varie attivit\u00e0 amministrative, commerciali, contabili e fiscali derivanti dalle vendite on-line. E, in generale, l&#8217;azienda sar\u00e0 in grado di rispettare le leggi in vigore in materia;<\/p><p>[b] mediante l&#8217;invio periodico di e-mail contenenti materiale pubblicitario e informazioni di altro tipo, per informare il cliente su informazioni relative ai servizi della societ\u00e0, nonch\u00e9 su eventuali ulteriori iniziative, commerciali e non commerciali, che la societ\u00e0 sta portando avanti.<\/p><p>iii) La societ\u00e0 si impegna a esercitare una notevole discrezione nell&#8217;utilizzo dei dati e delle informazioni fornite dal cliente. La societ\u00e0 si impegna inoltre a non rivelare mai tali informazioni a persone non autorizzate e a non utilizzare mai le informazioni per scopi diversi da quelli per i quali sono state raccolte. La societ\u00e0 si impegna a non trasferire i dati a terzi non indicati di seguito. I dati personali potranno essere comunicati solo a soggetti incaricati di svolgere per conto della societ\u00e0 e del cliente specifiche attivit\u00e0 necessarie rientranti negli incarichi contrattuali (ad esempio istituti di credito, societ\u00e0 di trasporto e spedizione, societ\u00e0 esterne che operano direttamente con la fornitore per la gestione tecnica e informativa del sito). Inoltre, potranno venire a conoscenza di dati personali appartenenti alla societ\u00e0 soggetti terzi che prestano servizi per la societ\u00e0, come ad esempio il personale incaricato della gestione del sito o addetti al marketing.<\/p><p>iv) La societ\u00e0 dichiara che non proceder\u00e0 ad alcuna forma di profilazione della propria clientela e che non adotter\u00e0 procedure automatizzate risolutive in merito a tale questione.<\/p><p>v) Le informazioni acquisite non saranno conservate per un periodo superiore a quello necessario per conseguire lo scopo per il quale sono state raccolte, o per la quale sono state successivamente utilizzate, e non saranno conservate oltre il tempo corrispondente a quello prescritto termini richiesti dalla legge. In caso di utilizzo dei dati per finalit\u00e0 di marketing (finalit\u00e0 di cui alla precedente lettera [b]), i dati verranno utilizzati solo nel caso in cui il cliente non abbia esercitato la revoca, come espresso nella successiva lettera vi), con la conseguente cancellazione dei dati del cliente dalla mailing list in cui \u00e8 stato inserito.<\/p><p>vi) Il cliente gode dei diritti di cui agli artt. 15 ss. del regolamento UE 2016\/679, tra cui il diritto di chiedere l&#8217;accesso ai propri dati personali compresa la possibilit\u00e0 di modificarli o cancellarli, ovvero la possibilit\u00e0 di limitare o opporsi al loro utilizzo.<\/p><p>vii) Inoltre, con riferimento all&#8217;utilizzo dei dati personali per la finalit\u00e0 di cui alla precedente lettera [b], il cliente avr\u00e0 sempre il diritto di revocare il consenso per tale motivo prestato, ed in particolare la procedura di cancellazione dalla mailing list nella quale era stato inserito, a seguito del consenso prestato.<\/p><p>viii) Inoltre, il cliente ha il diritto di denunciare eventuali abusi alle relative autorit\u00e0 competenti, ossia all&#8217;organismo che \u00e8 garante della protezione dei propri dati personali.<\/p><p>ix) La comunicazione dei propri dati personali da parte del cliente \u00e8 un obbligo contrattuale, in quanto requisito necessario per l&#8217;acquisto on-line dei servizi della societ\u00e0. Qualora si verificasse il contrario, al cliente non sar\u00e0 concessa la concessione di tali acquisti, n\u00e9 potr\u00e0 effettuare acquisti utilizzando le procedure previste.<\/p>\t\t\t\t\t\t\t\t<\/div>\n\t\t\t\t<\/div>\n\t\t\t\t\t<\/div>\n\t\t\t\t<\/div>\n\t\t\t\t<\/div>\n\t\t","protected":false},"excerpt":{"rendered":"<p>Informativa sulla Privacy In conformit\u00e0 al regolamento UE 2016\/679, relativo alla protezione dei dati personali, e particolarmente in osservanza dell&#8217;articolo 13 del medesimo regolamento, con la presente pubblicazione la societ\u00e0 denominata Pagus Wine Tours S.A.S. di Canteri Alessia &amp; C. desidera offrire alla propria clientela le seguenti informazioni: i) La titolarit\u00e0 del materiale raccolto e [&hellip;]<\/p>\n","protected":false},"author":1,"featured_media":0,"parent":0,"menu_order":0,"comment_status":"closed","ping_status":"closed","template":"","meta":{"_acf_changed":false,"footnotes":""},"class_list":["post-7085","page","type-page","status-publish","hentry"],"acf":[],"yoast_head":"<!-- This site is optimized with the Yoast SEO plugin v26.7 - https:\/\/yoast.com\/wordpress\/plugins\/seo\/ -->\n<title>Privacy Policy - Pagus Wine Tours<\/title>\n<meta name=\"robots\" content=\"index, follow, max-snippet:-1, max-image-preview:large, max-video-preview:-1\" \/>\n<link rel=\"canonical\" href=\"https:\/\/www.paguswinetours.com\/it\/privacy-policy\/\" \/>\n<meta property=\"og:locale\" content=\"it_IT\" \/>\n<meta property=\"og:type\" content=\"article\" \/>\n<meta property=\"og:title\" content=\"Privacy Policy - Pagus Wine Tours\" \/>\n<meta property=\"og:description\" content=\"Informativa sulla Privacy In conformit\u00e0 al regolamento UE 2016\/679, relativo alla protezione dei dati personali, e particolarmente in osservanza dell&#8217;articolo 13 del medesimo regolamento, con la presente pubblicazione la societ\u00e0 denominata Pagus Wine Tours S.A.S. di Canteri Alessia &amp; C. desidera offrire alla propria clientela le seguenti informazioni: i) La titolarit\u00e0 del materiale raccolto e [&hellip;]\" \/>\n<meta property=\"og:url\" content=\"https:\/\/www.paguswinetours.com\/it\/privacy-policy\/\" \/>\n<meta property=\"og:site_name\" content=\"Pagus Wine Tours\" \/>\n<meta property=\"article:publisher\" content=\"https:\/\/www.facebook.com\/paguswinetours\/\" \/>\n<meta property=\"article:modified_time\" content=\"2024-02-06T17:14:27+00:00\" \/>\n<meta name=\"twitter:card\" content=\"summary_large_image\" \/>\n<meta name=\"twitter:label1\" content=\"Tempo di lettura stimato\" \/>\n\t<meta name=\"twitter:data1\" content=\"4 minuti\" \/>\n<script type=\"application\/ld+json\" class=\"yoast-schema-graph\">{\"@context\":\"https:\/\/schema.org\",\"@graph\":[{\"@type\":\"WebPage\",\"@id\":\"https:\/\/www.paguswinetours.com\/it\/privacy-policy\/\",\"url\":\"https:\/\/www.paguswinetours.com\/it\/privacy-policy\/\",\"name\":\"Privacy Policy - Pagus Wine Tours\",\"isPartOf\":{\"@id\":\"https:\/\/www.paguswinetours.com\/it\/#website\"},\"datePublished\":\"2024-02-06T14:38:59+00:00\",\"dateModified\":\"2024-02-06T17:14:27+00:00\",\"breadcrumb\":{\"@id\":\"https:\/\/www.paguswinetours.com\/it\/privacy-policy\/#breadcrumb\"},\"inLanguage\":\"it-IT\",\"potentialAction\":[{\"@type\":\"ReadAction\",\"target\":[\"https:\/\/www.paguswinetours.com\/it\/privacy-policy\/\"]}]},{\"@type\":\"BreadcrumbList\",\"@id\":\"https:\/\/www.paguswinetours.com\/it\/privacy-policy\/#breadcrumb\",\"itemListElement\":[{\"@type\":\"ListItem\",\"position\":1,\"name\":\"Home\",\"item\":\"https:\/\/www.paguswinetours.com\/it\/\"},{\"@type\":\"ListItem\",\"position\":2,\"name\":\"Privacy Policy\"}]},{\"@type\":\"WebSite\",\"@id\":\"https:\/\/www.paguswinetours.com\/it\/#website\",\"url\":\"https:\/\/www.paguswinetours.com\/it\/\",\"name\":\"Pagus Wine Tours\",\"description\":\"\",\"publisher\":{\"@id\":\"https:\/\/www.paguswinetours.com\/it\/#organization\"},\"potentialAction\":[{\"@type\":\"SearchAction\",\"target\":{\"@type\":\"EntryPoint\",\"urlTemplate\":\"https:\/\/www.paguswinetours.com\/it\/?s={search_term_string}\"},\"query-input\":{\"@type\":\"PropertyValueSpecification\",\"valueRequired\":true,\"valueName\":\"search_term_string\"}}],\"inLanguage\":\"it-IT\"},{\"@type\":\"Organization\",\"@id\":\"https:\/\/www.paguswinetours.com\/it\/#organization\",\"name\":\"Pagus Wine Tours\",\"url\":\"https:\/\/www.paguswinetours.com\/it\/\",\"logo\":{\"@type\":\"ImageObject\",\"inLanguage\":\"it-IT\",\"@id\":\"https:\/\/www.paguswinetours.com\/it\/#\/schema\/logo\/image\/\",\"url\":\"https:\/\/www.paguswinetours.com\/wp-content\/uploads\/logo-2-1.png\",\"contentUrl\":\"https:\/\/www.paguswinetours.com\/wp-content\/uploads\/logo-2-1.png\",\"width\":1172,\"height\":364,\"caption\":\"Pagus Wine Tours\"},\"image\":{\"@id\":\"https:\/\/www.paguswinetours.com\/it\/#\/schema\/logo\/image\/\"},\"sameAs\":[\"https:\/\/www.facebook.com\/paguswinetours\/\",\"https:\/\/www.instagram.com\/paguswinetours\/\",\"https:\/\/www.youtube.com\/channel\/UCMuOOU3pfYQT2zysLFm2u8g\"]}]}<\/script>\n<!-- \/ Yoast SEO plugin. -->","yoast_head_json":{"title":"Privacy Policy - Pagus Wine Tours","robots":{"index":"index","follow":"follow","max-snippet":"max-snippet:-1","max-image-preview":"max-image-preview:large","max-video-preview":"max-video-preview:-1"},"canonical":"https:\/\/www.paguswinetours.com\/it\/privacy-policy\/","og_locale":"it_IT","og_type":"article","og_title":"Privacy Policy - Pagus Wine Tours","og_description":"Informativa sulla Privacy In conformit\u00e0 al regolamento UE 2016\/679, relativo alla protezione dei dati personali, e particolarmente in osservanza dell&#8217;articolo 13 del medesimo regolamento, con la presente pubblicazione la societ\u00e0 denominata Pagus Wine Tours S.A.S. di Canteri Alessia &amp; C. desidera offrire alla propria clientela le seguenti informazioni: i) La titolarit\u00e0 del materiale raccolto e [&hellip;]","og_url":"https:\/\/www.paguswinetours.com\/it\/privacy-policy\/","og_site_name":"Pagus Wine Tours","article_publisher":"https:\/\/www.facebook.com\/paguswinetours\/","article_modified_time":"2024-02-06T17:14:27+00:00","twitter_card":"summary_large_image","twitter_misc":{"Tempo di lettura stimato":"4 minuti"},"schema":{"@context":"https:\/\/schema.org","@graph":[{"@type":"WebPage","@id":"https:\/\/www.paguswinetours.com\/it\/privacy-policy\/","url":"https:\/\/www.paguswinetours.com\/it\/privacy-policy\/","name":"Privacy Policy - Pagus Wine Tours","isPartOf":{"@id":"https:\/\/www.paguswinetours.com\/it\/#website"},"datePublished":"2024-02-06T14:38:59+00:00","dateModified":"2024-02-06T17:14:27+00:00","breadcrumb":{"@id":"https:\/\/www.paguswinetours.com\/it\/privacy-policy\/#breadcrumb"},"inLanguage":"it-IT","potentialAction":[{"@type":"ReadAction","target":["https:\/\/www.paguswinetours.com\/it\/privacy-policy\/"]}]},{"@type":"BreadcrumbList","@id":"https:\/\/www.paguswinetours.com\/it\/privacy-policy\/#breadcrumb","itemListElement":[{"@type":"ListItem","position":1,"name":"Home","item":"https:\/\/www.paguswinetours.com\/it\/"},{"@type":"ListItem","position":2,"name":"Privacy Policy"}]},{"@type":"WebSite","@id":"https:\/\/www.paguswinetours.com\/it\/#website","url":"https:\/\/www.paguswinetours.com\/it\/","name":"Pagus Wine Tours","description":"","publisher":{"@id":"https:\/\/www.paguswinetours.com\/it\/#organization"},"potentialAction":[{"@type":"SearchAction","target":{"@type":"EntryPoint","urlTemplate":"https:\/\/www.paguswinetours.com\/it\/?s={search_term_string}"},"query-input":{"@type":"PropertyValueSpecification","valueRequired":true,"valueName":"search_term_string"}}],"inLanguage":"it-IT"},{"@type":"Organization","@id":"https:\/\/www.paguswinetours.com\/it\/#organization","name":"Pagus Wine Tours","url":"https:\/\/www.paguswinetours.com\/it\/","logo":{"@type":"ImageObject","inLanguage":"it-IT","@id":"https:\/\/www.paguswinetours.com\/it\/#\/schema\/logo\/image\/","url":"https:\/\/www.paguswinetours.com\/wp-content\/uploads\/logo-2-1.png","contentUrl":"https:\/\/www.paguswinetours.com\/wp-content\/uploads\/logo-2-1.png","width":1172,"height":364,"caption":"Pagus Wine Tours"},"image":{"@id":"https:\/\/www.paguswinetours.com\/it\/#\/schema\/logo\/image\/"},"sameAs":["https:\/\/www.facebook.com\/paguswinetours\/","https:\/\/www.instagram.com\/paguswinetours\/","https:\/\/www.youtube.com\/channel\/UCMuOOU3pfYQT2zysLFm2u8g"]}]}},"_links":{"self":[{"href":"https:\/\/www.paguswinetours.com\/it\/wp-json\/wp\/v2\/pages\/7085","targetHints":{"allow":["GET"]}}],"collection":[{"href":"https:\/\/www.paguswinetours.com\/it\/wp-json\/wp\/v2\/pages"}],"about":[{"href":"https:\/\/www.paguswinetours.com\/it\/wp-json\/wp\/v2\/types\/page"}],"author":[{"embeddable":true,"href":"https:\/\/www.paguswinetours.com\/it\/wp-json\/wp\/v2\/users\/1"}],"replies":[{"embeddable":true,"href":"https:\/\/www.paguswinetours.com\/it\/wp-json\/wp\/v2\/comments?post=7085"}],"version-history":[{"count":5,"href":"https:\/\/www.paguswinetours.com\/it\/wp-json\/wp\/v2\/pages\/7085\/revisions"}],"predecessor-version":[{"id":7124,"href":"https:\/\/www.paguswinetours.com\/it\/wp-json\/wp\/v2\/pages\/7085\/revisions\/7124"}],"wp:attachment":[{"href":"https:\/\/www.paguswinetours.com\/it\/wp-json\/wp\/v2\/media?parent=7085"}],"curies":[{"name":"wp","href":"https:\/\/api.w.org\/{rel}","templated":true}]}}